{"id":11676,"date":"2023-04-04T16:01:03","date_gmt":"2023-04-04T13:01:03","guid":{"rendered":"https:\/\/www.panimotuju.fi\/?page_id=11676"},"modified":"2026-03-02T12:40:06","modified_gmt":"2026-03-02T10:40:06","slug":"taproom","status":"publish","type":"page","link":"https:\/\/www.panimotuju.fi\/en\/taproom\/","title":{"rendered":"Taproom"},"content":{"rendered":"\t\t<div data-elementor-type=\"wp-page\" data-elementor-id=\"11676\" class=\"elementor elementor-11676\" data-elementor-post-type=\"page\">\n\t\t\t\t\t\t<section class=\"elementor-section elementor-top-section elementor-element elementor-element-433f86f elementor-section-full_width elementor-section-content-middle elementor-section-height-default elementor-section-height-default\" data-id=\"433f86f\" data-element_type=\"section\" data-e-type=\"section\">\n\t\t\t\t\t\t<div class=\"elementor-container elementor-column-gap-no\">\n\t\t\t\t\t<div class=\"elementor-column elementor-col-100 elementor-top-column elementor-element elementor-element-1e30b32 header-imgt\" data-id=\"1e30b32\" data-element_type=\"column\" data-e-type=\"column\" data-settings=\"{&quot;background_background&quot;:&quot;classic&quot;}\">\n\t\t\t<div class=\"elementor-widget-wrap elementor-element-populated\">\n\t\t\t\t\t\t<div class=\"elementor-element elementor-element-e82e8f9 elementor-widget elementor-widget-image\" data-id=\"e82e8f9\" data-element_type=\"widget\" data-e-type=\"widget\" data-widget_type=\"image.default\">\n\t\t\t\t<div class=\"elementor-widget-container\">\n\t\t\t\t\t\t\t\t\t\t\t\t\t\t\t<img decoding=\"async\" src=\"https:\/\/www.panimotuju.fi\/wp-content\/uploads\/elementor\/thumbs\/taproom_logo-q4ipbw9y6ak4qrji8mjfgmwi9dxg3sqe46rl4k2iv4.png\" title=\"taproom_logo\" alt=\"taproom_logo\" loading=\"lazy\" \/>\t\t\t\t\t\t\t\t\t\t\t\t\t\t\t<\/div>\n\t\t\t\t<\/div>\n\t\t\t\t\t<\/div>\n\t\t<\/div>\n\t\t\t\t\t<\/div>\n\t\t<\/section>\n\t\t\t\t<section class=\"elementor-section elementor-top-section elementor-element elementor-element-1a823e2 elementor-section-boxed elementor-section-height-default elementor-section-height-default\" data-id=\"1a823e2\" data-element_type=\"section\" data-e-type=\"section\">\n\t\t\t\t\t\t<div class=\"elementor-container elementor-column-gap-default\">\n\t\t\t\t\t<div class=\"elementor-column elementor-col-100 elementor-top-column elementor-element elementor-element-647a122\" data-id=\"647a122\" data-element_type=\"column\" data-e-type=\"column\">\n\t\t\t<div class=\"elementor-widget-wrap elementor-element-populated\">\n\t\t\t\t\t\t<div class=\"elementor-element elementor-element-057c8d9 elementor-widget elementor-widget-heading\" data-id=\"057c8d9\" data-element_type=\"widget\" data-e-type=\"widget\" data-widget_type=\"heading.default\">\n\t\t\t\t<div class=\"elementor-widget-container\">\n\t\t\t\t\t<h1 class=\"elementor-heading-title elementor-size-default\">Tuju Taproom <br>on avoinna!<\/h1>\t\t\t\t<\/div>\n\t\t\t\t<\/div>\n\t\t\t\t\t<\/div>\n\t\t<\/div>\n\t\t\t\t\t<\/div>\n\t\t<\/section>\n\t\t\t\t<section class=\"elementor-section elementor-top-section elementor-element elementor-element-bfd8219 elementor-section-boxed elementor-section-height-default elementor-section-height-default\" data-id=\"bfd8219\" data-element_type=\"section\" data-e-type=\"section\">\n\t\t\t\t\t\t<div class=\"elementor-container elementor-column-gap-default\">\n\t\t\t\t\t<div class=\"elementor-column elementor-col-100 elementor-top-column elementor-element elementor-element-bcb0fac\" data-id=\"bcb0fac\" data-element_type=\"column\" data-e-type=\"column\">\n\t\t\t<div class=\"elementor-widget-wrap elementor-element-populated\">\n\t\t\t\t\t\t<div class=\"elementor-element elementor-element-78530a2 elementor-widget elementor-widget-text-editor\" data-id=\"78530a2\" data-element_type=\"widget\" data-e-type=\"widget\" data-widget_type=\"text-editor.default\">\n\t\t\t\t<div class=\"elementor-widget-container\">\n\t\t\t\t\t\t\t\t\t<p>Tuju Taproom, Pizzeria &amp; Shop sijaitsee Lappeenrannan kauniilla Rakuunam\u00e4ell\u00e4. Hanoja taproomissa on 16 kappaletta, jonka lis\u00e4ksi janoista palvelee vaihtuvaa ja laadukas vierasvalikoima ja kylm\u00e4kaapit. Vieraskaapeissa panostamme laadukkaisiin k\u00e4sity\u00f6laisoluisiin ja -siidereihin sek\u00e4 alkoholittomiin panimotuotteisiin. Tuju Taproomilla on eksklusiivinen ulosmyynti omissa tuotteissa aina 12% asti. Taproom l\u00f6ytyy osoitteesta <b>Soittokunnanraitti 3<\/b>.<\/p><p>Ruokimme my\u00f6s n\u00e4lk\u00e4iset, sill\u00e4 meill\u00e4 on tarjolla napolilaistyylist\u00e4 hapanjuuripizzaa, joissa korostuu paikallisuus. Toistaiseksi otamme py\u00f6t\u00e4varauksia vain yli 10 hengen ryhmille. J\u00e4rjest\u00e4mme my\u00f6s\u00a0tastingeja\u00a0ja panimokierroksia. Yhteydenotot suoraan osoitteeseen\u00a0taproom@panimotuju.fi.<\/p><p>Take away -tilaukset onnistuvat my\u00f6s. Otamme noutona ennakkotilauksia vastaan puhelimitse ja k\u00e4yt\u00e4mme my\u00f6s Woltia kotiinkuljetuksissa. Kiireest\u00e4 huolimatta pizzat valmistuvat alle vartissa ja odotellessahan on mukava sipasta vaikka yksi kylm\u00e4 huurteinen Tujun tunnelmallisella terassilla.<\/p><p>Verkkonoutokauppamme palvelee osoitteessa\u00a0<a href=\"https:\/\/www.panimotuju.fi\/kauppa\/\">panimotuju.fi\/kauppa<\/a>\u00a0ja verkkokaupassa tehdyt olutostokset noudetaan Tuju Taproomista tiskilt\u00e4. Huomioithan, ettemme voi ulosmyyd\u00e4 emmek\u00e4 luovuttaa verkkokauppatilauksia klo 21:00 j\u00e4lkeen.<\/p><p>AUKIOLOAJAT:<br \/>MA &#8211; SULJETTU<br \/>TI &#8211; TO 14 &#8211; 22 (keitti\u00f6 21)<br \/>PE 11 &#8211; 00 (keitti\u00f6 23)<br \/>LA 12 &#8211; 00 (keitti\u00f6 23)<br \/>SU 12 &#8211; 20 (keitti\u00f6 19)<\/p><p>POIKKEUKSET AUKIOLOISSA:<br \/><br \/>P\u00c4\u00c4SI\u00c4INEN<br \/>Torstai 2.4.26 &#8211; 14.00-00.00 (keitti\u00f6 14.00-23.00)<br \/>Perjantai 3.4.26 &#8211; 12.00-00.00 (keitti\u00f6 12.00-23.00)<br \/>Lauantai 4.4.26 &#8211; 12.00-00.00 (keitti\u00f6 12.00-23.00)<br \/>Sunnuntai 5.4.26 &#8211; 12.00-22.00 (keitti\u00f6 12.00-21.00)<br \/>Maanantai 6.4.26 &#8211; SULJETTU<\/p><p>VAPPU<br \/>Torstai 30.4.26 &#8211; 14.00-00.00 (keitti\u00f6 14.00-23.00)<br \/>Perjantai 1.5.26 &#8211; 12.00-00.00 (keitti\u00f6 12.00-23.00)<\/p><p>HELATORSTAI<br \/>Keskiviikko 13.5.26 &#8211; 14.00-00.00 (keitti\u00f6 14.00-23.00)<br \/>Torstai 14.5.26 &#8211; 12.00-20.00 (keitti\u00f6 12.00-19.00)<\/p><p>KES\u00c4AUKIOLOAJAT 1.6.-30.8.2026<br \/>Maanantai, tiistai, sunnuntai: 12.00-22.00 (keitti\u00f6 12.00-21.00)<br \/>Keskiviikko-lauantai: 12.00-00.00 (keitti\u00f6 12.00-23.00)<\/p><p>JUHANNUS<br \/>Perjantai 19.6.26 &#8211; 10.00-14.00 (keitti\u00f6 suljettu)<br \/>Lauantai 20.6.26 &#8211; SULJETTU<br \/>Sunnuntai 21.6.26 &#8211; SULJETTU<\/p>\t\t\t\t\t\t\t\t<\/div>\n\t\t\t\t<\/div>\n\t\t\t\t\t<\/div>\n\t\t<\/div>\n\t\t\t\t\t<\/div>\n\t\t<\/section>\n\t\t\t\t<section class=\"elementor-section elementor-top-section elementor-element elementor-element-86c6adc elementor-section-boxed elementor-section-height-default elementor-section-height-default\" data-id=\"86c6adc\" data-element_type=\"section\" data-e-type=\"section\">\n\t\t\t\t\t\t<div class=\"elementor-container elementor-column-gap-default\">\n\t\t\t\t\t<div class=\"elementor-column elementor-col-100 elementor-top-column elementor-element elementor-element-accfd12\" data-id=\"accfd12\" data-element_type=\"column\" data-e-type=\"column\">\n\t\t\t<div class=\"elementor-widget-wrap elementor-element-populated\">\n\t\t\t\t\t\t<div class=\"elementor-element elementor-element-1f007b5 elementor-widget elementor-widget-image\" data-id=\"1f007b5\" data-element_type=\"widget\" data-e-type=\"widget\" data-widget_type=\"image.default\">\n\t\t\t\t<div class=\"elementor-widget-container\">\n\t\t\t\t\t\t\t\t\t\t\t\t\t\t\t\t<a href=\"https:\/\/drive.google.com\/file\/d\/1TKCDgVIxxbsuoY1vn80JSieB075ZMXMP\/view?usp=drive_link\" target=\"_blank\">\n\t\t\t\t\t\t\t<img decoding=\"async\" src=\"https:\/\/www.panimotuju.fi\/wp-content\/uploads\/elementor\/thumbs\/2025_tuju_pizza_logo_300px-rb3twgqy0wdd8xd1kgtjqiyugigw060s2wnyfde5ps.jpg\" title=\"2025_tuju_pizza_logo_300px\" alt=\"2025_tuju_pizza_logo_300px\" loading=\"lazy\" \/>\t\t\t\t\t\t\t\t<\/a>\n\t\t\t\t\t\t\t\t\t\t\t\t\t\t\t<\/div>\n\t\t\t\t<\/div>\n\t\t\t\t<div class=\"elementor-element elementor-element-372ce5e elementor-align-center elementor-widget elementor-widget-button\" data-id=\"372ce5e\" data-element_type=\"widget\" data-e-type=\"widget\" data-widget_type=\"button.default\">\n\t\t\t\t<div class=\"elementor-widget-container\">\n\t\t\t\t\t\t\t\t\t<div class=\"elementor-button-wrapper\">\n\t\t\t\t\t<a class=\"elementor-button elementor-button-link elementor-size-md\" href=\"https:\/\/drive.google.com\/file\/d\/1TKCDgVIxxbsuoY1vn80JSieB075ZMXMP\/view?usp=drive_link\" target=\"_blank\">\n\t\t\t\t\t\t<span class=\"elementor-button-content-wrapper\">\n\t\t\t\t\t\t\t\t\t<span class=\"elementor-button-text\">AVAA PIZZAMENU T\u00c4ST\u00c4!<\/span>\n\t\t\t\t\t<\/span>\n\t\t\t\t\t<\/a>\n\t\t\t\t<\/div>\n\t\t\t\t\t\t\t\t<\/div>\n\t\t\t\t<\/div>\n\t\t\t\t\t<\/div>\n\t\t<\/div>\n\t\t\t\t\t<\/div>\n\t\t<\/section>\n\t\t\t\t<section class=\"elementor-section elementor-top-section elementor-element elementor-element-316c9c7 elementor-section-boxed elementor-section-height-default elementor-section-height-default\" data-id=\"316c9c7\" data-element_type=\"section\" data-e-type=\"section\">\n\t\t\t\t\t\t<div class=\"elementor-container elementor-column-gap-default\">\n\t\t\t\t\t<div class=\"elementor-column elementor-col-100 elementor-top-column elementor-element elementor-element-98c41ac\" data-id=\"98c41ac\" data-element_type=\"column\" data-e-type=\"column\">\n\t\t\t<div class=\"elementor-widget-wrap elementor-element-populated\">\n\t\t\t\t\t\t<div class=\"elementor-element elementor-element-b50ab0e elementor-widget elementor-widget-heading\" data-id=\"b50ab0e\" data-element_type=\"widget\" data-e-type=\"widget\" data-widget_type=\"heading.default\">\n\t\t\t\t<div class=\"elementor-widget-container\">\n\t\t\t\t\t<h1 class=\"elementor-heading-title elementor-size-default\">Taproomin hanassa t\u00e4ll\u00e4 hetkell\u00e4:<\/h1>\t\t\t\t<\/div>\n\t\t\t\t<\/div>\n\t\t\t\t<div class=\"elementor-element elementor-element-d8cecdf elementor-widget elementor-widget-html\" data-id=\"d8cecdf\" data-element_type=\"widget\" data-e-type=\"widget\" data-widget_type=\"html.default\">\n\t\t\t\t<div class=\"elementor-widget-container\">\n\t\t\t\t\t<div id=\"menu-container\"><\/div>\r\n<script type=\"text\/javascript\">\r\n  !function getScript(e,t){var a=document.createElement(\"script\"),n=document.getElementsByTagName(\"script\")[0];a.async=1,n.parentNode.insertBefore(a,n),a.onload=a.onreadystatechange=function(e,n){(n||!a.readyState||\/loaded|complete\/.test(a.readyState))&&(a.onload=a.onreadystatechange=null,a=undefined,n||t&&t())},a.src=e}(\"https:\/\/embed-menu-preloader.untappdapi.com\/embed-menu-preloader.min.js\",function(){PreloadEmbedMenu(\"menu-container\",43828,169372)});\r\n<\/script>\t\t\t\t<\/div>\n\t\t\t\t<\/div>\n\t\t\t\t\t<\/div>\n\t\t<\/div>\n\t\t\t\t\t<\/div>\n\t\t<\/section>\n\t\t\t\t<section class=\"elementor-section elementor-top-section elementor-element elementor-element-d9b10c4 elementor-section-boxed elementor-section-height-default elementor-section-height-default\" data-id=\"d9b10c4\" data-element_type=\"section\" data-e-type=\"section\">\n\t\t\t\t\t\t<div class=\"elementor-container elementor-column-gap-default\">\n\t\t\t\t\t<div class=\"elementor-column elementor-col-100 elementor-top-column elementor-element elementor-element-5dbe7a8\" data-id=\"5dbe7a8\" data-element_type=\"column\" data-e-type=\"column\">\n\t\t\t<div class=\"elementor-widget-wrap\">\n\t\t\t\t\t\t\t<\/div>\n\t\t<\/div>\n\t\t\t\t\t<\/div>\n\t\t<\/section>\n\t\t\t\t<\/div>\n\t\t","protected":false},"excerpt":{"rendered":"<p>Tuju Taproom on avoinna! Tuju Taproom, Pizzeria &amp; Shop sijaitsee Lappeenrannan kauniilla Rakuunam\u00e4ell\u00e4. Hanoja taproomissa on 16 kappaletta, jonka lis\u00e4ksi janoista palvelee vaihtuvaa ja laadukas vierasvalikoima ja kylm\u00e4kaapit. Vieraskaapeissa panostamme laadukkaisiin k\u00e4sity\u00f6laisoluisiin ja -siidereihin sek\u00e4 alkoholittomiin panimotuotteisiin. Tuju Taproomilla on eksklusiivinen ulosmyynti omissa tuotteissa aina 12% asti. Taproom l\u00f6ytyy osoitteesta Soittokunnanraitti 3. Ruokimme my\u00f6s n\u00e4lk\u00e4iset, &hellip; <\/p>\n<p class=\"link-more\"><a href=\"https:\/\/www.panimotuju.fi\/en\/taproom\/\" class=\"more-link\">Read more<span class=\"screen-reader-text\"> &#8221;Taproom&#8221;<\/span><\/a><\/p>","protected":false},"author":1,"featured_media":0,"parent":0,"menu_order":0,"comment_status":"closed","ping_status":"closed","template":"elementor_header_footer","meta":{"footnotes":""},"class_list":["post-11676","page","type-page","status-publish","hentry"],"jetpack_sharing_enabled":true,"_links":{"self":[{"href":"https:\/\/www.panimotuju.fi\/en\/wp-json\/wp\/v2\/pages\/11676","targetHints":{"allow":["GET"]}}],"collection":[{"href":"https:\/\/www.panimotuju.fi\/en\/wp-json\/wp\/v2\/pages"}],"about":[{"href":"https:\/\/www.panimotuju.fi\/en\/wp-json\/wp\/v2\/types\/page"}],"author":[{"embeddable":true,"href":"https:\/\/www.panimotuju.fi\/en\/wp-json\/wp\/v2\/users\/1"}],"replies":[{"embeddable":true,"href":"https:\/\/www.panimotuju.fi\/en\/wp-json\/wp\/v2\/comments?post=11676"}],"version-history":[{"count":250,"href":"https:\/\/www.panimotuju.fi\/en\/wp-json\/wp\/v2\/pages\/11676\/revisions"}],"predecessor-version":[{"id":20041,"href":"https:\/\/www.panimotuju.fi\/en\/wp-json\/wp\/v2\/pages\/11676\/revisions\/20041"}],"wp:attachment":[{"href":"https:\/\/www.panimotuju.fi\/en\/wp-json\/wp\/v2\/media?parent=11676"}],"curies":[{"name":"wp","href":"https:\/\/api.w.org\/{rel}","templated":true}]}}