{"id":18636,"date":"2025-09-01T16:18:02","date_gmt":"2025-09-01T13:18:02","guid":{"rendered":"https:\/\/www.panimotuju.fi\/?page_id=18636"},"modified":"2026-01-19T13:59:45","modified_gmt":"2026-01-19T11:59:45","slug":"mrc","status":"publish","type":"page","link":"https:\/\/www.panimotuju.fi\/en\/mrc\/","title":{"rendered":"MRC"},"content":{"rendered":"<div data-elementor-type=\"wp-page\" data-elementor-id=\"18636\" class=\"elementor elementor-18636\" data-elementor-post-type=\"page\">\n\t\t\t\t\t\t<section class=\"elementor-section elementor-top-section elementor-element elementor-element-6490179 elementor-section-full_width elementor-section-content-middle elementor-section-height-default elementor-section-height-default\" data-id=\"6490179\" data-element_type=\"section\" data-e-type=\"section\" data-settings=\"{&quot;background_background&quot;:&quot;classic&quot;}\">\n\t\t\t\t\t\t<div class=\"elementor-container elementor-column-gap-no\">\n\t\t\t\t\t<div class=\"elementor-column elementor-col-100 elementor-top-column elementor-element elementor-element-f5a4b05 header-imgt\" data-id=\"f5a4b05\" data-element_type=\"column\" data-e-type=\"column\" data-settings=\"{&quot;background_background&quot;:&quot;classic&quot;}\">\n\t\t\t<div class=\"elementor-widget-wrap elementor-element-populated\">\n\t\t\t\t\t<div class=\"elementor-background-overlay\"><\/div>\n\t\t\t\t\t\t<div class=\"elementor-element elementor-element-c8e056b elementor-widget elementor-widget-image\" data-id=\"c8e056b\" data-element_type=\"widget\" data-e-type=\"widget\" data-widget_type=\"image.default\">\n\t\t\t\t<div class=\"elementor-widget-container\">\n\t\t\t\t\t\t\t\t\t\t\t\t\t\t\t<img decoding=\"async\" src=\"https:\/\/www.panimotuju.fi\/wp-content\/uploads\/elementor\/thumbs\/2026_tuju_lepra_mrc_1600x1160-rhvskzvbzxb12iez1a2nf6lxkkrygm6w5c7647rytc.jpg\" title=\"2026_tuju_lepra_mrc_1600x1160\" alt=\"2026_tuju_lepra_mrc_1600x1160\" loading=\"lazy\" \/>\t\t\t\t\t\t\t\t\t\t\t\t\t\t\t<\/div>\n\t\t\t\t<\/div>\n\t\t\t\t\t<\/div>\n\t\t<\/div>\n\t\t\t\t\t<\/div>\n\t\t<\/section>\n\t\t\t\t<section class=\"elementor-section elementor-top-section elementor-element elementor-element-e75b784 elementor-section-boxed elementor-section-height-default elementor-section-height-default\" data-id=\"e75b784\" data-element_type=\"section\" data-e-type=\"section\">\n\t\t\t\t\t\t<div class=\"elementor-container elementor-column-gap-default\">\n\t\t\t\t\t<div class=\"elementor-column elementor-col-100 elementor-top-column elementor-element elementor-element-bf8fac8\" data-id=\"bf8fac8\" data-element_type=\"column\" data-e-type=\"column\">\n\t\t\t<div class=\"elementor-widget-wrap elementor-element-populated\">\n\t\t\t\t\t\t<div class=\"elementor-element elementor-element-80ad59b elementor-widget__width-initial elementor-widget elementor-widget-heading\" data-id=\"80ad59b\" data-element_type=\"widget\" data-e-type=\"widget\" data-widget_type=\"heading.default\">\n\t\t\t\t<div class=\"elementor-widget-container\">\n\t\t\t\t\t<h1 class=\"elementor-heading-title elementor-size-default\">MRC LAPPEENRANTA<\/h1>\t\t\t\t<\/div>\n\t\t\t\t<\/div>\n\t\t\t\t\t<\/div>\n\t\t<\/div>\n\t\t\t\t\t<\/div>\n\t\t<\/section>\n\t\t\t\t<section class=\"elementor-section elementor-top-section elementor-element elementor-element-bdb45ab elementor-section-boxed elementor-section-height-default elementor-section-height-default\" data-id=\"bdb45ab\" data-element_type=\"section\" data-e-type=\"section\">\n\t\t\t\t\t\t<div class=\"elementor-container elementor-column-gap-default\">\n\t\t\t\t\t<div class=\"elementor-column elementor-col-100 elementor-top-column elementor-element elementor-element-c4e9a72\" data-id=\"c4e9a72\" data-element_type=\"column\" data-e-type=\"column\">\n\t\t\t<div class=\"elementor-widget-wrap elementor-element-populated\">\n\t\t\t\t\t\t<div class=\"elementor-element elementor-element-82b8f7f elementor-widget elementor-widget-text-editor\" data-id=\"82b8f7f\" data-element_type=\"widget\" data-e-type=\"widget\" data-widget_type=\"text-editor.default\">\n\t\t\t\t<div class=\"elementor-widget-container\">\n\t\t\t\t\t\t\t\t\t<p class=\"translation-block\">Tuju Taproom is part of the Mikkeller Running Club \u2013 a global beer-running community with chapters in 37 countries around the world.<br><br>\nOur runs are open to everyone. Weekly runs usually take place on Wednesdays at 6:30 PM, with a distance of around 7 km. Every third Saturday of the month, we organize a special run starting at 1:00 PM.<br><br>\nThe runs are held at a relaxed pace, so you don\u2019t need to be in marathon shape - it\u2019s not about the distance, but the destination.<\/p><p>You can find more detailed information via the link.<\/p>\t\t\t\t\t\t\t\t<\/div>\n\t\t\t\t<\/div>\n\t\t\t\t\t<\/div>\n\t\t<\/div>\n\t\t\t\t\t<\/div>\n\t\t<\/section>\n\t\t\t\t<section class=\"elementor-section elementor-top-section elementor-element elementor-element-7d6fecf elementor-section-boxed elementor-section-height-default elementor-section-height-default\" data-id=\"7d6fecf\" data-element_type=\"section\" data-e-type=\"section\">\n\t\t\t\t\t\t<div class=\"elementor-container elementor-column-gap-default\">\n\t\t\t\t\t<div class=\"elementor-column elementor-col-50 elementor-top-column elementor-element elementor-element-9cae9e9\" data-id=\"9cae9e9\" data-element_type=\"column\" data-e-type=\"column\">\n\t\t\t<div class=\"elementor-widget-wrap elementor-element-populated\">\n\t\t\t\t\t\t<div class=\"elementor-element elementor-element-debf2aa juoksut elementor-widget elementor-widget-text-editor\" data-id=\"debf2aa\" data-element_type=\"widget\" data-e-type=\"widget\" data-widget_type=\"text-editor.default\">\n\t\t\t\t<div class=\"elementor-widget-container\">\n\t\t\t\t\t\t\t\t\t<p><a href=\"https:\/\/tapahtumat.lappeenranta.fi\/en-FI\/page\/694bea491fc9c5000760f5ae\/mikkeller-running-club-lappeenranta-keskiviikkojuoksu\" target=\"_blank\" rel=\"noopener\">Every week<\/a><\/p>\t\t\t\t\t\t\t\t<\/div>\n\t\t\t\t<\/div>\n\t\t\t\t<div class=\"elementor-element elementor-element-40089fd juoksut elementor-widget elementor-widget-text-editor\" data-id=\"40089fd\" data-element_type=\"widget\" data-e-type=\"widget\" data-widget_type=\"text-editor.default\">\n\t\t\t\t<div class=\"elementor-widget-container\">\n\t\t\t\t\t\t\t\t\t<p><a href=\"https:\/\/tapahtumat.lappeenranta.fi\/en-FI\/page\/694bea491fc9c5000760f5ae\/mikkeller-running-club-lappeenranta-keskiviikkojuoksu\" target=\"_blank\" rel=\"noopener\">Wednesday run<\/a><\/p>\t\t\t\t\t\t\t\t<\/div>\n\t\t\t\t<\/div>\n\t\t\t\t\t<\/div>\n\t\t<\/div>\n\t\t\t\t<div class=\"elementor-column elementor-col-50 elementor-top-column elementor-element elementor-element-f5acf6e\" data-id=\"f5acf6e\" data-element_type=\"column\" data-e-type=\"column\">\n\t\t\t<div class=\"elementor-widget-wrap elementor-element-populated\">\n\t\t\t\t\t\t<div class=\"elementor-element elementor-element-74760bc juoksut elementor-widget elementor-widget-text-editor\" data-id=\"74760bc\" data-element_type=\"widget\" data-e-type=\"widget\" data-widget_type=\"text-editor.default\">\n\t\t\t\t<div class=\"elementor-widget-container\">\n\t\t\t\t\t\t\t\t\t<p><a href=\"https:\/\/tapahtumat.lappeenranta.fi\/en-FI\/page\/696000e6efcf87000779961e\/mikkeller-running-club-lappeenranta-saturday-run\" target=\"_blank\" rel=\"noopener\">Every month<\/a><\/p>\t\t\t\t\t\t\t\t<\/div>\n\t\t\t\t<\/div>\n\t\t\t\t<div class=\"elementor-element elementor-element-cddc0bd juoksut elementor-widget elementor-widget-text-editor\" data-id=\"cddc0bd\" data-element_type=\"widget\" data-e-type=\"widget\" data-widget_type=\"text-editor.default\">\n\t\t\t\t<div class=\"elementor-widget-container\">\n\t\t\t\t\t\t\t\t\t<p><a href=\"https:\/\/tapahtumat.lappeenranta.fi\/en-FI\/page\/696000e6efcf87000779961e\/mikkeller-running-club-lappeenranta-saturday-run\" target=\"_blank\" rel=\"noopener\">Saturday run<\/a><\/p>\t\t\t\t\t\t\t\t<\/div>\n\t\t\t\t<\/div>\n\t\t\t\t\t<\/div>\n\t\t<\/div>\n\t\t\t\t\t<\/div>\n\t\t<\/section>\n\t\t\t\t<section class=\"elementor-section elementor-top-section elementor-element elementor-element-cd8b9c2 elementor-section-boxed elementor-section-height-default elementor-section-height-default\" data-id=\"cd8b9c2\" data-element_type=\"section\" data-e-type=\"section\">\n\t\t\t\t\t\t<div class=\"elementor-container elementor-column-gap-default\">\n\t\t\t\t\t<div class=\"elementor-column elementor-col-100 elementor-top-column elementor-element elementor-element-4a59009\" data-id=\"4a59009\" data-element_type=\"column\" data-e-type=\"column\">\n\t\t\t<div class=\"elementor-widget-wrap elementor-element-populated\">\n\t\t\t\t\t\t<div class=\"elementor-element elementor-element-fc19aaf elementor-widget__width-initial elementor-widget elementor-widget-heading\" data-id=\"fc19aaf\" data-element_type=\"widget\" data-e-type=\"widget\" data-widget_type=\"heading.default\">\n\t\t\t\t<div class=\"elementor-widget-container\">\n\t\t\t\t\t<h1 class=\"elementor-heading-title elementor-size-default\">What is MRC?<\/h1>\t\t\t\t<\/div>\n\t\t\t\t<\/div>\n\t\t\t\t\t<\/div>\n\t\t<\/div>\n\t\t\t\t\t<\/div>\n\t\t<\/section>\n\t\t\t\t<section class=\"elementor-section elementor-top-section elementor-element elementor-element-86ffafe elementor-section-boxed elementor-section-height-default elementor-section-height-default\" data-id=\"86ffafe\" data-element_type=\"section\" data-e-type=\"section\">\n\t\t\t\t\t\t<div class=\"elementor-container elementor-column-gap-default\">\n\t\t\t\t\t<div class=\"elementor-column elementor-col-100 elementor-top-column elementor-element elementor-element-8469a6f\" data-id=\"8469a6f\" data-element_type=\"column\" data-e-type=\"column\">\n\t\t\t<div class=\"elementor-widget-wrap elementor-element-populated\">\n\t\t\t\t\t\t<div class=\"elementor-element elementor-element-e99bcfd elementor-widget elementor-widget-text-editor\" data-id=\"e99bcfd\" data-element_type=\"widget\" data-e-type=\"widget\" data-widget_type=\"text-editor.default\">\n\t\t\t\t<div class=\"elementor-widget-container\">\n\t\t\t\t\t\t\t\t\t<p class=\"translation-block\">MRC is an international running club that brings together running, friendship, and a love for great beer. Our philosophy is simple: <strong>first we run \u2013 then we celebrate!<\/strong> Everyone is welcome, and there are always non-alcoholic options available.<\/p><p>Join your local chapter with the free Mikkeller Running Club app \u2013 everything about MRC in one place. Get your membership card, redeem your benefits, stay up to date on local and international events, and connect with chapters all over the world. Whether you run for the beer, the community, or simply the joy of moving, our app brings it all together.<\/p><p class=\"translation-block\">When you join, you\u2019ll receive your personal MRC membership card, which gives you <strong>10% off at all Mikkeller bars and clubhouses<\/strong> and access to exclusive benefits from our partners.<\/p>\t\t\t\t\t\t\t\t<\/div>\n\t\t\t\t<\/div>\n\t\t\t\t\t<\/div>\n\t\t<\/div>\n\t\t\t\t\t<\/div>\n\t\t<\/section>\n\t\t\t\t<section class=\"elementor-section elementor-top-section elementor-element elementor-element-ffee693 elementor-section-boxed elementor-section-height-default elementor-section-height-default\" data-id=\"ffee693\" data-element_type=\"section\" data-e-type=\"section\">\n\t\t\t\t\t\t<div class=\"elementor-container elementor-column-gap-default\">\n\t\t\t\t\t<div class=\"elementor-column elementor-col-100 elementor-top-column elementor-element elementor-element-320effc\" data-id=\"320effc\" data-element_type=\"column\" data-e-type=\"column\">\n\t\t\t<div class=\"elementor-widget-wrap elementor-element-populated\">\n\t\t\t\t\t\t<div class=\"elementor-element elementor-element-92d5d47 elementor-widget elementor-widget-image\" data-id=\"92d5d47\" data-element_type=\"widget\" data-e-type=\"widget\" data-widget_type=\"image.default\">\n\t\t\t\t<div class=\"elementor-widget-container\">\n\t\t\t\t\t\t\t\t\t\t\t\t\t\t\t<img decoding=\"async\" src=\"https:\/\/www.panimotuju.fi\/wp-content\/uploads\/elementor\/thumbs\/mikkeller_app-rb45xnn6nkf5cmsyrm6mgbyhy5365jwg4ctgfw2txc.png\" title=\"mikkeller_app\" alt=\"mikkeller_app\" loading=\"lazy\" \/>\t\t\t\t\t\t\t\t\t\t\t\t\t\t\t<\/div>\n\t\t\t\t<\/div>\n\t\t\t\t\t<\/div>\n\t\t<\/div>\n\t\t\t\t\t<\/div>\n\t\t<\/section>\n\t\t\t\t<section class=\"elementor-section elementor-top-section elementor-element elementor-element-4fac5e8 elementor-section-boxed elementor-section-height-default elementor-section-height-default\" data-id=\"4fac5e8\" data-element_type=\"section\" data-e-type=\"section\">\n\t\t\t\t\t\t<div class=\"elementor-container elementor-column-gap-default\">\n\t\t\t\t\t<div class=\"elementor-column elementor-col-100 elementor-top-column elementor-element elementor-element-04f209e\" data-id=\"04f209e\" data-element_type=\"column\" data-e-type=\"column\">\n\t\t\t<div class=\"elementor-widget-wrap elementor-element-populated\">\n\t\t\t\t\t\t<div class=\"elementor-element elementor-element-abd579c elementor-widget elementor-widget-text-editor\" data-id=\"abd579c\" data-element_type=\"widget\" data-e-type=\"widget\" data-widget_type=\"text-editor.default\">\n\t\t\t\t<div class=\"elementor-widget-container\">\n\t\t\t\t\t\t\t\t\t<p><strong>DOWNLOAD THE APP AND JOIN!<\/strong><\/p>\t\t\t\t\t\t\t\t<\/div>\n\t\t\t\t<\/div>\n\t\t\t\t\t<\/div>\n\t\t<\/div>\n\t\t\t\t\t<\/div>\n\t\t<\/section>\n\t\t\t\t<section class=\"elementor-section elementor-top-section elementor-element elementor-element-f3ff88a elementor-section-boxed elementor-section-height-default elementor-section-height-default\" data-id=\"f3ff88a\" data-element_type=\"section\" data-e-type=\"section\">\n\t\t\t\t\t\t<div class=\"elementor-container elementor-column-gap-default\">\n\t\t\t\t\t<div class=\"elementor-column elementor-col-50 elementor-top-column elementor-element elementor-element-10e5693\" data-id=\"10e5693\" data-element_type=\"column\" data-e-type=\"column\">\n\t\t\t<div class=\"elementor-widget-wrap elementor-element-populated\">\n\t\t\t\t\t\t<div class=\"elementor-element elementor-element-5ae0891 elementor-widget elementor-widget-image\" data-id=\"5ae0891\" data-element_type=\"widget\" data-e-type=\"widget\" data-widget_type=\"image.default\">\n\t\t\t\t<div class=\"elementor-widget-container\">\n\t\t\t\t\t\t\t\t\t\t\t\t\t\t\t\t<a href=\"https:\/\/apps.apple.com\/us\/app\/mikkeller-running-club\/id6745568854\" target=\"_blank\">\n\t\t\t\t\t\t\t<img decoding=\"async\" src=\"https:\/\/www.panimotuju.fi\/wp-content\/uploads\/elementor\/thumbs\/mikkeller_app_iphone-rb47v3xvmvhgvrs56dviptxltdul0b8mioajkuj5ds.png\" title=\"mikkeller_app_iphone\" alt=\"mikkeller_app_iphone\" loading=\"lazy\" \/>\t\t\t\t\t\t\t\t<\/a>\n\t\t\t\t\t\t\t\t\t\t\t\t\t\t\t<\/div>\n\t\t\t\t<\/div>\n\t\t\t\t\t<\/div>\n\t\t<\/div>\n\t\t\t\t<div class=\"elementor-column elementor-col-50 elementor-top-column elementor-element elementor-element-2991f54\" data-id=\"2991f54\" data-element_type=\"column\" data-e-type=\"column\">\n\t\t\t<div class=\"elementor-widget-wrap elementor-element-populated\">\n\t\t\t\t\t\t<div class=\"elementor-element elementor-element-0fede79 elementor-widget elementor-widget-image\" data-id=\"0fede79\" data-element_type=\"widget\" data-e-type=\"widget\" data-widget_type=\"image.default\">\n\t\t\t\t<div class=\"elementor-widget-container\">\n\t\t\t\t\t\t\t\t\t\t\t\t\t\t\t\t<a href=\"https:\/\/play.google.com\/store\/apps\/details?id=com.myloyal.mikkeller\" target=\"_blank\">\n\t\t\t\t\t\t\t<img decoding=\"async\" src=\"https:\/\/www.panimotuju.fi\/wp-content\/uploads\/elementor\/thumbs\/mikkeller_app_android-rb47vizao8221j6aqkdjtq4zbjsgfgwbwqqb99wum8.png\" title=\"mikkeller_app_android\" alt=\"mikkeller_app_android\" loading=\"lazy\" \/>\t\t\t\t\t\t\t\t<\/a>\n\t\t\t\t\t\t\t\t\t\t\t\t\t\t\t<\/div>\n\t\t\t\t<\/div>\n\t\t\t\t\t<\/div>\n\t\t<\/div>\n\t\t\t\t\t<\/div>\n\t\t<\/section>\n\t\t\t\t<section class=\"elementor-section elementor-top-section elementor-element elementor-element-988d88e elementor-section-boxed elementor-section-height-default elementor-section-height-default\" data-id=\"988d88e\" data-element_type=\"section\" data-e-type=\"section\">\n\t\t\t\t\t\t<div class=\"elementor-container elementor-column-gap-default\">\n\t\t\t\t\t<div class=\"elementor-column elementor-col-100 elementor-top-column elementor-element elementor-element-9c59230\" data-id=\"9c59230\" data-element_type=\"column\" data-e-type=\"column\">\n\t\t\t<div class=\"elementor-widget-wrap elementor-element-populated\">\n\t\t\t\t\t\t<div class=\"elementor-element elementor-element-74458ee elementor-widget elementor-widget-text-editor\" data-id=\"74458ee\" data-element_type=\"widget\" data-e-type=\"widget\" data-widget_type=\"text-editor.default\">\n\t\t\t\t<div class=\"elementor-widget-container\">\n\t\t\t\t\t\t\t\t\t<p>Read more about how we handle the data from our members in our\u00a0<a href=\"https:\/\/www.mikkeller.com\/privacy-policy#InformationYouProvideDirectly\" target=\"_blank\" rel=\"noopener\">Privacy Policy<\/a>.<\/p>\t\t\t\t\t\t\t\t<\/div>\n\t\t\t\t<\/div>\n\t\t\t\t\t<\/div>\n\t\t<\/div>\n\t\t\t\t\t<\/div>\n\t\t<\/section>\n\t\t\t\t<section class=\"elementor-section elementor-top-section elementor-element elementor-element-a32509b elementor-section-boxed elementor-section-height-default elementor-section-height-default\" data-id=\"a32509b\" data-element_type=\"section\" data-e-type=\"section\">\n\t\t\t\t\t\t<div class=\"elementor-container elementor-column-gap-default\">\n\t\t\t\t\t<div class=\"elementor-column elementor-col-100 elementor-top-column elementor-element elementor-element-13512b3\" data-id=\"13512b3\" data-element_type=\"column\" data-e-type=\"column\">\n\t\t\t<div class=\"elementor-widget-wrap elementor-element-populated\">\n\t\t\t\t\t\t<div class=\"elementor-element elementor-element-0824077 elementor-widget__width-initial elementor-widget elementor-widget-heading\" data-id=\"0824077\" data-element_type=\"widget\" data-e-type=\"widget\" data-widget_type=\"heading.default\">\n\t\t\t\t<div class=\"elementor-widget-container\">\n\t\t\t\t\t<h1 class=\"elementor-heading-title elementor-size-default\">How did it all begin?<\/h1>\t\t\t\t<\/div>\n\t\t\t\t<\/div>\n\t\t\t\t\t<\/div>\n\t\t<\/div>\n\t\t\t\t\t<\/div>\n\t\t<\/section>\n\t\t\t\t<section class=\"elementor-section elementor-top-section elementor-element elementor-element-dbeead8 elementor-section-boxed elementor-section-height-default elementor-section-height-default\" data-id=\"dbeead8\" data-element_type=\"section\" data-e-type=\"section\">\n\t\t\t\t\t\t<div class=\"elementor-container elementor-column-gap-default\">\n\t\t\t\t\t<div class=\"elementor-column elementor-col-100 elementor-top-column elementor-element elementor-element-1d73cfa\" data-id=\"1d73cfa\" data-element_type=\"column\" data-e-type=\"column\">\n\t\t\t<div class=\"elementor-widget-wrap elementor-element-populated\">\n\t\t\t\t\t\t<div class=\"elementor-element elementor-element-45f850f elementor-widget elementor-widget-text-editor\" data-id=\"45f850f\" data-element_type=\"widget\" data-e-type=\"widget\" data-widget_type=\"text-editor.default\">\n\t\t\t\t<div class=\"elementor-widget-container\">\n\t\t\t\t\t\t\t\t\t<p>Mikkeller Running Club was born over 10 years ago in Copenhagen. A group of friends got together to shed some \u201cbeer weight\u201d \u2013 and rewarded themselves with a post-run beer. Week by week, the group grew. Today, MRC is a global community with over 100 local chapters worldwide. Members meet every first Saturday of the month and travel together to beer festivals and other events.<\/p>\t\t\t\t\t\t\t\t<\/div>\n\t\t\t\t<\/div>\n\t\t\t\t\t<\/div>\n\t\t<\/div>\n\t\t\t\t\t<\/div>\n\t\t<\/section>\n\t\t\t\t<section class=\"elementor-section elementor-top-section elementor-element elementor-element-9a41282 elementor-section-full_width elementor-section-content-middle elementor-section-height-default elementor-section-height-default\" data-id=\"9a41282\" data-element_type=\"section\" data-e-type=\"section\">\n\t\t\t\t\t\t<div class=\"elementor-container elementor-column-gap-no\">\n\t\t\t\t\t<div class=\"elementor-column elementor-col-100 elementor-top-column elementor-element elementor-element-bedbf8d header-imgt\" data-id=\"bedbf8d\" data-element_type=\"column\" data-e-type=\"column\" data-settings=\"{&quot;background_background&quot;:&quot;classic&quot;}\">\n\t\t\t<div class=\"elementor-widget-wrap elementor-element-populated\">\n\t\t\t\t\t\t<div class=\"elementor-element elementor-element-1abe687 elementor-hidden-mobile elementor-widget elementor-widget-image\" data-id=\"1abe687\" data-element_type=\"widget\" data-e-type=\"widget\" data-widget_type=\"image.default\">\n\t\t\t\t<div class=\"elementor-widget-container\">\n\t\t\t\t\t\t\t\t\t\t\t\t\t\t\t<img fetchpriority=\"high\" decoding=\"async\" width=\"2560\" height=\"911\" src=\"https:\/\/www.panimotuju.fi\/wp-content\/uploads\/2025\/09\/mikkeller_kuva-scaled.webp\" class=\"attachment-full size-full wp-image-18652\" alt=\"\" srcset=\"https:\/\/www.panimotuju.fi\/wp-content\/uploads\/2025\/09\/mikkeller_kuva-scaled.webp 2560w, https:\/\/www.panimotuju.fi\/wp-content\/uploads\/2025\/09\/mikkeller_kuva-300x107.webp 300w, https:\/\/www.panimotuju.fi\/wp-content\/uploads\/2025\/09\/mikkeller_kuva-1024x364.webp 1024w, https:\/\/www.panimotuju.fi\/wp-content\/uploads\/2025\/09\/mikkeller_kuva-768x273.webp 768w, https:\/\/www.panimotuju.fi\/wp-content\/uploads\/2025\/09\/mikkeller_kuva-1536x546.webp 1536w, https:\/\/www.panimotuju.fi\/wp-content\/uploads\/2025\/09\/mikkeller_kuva-2048x729.webp 2048w, https:\/\/www.panimotuju.fi\/wp-content\/uploads\/2025\/09\/mikkeller_kuva-18x6.webp 18w, https:\/\/www.panimotuju.fi\/wp-content\/uploads\/2025\/09\/mikkeller_kuva-2000x712.webp 2000w, https:\/\/www.panimotuju.fi\/wp-content\/uploads\/2025\/09\/mikkeller_kuva-600x213.webp 600w\" sizes=\"100vw\" \/>\t\t\t\t\t\t\t\t\t\t\t\t\t\t\t<\/div>\n\t\t\t\t<\/div>\n\t\t\t\t<div class=\"elementor-element elementor-element-ffae82b elementor-hidden-desktop elementor-hidden-tablet elementor-widget elementor-widget-image\" data-id=\"ffae82b\" data-element_type=\"widget\" data-e-type=\"widget\" data-widget_type=\"image.default\">\n\t\t\t\t<div class=\"elementor-widget-container\">\n\t\t\t\t\t\t\t\t\t\t\t\t\t\t\t<img decoding=\"async\" width=\"1200\" height=\"968\" src=\"https:\/\/www.panimotuju.fi\/wp-content\/uploads\/2025\/09\/mikkeller_kuva_m.webp\" class=\"attachment-full size-full wp-image-18659\" alt=\"\" srcset=\"https:\/\/www.panimotuju.fi\/wp-content\/uploads\/2025\/09\/mikkeller_kuva_m.webp 1200w, https:\/\/www.panimotuju.fi\/wp-content\/uploads\/2025\/09\/mikkeller_kuva_m-300x242.webp 300w, https:\/\/www.panimotuju.fi\/wp-content\/uploads\/2025\/09\/mikkeller_kuva_m-1024x826.webp 1024w, https:\/\/www.panimotuju.fi\/wp-content\/uploads\/2025\/09\/mikkeller_kuva_m-768x620.webp 768w, https:\/\/www.panimotuju.fi\/wp-content\/uploads\/2025\/09\/mikkeller_kuva_m-15x12.webp 15w, https:\/\/www.panimotuju.fi\/wp-content\/uploads\/2025\/09\/mikkeller_kuva_m-600x484.webp 600w\" sizes=\"100vw\" \/>\t\t\t\t\t\t\t\t\t\t\t\t\t\t\t<\/div>\n\t\t\t\t<\/div>\n\t\t\t\t\t<\/div>\n\t\t<\/div>\n\t\t\t\t\t<\/div>\n\t\t<\/section>\n\t\t\t\t<\/div>","protected":false},"excerpt":{"rendered":"<p>MRC LAPPEENRANTA Tuju Taproom on osa Mikkeller Running Clubia \u2013 maailmanlaajuista olutjuoksuyhteis\u00f6\u00e4, jolla on osastoja 37 maassa. Kaikille avoimet viikkojuoksut ovat p\u00e4\u00e4s\u00e4\u00e4nt\u00f6isesti keskiviikkoisin klo 18:30. Lenkin pituus on n.7km. Joka kuukauden kolmas lauantai j\u00e4rjestet\u00e4\u00e4n erityisjuoksu klo 13:00. Juoksut k\u00e4yd\u00e4\u00e4n rennolla vauhdilla, joten sinun ei tarvitse olla maratonkunnossa: t\u00e4ss\u00e4 ei ole kyse matkasta, vaan p\u00e4\u00e4m\u00e4\u00e4r\u00e4st\u00e4. Tarkemmat &hellip; <\/p>\n<p class=\"link-more\"><a href=\"https:\/\/www.panimotuju.fi\/en\/mrc\/\" class=\"more-link\">Read more<span class=\"screen-reader-text\"> &#8221;MRC&#8221;<\/span><\/a><\/p>","protected":false},"author":1,"featured_media":0,"parent":0,"menu_order":0,"comment_status":"closed","ping_status":"closed","template":"elementor_header_footer","meta":{"footnotes":""},"class_list":["post-18636","page","type-page","status-publish","hentry"],"jetpack_sharing_enabled":true,"_links":{"self":[{"href":"https:\/\/www.panimotuju.fi\/en\/wp-json\/wp\/v2\/pages\/18636","targetHints":{"allow":["GET"]}}],"collection":[{"href":"https:\/\/www.panimotuju.fi\/en\/wp-json\/wp\/v2\/pages"}],"about":[{"href":"https:\/\/www.panimotuju.fi\/en\/wp-json\/wp\/v2\/types\/page"}],"author":[{"embeddable":true,"href":"https:\/\/www.panimotuju.fi\/en\/wp-json\/wp\/v2\/users\/1"}],"replies":[{"embeddable":true,"href":"https:\/\/www.panimotuju.fi\/en\/wp-json\/wp\/v2\/comments?post=18636"}],"version-history":[{"count":49,"href":"https:\/\/www.panimotuju.fi\/en\/wp-json\/wp\/v2\/pages\/18636\/revisions"}],"predecessor-version":[{"id":19772,"href":"https:\/\/www.panimotuju.fi\/en\/wp-json\/wp\/v2\/pages\/18636\/revisions\/19772"}],"wp:attachment":[{"href":"https:\/\/www.panimotuju.fi\/en\/wp-json\/wp\/v2\/media?parent=18636"}],"curies":[{"name":"wp","href":"https:\/\/api.w.org\/{rel}","templated":true}]}}