{"id":7343,"date":"2022-02-07T11:56:15","date_gmt":"2022-02-07T09:56:15","guid":{"rendered":"https:\/\/www.it-varaani.fi\/demo\/tuju\/?page_id=7343"},"modified":"2024-10-04T07:02:01","modified_gmt":"2024-10-04T04:02:01","slug":"refund_returns","status":"publish","type":"page","link":"https:\/\/www.panimotuju.fi\/en\/refund_returns\/","title":{"rendered":"Terms and conditions"},"content":{"rendered":"<p class=\"has-medium-font-size\"><strong>Verkkonoutokaupan maksutavat<\/strong><\/p>\n\n\n\n<figure class=\"wp-block-image size-large\"><img fetchpriority=\"high\" decoding=\"async\" width=\"1024\" height=\"205\" src=\"https:\/\/www.panimotuju.fi\/wp-content\/uploads\/2022\/02\/Paytrail-banneri-pankit-visa-mastercard-mobilepay-walley-1024x205.png\" alt=\"\" class=\"wp-image-8521\" srcset=\"https:\/\/www.panimotuju.fi\/wp-content\/uploads\/2022\/02\/Paytrail-banneri-pankit-visa-mastercard-mobilepay-walley-1024x205.png 1024w, https:\/\/www.panimotuju.fi\/wp-content\/uploads\/2022\/02\/Paytrail-banneri-pankit-visa-mastercard-mobilepay-walley-300x60.png 300w, https:\/\/www.panimotuju.fi\/wp-content\/uploads\/2022\/02\/Paytrail-banneri-pankit-visa-mastercard-mobilepay-walley-768x154.png 768w, https:\/\/www.panimotuju.fi\/wp-content\/uploads\/2022\/02\/Paytrail-banneri-pankit-visa-mastercard-mobilepay-walley-1536x307.png 1536w, https:\/\/www.panimotuju.fi\/wp-content\/uploads\/2022\/02\/Paytrail-banneri-pankit-visa-mastercard-mobilepay-walley-600x120.png 600w, https:\/\/www.panimotuju.fi\/wp-content\/uploads\/2022\/02\/Paytrail-banneri-pankit-visa-mastercard-mobilepay-walley.png 2000w\" sizes=\"(max-width: 1024px) 100vw, 1024px\" \/><\/figure>\n\n\n\n<p class=\"has-medium-font-size\"><strong>Maksuehdot<\/strong><\/p>\n\n\n\n<p>Maksupalvelutarjoaja Maksunv\u00e4lityspalvelun toteuttajana ja maksupalveluntarjoajana toimii Paytrail Oyj (2122839-7) yhteisty\u00f6ss\u00e4 suomalaisten pankkien ja luottolaitosten kanssa. Paytrail Oyj n\u00e4kyy maksun saajana tiliotteella tai korttilaskulla ja v\u00e4litt\u00e4\u00e4 maksun kauppiaalle. Paytrail Oyj:ll\u00e4 on maksulaitoksen toimilupa. Reklamaatiotapauksissa pyyd\u00e4mme ottamaan ensisijaisesti yhteytt\u00e4 tuotteen toimittajaan. Paytrail Oyj, y-tunnus: 2122839-7 Innova 2 Lutakonaukio 7 40100 Jyv\u00e4skyl\u00e4 <a rel=\"noreferrer noopener\" href=\"http:\/\/www.paytrail.com\" target=\"_blank\">www.paytrail.com<\/a>.<\/p>\n\n\n\n<p>Kaikki hinnat sis\u00e4lt\u00e4v\u00e4t ALV:n ja k\u00e4ytettyn\u00e4 valuuttana on euro. Verkkokaupan maksupalvelukumppanina toimii Paytrail, jonka maksutavat ja tarkemmat maksuehdot l\u00f6yd\u00e4t <a href=\"https:\/\/www.paytrail.com\/kuluttaja\/maksupalveluehdot\" data-type=\"URL\" data-id=\"https:\/\/www.paytrail.com\/kuluttaja\/maksupalveluehdot\" target=\"_blank\" rel=\"noreferrer noopener\">t\u00e4\u00e4lt\u00e4<\/a>.<\/p>\n\n\n\n<p class=\"has-medium-font-size\"><strong>Toimitusehdot<\/strong><\/p>\n\n\n\n<p>Henkil\u00f6llisyys ja alkoholituotteiden ostajan ik\u00e4 tarkistetaan tilausten noudon yhteydess\u00e4. Tilauksen voi noutaa my\u00f6s muu t\u00e4ysi-ik\u00e4inen henkil\u00f6, jolla on esitt\u00e4\u00e4 tilausnumero. Emme luovuta tilausta alaik\u00e4iselle emmek\u00e4 p\u00e4ihtyneelle henkil\u00f6lle.<\/p>\n\n\n\n<p>Tuotteet ostetaan verkkonoutokaupassa siirt\u00e4m\u00e4ll\u00e4 ne ostoskoriin ja maksamalla ostoskorin sis\u00e4lt\u00f6 verkkomaksupalvelussa. Kaikki asiakastiedot k\u00e4sitell\u00e4\u00e4n luottamuksellisesti. Tilauksen yhteydess\u00e4 kysyttyj\u00e4 yhteystietoja ei k\u00e4ytet\u00e4 muuhun kuin tilauksen toimitukseen tai siin\u00e4 ilmenevien ep\u00e4selvyyksien selvitt\u00e4miseen, ellei erikseen toisin mainita.<\/p>\n\n\n\n<p>S\u00e4ilyt\u00e4mme tilauksesi 30 p\u00e4iv\u00e4\u00e4 ostohetkest\u00e4, jonka aikana kuluttajalla on oikeus perua kauppa. Mik\u00e4li tilaaja ei ole ollut yhteydess\u00e4 noutoajankohdasta, emme hyvit\u00e4 jo astioituja tuoreoluita. Ole yhteydess\u00e4 asiakaspalveluumme maksusumman palautusta varten. Maksunpalautus tehd\u00e4\u00e4n tilauksessa k\u00e4ytetylle maksutavalle ja palautuksesta ei aiheudu kustannuksia. P\u00e4\u00e4sylipuilla ei ole vaihto- eik\u00e4 palautusoikeutta. Ennakkoon ostetut p\u00e4\u00e4syliput voidaan hyvitt\u00e4\u00e4, mik\u00e4li tilaisuus peruuntuu tai sen ajankohta siirtyy.<\/p>\n\n\n\n<p>Tuoreoluiden astiointi- ja oletettu noutop\u00e4iv\u00e4 on perjantaisin. Ole yhteydess\u00e4 asiakaspalveluumme jos toivot noudolle toisen ajankohdan.<\/p>\n\n\n\n<p>Jos sinulla on kysytt\u00e4v\u00e4\u00e4, ota heti yhteys asiakaspalveluumme. S\u00e4\u00e4st\u00e4 tilausvahvistus mik\u00e4li joudut ottamaan yhteytt\u00e4 asiakaspalveluun. Asioidessasi asiakaspalvelussa pid\u00e4 aina mahdollinen asiakasnumerosi ja tilausnumerosi saatavilla.<\/p>\n\n\n\n<p class=\"has-medium-font-size\"><strong>Yhteystiedot<\/strong><\/p>\n\n\n\n<p>Panimoyhti\u00f6 Tuju Oy<br>Y-tunnus 2712854-9<br>Soittokunnanraitti 3, 53900, Lappeenranta<br>tuju@panimotuju.fi<br>+358 45 667 4114<\/p>","protected":false},"excerpt":{"rendered":"<p>Verkkonoutokaupan maksutavat Maksuehdot Maksupalvelutarjoaja Maksunv\u00e4lityspalvelun toteuttajana ja maksupalveluntarjoajana toimii Paytrail Oyj (2122839-7) yhteisty\u00f6ss\u00e4 suomalaisten pankkien ja luottolaitosten kanssa. Paytrail Oyj n\u00e4kyy maksun saajana tiliotteella tai korttilaskulla ja v\u00e4litt\u00e4\u00e4 maksun kauppiaalle. Paytrail Oyj:ll\u00e4 on maksulaitoksen toimilupa. Reklamaatiotapauksissa pyyd\u00e4mme ottamaan ensisijaisesti yhteytt\u00e4 tuotteen toimittajaan. Paytrail Oyj, y-tunnus: 2122839-7 Innova 2 Lutakonaukio 7 40100 Jyv\u00e4skyl\u00e4 www.paytrail.com. Kaikki hinnat &hellip; <\/p>\n<p class=\"link-more\"><a href=\"https:\/\/www.panimotuju.fi\/en\/refund_returns\/\" class=\"more-link\">Read more<span class=\"screen-reader-text\"> &#8221;Maksutavat ja ehdot&#8221;<\/span><\/a><\/p>","protected":false},"author":1,"featured_media":0,"parent":0,"menu_order":0,"comment_status":"closed","ping_status":"closed","template":"","meta":{"footnotes":""},"class_list":["post-7343","page","type-page","status-publish","hentry"],"jetpack_sharing_enabled":true,"_links":{"self":[{"href":"https:\/\/www.panimotuju.fi\/en\/wp-json\/wp\/v2\/pages\/7343","targetHints":{"allow":["GET"]}}],"collection":[{"href":"https:\/\/www.panimotuju.fi\/en\/wp-json\/wp\/v2\/pages"}],"about":[{"href":"https:\/\/www.panimotuju.fi\/en\/wp-json\/wp\/v2\/types\/page"}],"author":[{"embeddable":true,"href":"https:\/\/www.panimotuju.fi\/en\/wp-json\/wp\/v2\/users\/1"}],"replies":[{"embeddable":true,"href":"https:\/\/www.panimotuju.fi\/en\/wp-json\/wp\/v2\/comments?post=7343"}],"version-history":[{"count":16,"href":"https:\/\/www.panimotuju.fi\/en\/wp-json\/wp\/v2\/pages\/7343\/revisions"}],"predecessor-version":[{"id":16043,"href":"https:\/\/www.panimotuju.fi\/en\/wp-json\/wp\/v2\/pages\/7343\/revisions\/16043"}],"wp:attachment":[{"href":"https:\/\/www.panimotuju.fi\/en\/wp-json\/wp\/v2\/media?parent=7343"}],"curies":[{"name":"wp","href":"https:\/\/api.w.org\/{rel}","templated":true}]}}