{"id":10734,"date":"2023-10-25T11:41:06","date_gmt":"2023-10-25T08:41:06","guid":{"rendered":"https:\/\/www.panimotuju.fi\/?post_type=product&#038;p=10734"},"modified":"2024-09-06T12:36:13","modified_gmt":"2024-09-06T09:36:13","slug":"bleeding-110","status":"publish","type":"product","link":"https:\/\/www.panimotuju.fi\/en\/product\/bleeding-110\/","title":{"rendered":"Bleeding 11,0%"},"content":{"rendered":"<p><strong>Black Barrel Series: Bleeding 11,0% | Barrel Aged Barley wine<\/strong><\/p>\n<p><b>Black Barrel Series<\/b><span style=\"font-weight: 400;\"> on Tujun Wild Barrel Seriesin rinnalla kulkeva tuotesarja. N\u00e4m\u00e4 pime\u00e4ss\u00e4 kellarissa pitk\u00e4\u00e4n muhineet, vahvempaa alkoholipitoisuutta sek\u00e4 syvi\u00e4 ja intensiivisi\u00e4 makumaailmoja sis\u00e4lt\u00e4v\u00e4t oluet ovat pitk\u00e4kestoisen ja huolellisen k\u00e4sity\u00f6n tulosta. Black Barrel Series on synk\u00e4n upea tuotesarja, joka esittelee mm. pitk\u00e4kestoisen tynnyr\u00f6innin tuottamaa pehme\u00e4\u00e4 aromikkuutta.<\/span><\/p>\n<p><b>Bleeding 11,0%<\/b><span style=\"font-weight: 400;\"> on huolellisen sekoituksen sek\u00e4 pitk\u00e4kestoisen tynnyr\u00f6innin tulos, mutta \u00e4l\u00e4 s\u00e4iky prosentteja. Bleeding on ylitsevuotava makuel\u00e4mys, jossa bourbontynnyrikypsytetty barley wine on maustettu hunajalla, mutta tynnyr\u00f6innin ansiosta hunaja ottaa vivahteikkaampaa ja maltillisempaa otetta lopputuloksesta. Tynnyrien tuottama kuivuus luo s\u00e4rm\u00e4\u00e4 pehment\u00e4v\u00e4lle mallasrungolle, joka kuin puun takaa, tuo mieleen vahvemmat ja perinteisemm\u00e4t pohjoisemman Britannian makumaailmat.<\/span><\/p>\n<p><strong>9,50\u20ac \/ 0,44L (21,59\u20ac\/L)<\/strong><\/p>","protected":false},"excerpt":{"rendered":"<p>Black Barrel Series: Bleeding 11,0% | Barrel Aged Barley wine Black Barrel Series on Tujun Wild Barrel Seriesin rinnalla kulkeva tuotesarja. N\u00e4m\u00e4 pime\u00e4ss\u00e4 kellarissa pitk\u00e4\u00e4n muhineet, vahvempaa alkoholipitoisuutta sek\u00e4 syvi\u00e4 ja intensiivisi\u00e4 makumaailmoja sis\u00e4lt\u00e4v\u00e4t oluet ovat pitk\u00e4kestoisen ja huolellisen k\u00e4sity\u00f6n tulosta. Black Barrel Series on synk\u00e4n upea tuotesarja, joka esittelee mm. pitk\u00e4kestoisen tynnyr\u00f6innin tuottamaa pehme\u00e4\u00e4 &hellip; <\/p>\n<p class=\"link-more\"><a href=\"https:\/\/www.panimotuju.fi\/en\/product\/bleeding-110\/\" class=\"more-link\">Read more<span class=\"screen-reader-text\"> &#8221;Bleeding 11,0%&#8221;<\/span><\/a><\/p>","protected":false},"featured_media":13123,"template":"","meta":[],"product_brand":[],"product_cat":[50],"product_tag":[],"class_list":{"0":"post-10734","1":"product","2":"type-product","3":"status-publish","4":"has-post-thumbnail","6":"product_cat-tujun_tuotteet","8":"first","9":"outofstock","10":"taxable","11":"shipping-taxable","12":"purchasable","13":"product-type-simple"},"jetpack_sharing_enabled":true,"_links":{"self":[{"href":"https:\/\/www.panimotuju.fi\/en\/wp-json\/wp\/v2\/product\/10734","targetHints":{"allow":["GET"]}}],"collection":[{"href":"https:\/\/www.panimotuju.fi\/en\/wp-json\/wp\/v2\/product"}],"about":[{"href":"https:\/\/www.panimotuju.fi\/en\/wp-json\/wp\/v2\/types\/product"}],"wp:featuredmedia":[{"embeddable":true,"href":"https:\/\/www.panimotuju.fi\/en\/wp-json\/wp\/v2\/media\/13123"}],"wp:attachment":[{"href":"https:\/\/www.panimotuju.fi\/en\/wp-json\/wp\/v2\/media?parent=10734"}],"wp:term":[{"taxonomy":"product_brand","embeddable":true,"href":"https:\/\/www.panimotuju.fi\/en\/wp-json\/wp\/v2\/product_brand?post=10734"},{"taxonomy":"product_cat","embeddable":true,"href":"https:\/\/www.panimotuju.fi\/en\/wp-json\/wp\/v2\/product_cat?post=10734"},{"taxonomy":"product_tag","embeddable":true,"href":"https:\/\/www.panimotuju.fi\/en\/wp-json\/wp\/v2\/product_tag?post=10734"}],"curies":[{"name":"wp","href":"https:\/\/api.w.org\/{rel}","templated":true}]}}