{"id":10945,"date":"2022-11-29T09:27:17","date_gmt":"2022-11-29T07:27:17","guid":{"rendered":"https:\/\/www.panimotuju.fi\/?post_type=product&#038;p=10945"},"modified":"2026-01-01T16:32:01","modified_gmt":"2026-01-01T14:32:01","slug":"tujun-pipot","status":"publish","type":"product","link":"https:\/\/www.panimotuju.fi\/en\/product\/tujun-pipot\/","title":{"rendered":"Tuju-pipo (musta\/harmaa)"},"content":{"rendered":"<p>Ei palele kun p\u00e4\u00e4h\u00e4n sujauttaa Tujun laatupipon. Pipoon on ommeltu Greeguard-sertifikoidut Ultra Leather -merkit, jotka luovat uskottavuutta talvisessa katumuodissa.<\/p>\n<p>Pipoa saatavilla mustana ja harmaana.<\/p>\n<p>Materiaali: 55%\u00a0puuvilla \/ 45% akryyli<\/p>","protected":false},"excerpt":{"rendered":"<p>Ei palele kun p\u00e4\u00e4h\u00e4n sujauttaa Tujun laatupipon. Pipoon on ommeltu Greeguard-sertifikoidut Ultra Leather -merkit, jotka luovat uskottavuutta talvisessa katumuodissa. Pipoa saatavilla mustana ja harmaana. Materiaali: 55%\u00a0puuvilla \/ 45% akryyli<\/p>","protected":false},"featured_media":10949,"template":"","meta":[],"product_brand":[],"product_cat":[67],"product_tag":[],"class_list":{"0":"post-10945","1":"product","2":"type-product","3":"status-publish","4":"has-post-thumbnail","6":"product_cat-oiheistuotteet","8":"first","9":"instock","10":"taxable","11":"shipping-taxable","12":"purchasable","13":"product-type-variable"},"jetpack_sharing_enabled":true,"_links":{"self":[{"href":"https:\/\/www.panimotuju.fi\/en\/wp-json\/wp\/v2\/product\/10945","targetHints":{"allow":["GET"]}}],"collection":[{"href":"https:\/\/www.panimotuju.fi\/en\/wp-json\/wp\/v2\/product"}],"about":[{"href":"https:\/\/www.panimotuju.fi\/en\/wp-json\/wp\/v2\/types\/product"}],"wp:featuredmedia":[{"embeddable":true,"href":"https:\/\/www.panimotuju.fi\/en\/wp-json\/wp\/v2\/media\/10949"}],"wp:attachment":[{"href":"https:\/\/www.panimotuju.fi\/en\/wp-json\/wp\/v2\/media?parent=10945"}],"wp:term":[{"taxonomy":"product_brand","embeddable":true,"href":"https:\/\/www.panimotuju.fi\/en\/wp-json\/wp\/v2\/product_brand?post=10945"},{"taxonomy":"product_cat","embeddable":true,"href":"https:\/\/www.panimotuju.fi\/en\/wp-json\/wp\/v2\/product_cat?post=10945"},{"taxonomy":"product_tag","embeddable":true,"href":"https:\/\/www.panimotuju.fi\/en\/wp-json\/wp\/v2\/product_tag?post=10945"}],"curies":[{"name":"wp","href":"https:\/\/api.w.org\/{rel}","templated":true}]}}