{"id":11013,"date":"2022-12-07T13:29:12","date_gmt":"2022-12-07T11:29:12","guid":{"rendered":"https:\/\/www.panimotuju.fi\/?post_type=product&#038;p=11013"},"modified":"2026-04-17T19:16:11","modified_gmt":"2026-04-17T16:16:11","slug":"pumpattava-barbaari-52","status":"publish","type":"product","link":"https:\/\/www.panimotuju.fi\/en\/product\/pumpattava-barbaari-52\/","title":{"rendered":"Pumpattava Barbaari 5,0%"},"content":{"rendered":"<p><strong>Pumpattava Barbaari 5,0% | Helles lager<br \/>\n<\/strong><\/p>\n<p>Parasta el\u00e4m\u00e4ss\u00e4 on puhkaista viholliset, n\u00e4hd\u00e4 heid\u00e4n pakenevan ja kuulla heid\u00e4n naistensa surulliset huudot! Toiseksi paras juttu on raikastavan hellesin juominen ns. after workina! Tujun uusin aluevaltaus lagerrintamalla on <strong>ehta helles<\/strong>!<\/p>\n<p><strong>Pumpattava Barbaari<\/strong> on kirkas ja kullankeltainen kaunokainen, jonka makumaailma leijuu kitusissa heliumpallon lailla. Tuotannossa on otettu varovaisesti kulmien kanssa, sill\u00e4 t\u00e4m\u00e4 olut on tyylilajilleen ominaisesti helposti juotava ja raikas sek\u00e4 humaloitu saksalaisin jalohumalin. T\u00e4ytel\u00e4inen kuin noidan syleily ja kaunis kuin Aquilonian jalokivin koristeltu kruunu!<\/p>\n<p><strong>4,90\u20ac \/0,44L (11,13\u20ac\/L) +0,15\u20ac pantti<\/strong><\/p>\n<p>&nbsp;<\/p>","protected":false},"excerpt":{"rendered":"<p>Pumpattava Barbaari 5,0% | Helles lager Parasta el\u00e4m\u00e4ss\u00e4 on puhkaista viholliset, n\u00e4hd\u00e4 heid\u00e4n pakenevan ja kuulla heid\u00e4n naistensa surulliset huudot! Toiseksi paras juttu on raikastavan hellesin juominen ns. after workina! Tujun uusin aluevaltaus lagerrintamalla on ehta helles! Pumpattava Barbaari on kirkas ja kullankeltainen kaunokainen, jonka makumaailma leijuu kitusissa heliumpallon lailla. Tuotannossa on otettu varovaisesti kulmien &hellip; <\/p>\n<p class=\"link-more\"><a href=\"https:\/\/www.panimotuju.fi\/en\/product\/pumpattava-barbaari-52\/\" class=\"more-link\">Read more<span class=\"screen-reader-text\"> &#8221;Pumpattava Barbaari 5,0%&#8221;<\/span><\/a><\/p>","protected":false},"featured_media":12867,"template":"","meta":[],"product_brand":[],"product_cat":[50],"product_tag":[],"class_list":{"0":"post-11013","1":"product","2":"type-product","3":"status-publish","4":"has-post-thumbnail","6":"product_cat-tujun_tuotteet","8":"first","9":"instock","10":"taxable","11":"shipping-taxable","12":"purchasable","13":"product-type-simple"},"jetpack_sharing_enabled":true,"_links":{"self":[{"href":"https:\/\/www.panimotuju.fi\/en\/wp-json\/wp\/v2\/product\/11013","targetHints":{"allow":["GET"]}}],"collection":[{"href":"https:\/\/www.panimotuju.fi\/en\/wp-json\/wp\/v2\/product"}],"about":[{"href":"https:\/\/www.panimotuju.fi\/en\/wp-json\/wp\/v2\/types\/product"}],"wp:featuredmedia":[{"embeddable":true,"href":"https:\/\/www.panimotuju.fi\/en\/wp-json\/wp\/v2\/media\/12867"}],"wp:attachment":[{"href":"https:\/\/www.panimotuju.fi\/en\/wp-json\/wp\/v2\/media?parent=11013"}],"wp:term":[{"taxonomy":"product_brand","embeddable":true,"href":"https:\/\/www.panimotuju.fi\/en\/wp-json\/wp\/v2\/product_brand?post=11013"},{"taxonomy":"product_cat","embeddable":true,"href":"https:\/\/www.panimotuju.fi\/en\/wp-json\/wp\/v2\/product_cat?post=11013"},{"taxonomy":"product_tag","embeddable":true,"href":"https:\/\/www.panimotuju.fi\/en\/wp-json\/wp\/v2\/product_tag?post=11013"}],"curies":[{"name":"wp","href":"https:\/\/api.w.org\/{rel}","templated":true}]}}