{"id":11029,"date":"2022-12-13T12:36:42","date_gmt":"2022-12-13T10:36:42","guid":{"rendered":"https:\/\/www.panimotuju.fi\/?post_type=product&#038;p=11029"},"modified":"2026-04-17T15:55:03","modified_gmt":"2026-04-17T12:55:03","slug":"pyoveli-92-2","status":"publish","type":"product","link":"https:\/\/www.panimotuju.fi\/en\/product\/pyoveli-92-2\/","title":{"rendered":"Py\u00f6veli 9,2%"},"content":{"rendered":"<p><strong>Py\u00f6veli 9,2% | Imperial stout<\/strong><\/p>\n<p>Vahvemman prosentin stout, jota voidaan jopa kutsua Tujun klassikoksi!<span data-sheets-value=\"{&quot;1&quot;:2,&quot;2&quot;:&quot;Tujun klassikko. Jenkkityylinen paahteinen ja katkera imperial stout, jossa t\u00e4ytel\u00e4inen lik\u00f6\u00f6rim\u00e4inen siirappisuus yhdistyy suklaisiin ja kahvisiin katkeruuksiin.&quot;}\" data-sheets-userformat=\"{&quot;2&quot;:9007,&quot;3&quot;:{&quot;1&quot;:0},&quot;4&quot;:{&quot;1&quot;:2,&quot;2&quot;:15724527},&quot;5&quot;:{&quot;1&quot;:[{&quot;1&quot;:2,&quot;2&quot;:0,&quot;5&quot;:{&quot;1&quot;:2,&quot;2&quot;:0}},{&quot;1&quot;:0,&quot;2&quot;:0,&quot;3&quot;:3},{&quot;1&quot;:1,&quot;2&quot;:0,&quot;4&quot;:1}]},&quot;6&quot;:{&quot;1&quot;:[{&quot;1&quot;:2,&quot;2&quot;:0,&quot;5&quot;:{&quot;1&quot;:2,&quot;2&quot;:0}},{&quot;1&quot;:0,&quot;2&quot;:0,&quot;3&quot;:3},{&quot;1&quot;:1,&quot;2&quot;:0,&quot;4&quot;:1}]},&quot;8&quot;:{&quot;1&quot;:[{&quot;1&quot;:2,&quot;2&quot;:0,&quot;5&quot;:{&quot;1&quot;:2,&quot;2&quot;:0}},{&quot;1&quot;:0,&quot;2&quot;:0,&quot;3&quot;:3},{&quot;1&quot;:1,&quot;2&quot;:0,&quot;4&quot;:1}]},&quot;11&quot;:4,&quot;12&quot;:0,&quot;16&quot;:7}\"> Jenkkityylinen paahteinen, moniulotteinen ja katkera imperial stout, jossa t\u00e4ytel\u00e4inen lik\u00f6\u00f6rim\u00e4inen siirappisuus yhdistyy mutkattomasti suklaisiin ja kahvisiin katkeruuksiin<\/span><\/p>\n<p><span style=\"font-family: Masonic Lodge, monospace;\"><strong><span style=\"color: #040404;\"><span style=\"font-size: small;\"><b>6,25\u20ac \/0,44L (14,20\u20ac\/L) +0,15\u20ac pantti<\/b><\/span><\/span><\/strong><\/span><\/p>\n","protected":false},"excerpt":{"rendered":"<p>Py\u00f6veli 9,2% | Imperial stout Vahvemman prosentin stout, jota voidaan jopa kutsua Tujun klassikoksi! Jenkkityylinen paahteinen, moniulotteinen ja katkera imperial stout, jossa t\u00e4ytel\u00e4inen lik\u00f6\u00f6rim\u00e4inen siirappisuus yhdistyy mutkattomasti suklaisiin ja kahvisiin katkeruuksiin 6,25\u20ac \/0,44L (14,20\u20ac\/L) +0,15\u20ac pantti<\/p>","protected":false},"featured_media":11030,"template":"","meta":[],"product_brand":[],"product_cat":[50],"product_tag":[],"class_list":{"0":"post-11029","1":"product","2":"type-product","3":"status-publish","4":"has-post-thumbnail","6":"product_cat-tujun_tuotteet","8":"first","9":"instock","10":"taxable","11":"shipping-taxable","12":"purchasable","13":"product-type-simple"},"jetpack_sharing_enabled":true,"_links":{"self":[{"href":"https:\/\/www.panimotuju.fi\/en\/wp-json\/wp\/v2\/product\/11029","targetHints":{"allow":["GET"]}}],"collection":[{"href":"https:\/\/www.panimotuju.fi\/en\/wp-json\/wp\/v2\/product"}],"about":[{"href":"https:\/\/www.panimotuju.fi\/en\/wp-json\/wp\/v2\/types\/product"}],"wp:featuredmedia":[{"embeddable":true,"href":"https:\/\/www.panimotuju.fi\/en\/wp-json\/wp\/v2\/media\/11030"}],"wp:attachment":[{"href":"https:\/\/www.panimotuju.fi\/en\/wp-json\/wp\/v2\/media?parent=11029"}],"wp:term":[{"taxonomy":"product_brand","embeddable":true,"href":"https:\/\/www.panimotuju.fi\/en\/wp-json\/wp\/v2\/product_brand?post=11029"},{"taxonomy":"product_cat","embeddable":true,"href":"https:\/\/www.panimotuju.fi\/en\/wp-json\/wp\/v2\/product_cat?post=11029"},{"taxonomy":"product_tag","embeddable":true,"href":"https:\/\/www.panimotuju.fi\/en\/wp-json\/wp\/v2\/product_tag?post=11029"}],"curies":[{"name":"wp","href":"https:\/\/api.w.org\/{rel}","templated":true}]}}