{"id":11338,"date":"2023-01-26T14:19:23","date_gmt":"2023-01-26T12:19:23","guid":{"rendered":"https:\/\/www.panimotuju.fi\/?post_type=product&#038;p=11338"},"modified":"2026-04-17T16:08:29","modified_gmt":"2026-04-17T13:08:29","slug":"kylma-kalle-75","status":"publish","type":"product","link":"https:\/\/www.panimotuju.fi\/en\/product\/kylma-kalle-75\/","title":{"rendered":"Kylm\u00e4 Kalle 7,5%"},"content":{"rendered":"<p><strong>Kylm\u00e4 Kalle 7,5% | Cold IPA | Strata, Simcoe, Citra<\/strong><\/p>\n<p>Nyt on niin kylm\u00e4\u00e4 kamaa tiedossa, ett\u00e4 j\u00e4\u00e4 B\u00f6rje Mellbergkin sanattomaksi. T\u00e4m\u00e4 tuote ei edusta aikuismaista kioskikirjallisuutta, mutta vakavasti otettavaa ja aikuismaista panimotuotetta! Malleilla on toki kampetta p\u00e4\u00e4ll\u00e4 (onhan kylm\u00e4), jotta v\u00e4ltyt\u00e4\u00e4n hintaa nostavan ep\u00e4siveellisyysluokittelun aiheuttama lis\u00e4verotus!<\/p>\n<p>Cold IPA on IPA, mutta se sis\u00e4lt\u00e4\u00e4 raaka-aineina muutakin, kuin mit\u00e4 on tottunut t\u00f6rp\u00f6n kyljest\u00e4 tavaamaan; nimitt\u00e4in <strong>riisihiutaleita<\/strong>. Cold IPA k\u00e4ytet\u00e4\u00e4n jopa kohtalaisen kuivaksi lagerhiivan avustuksella, joka saa kuitenkin ty\u00f6skennell\u00e4 l\u00e4mp\u00f6tilansa korkeammassa p\u00e4\u00e4ss\u00e4, joten vaatteita ei ole tarvis v\u00e4hent\u00e4\u00e4. K\u00e4ymisen aikana olut my\u00f6s toki kuivahumaloidaan, t\u00e4ll\u00e4 kertaa <strong>Strata, Simcoe ja Citra<\/strong>! N\u00e4in ollen aikaiseksi saadaan alas livakasti liukuva, rapsakka, ja suoralinjainen herkku, jossa hedelm\u00e4iset mahtiaromit ottavat ylivallan! Passionhedelm\u00e4\u00e4, d\u00e4nkki\u00e4 yrttisyytt\u00e4, sitruunankuorta, greippi\u00e4, kukkaisuutta ja napakka katkero. Laita kintaat k\u00e4teen, jotta n\u00e4pit eiv\u00e4t j\u00e4\u00e4dy!<\/p>\n<p><strong>6,35\u20ac \/ 0,44L (14,43\u20ac\/L) <\/strong><\/p>","protected":false},"excerpt":{"rendered":"<p>Kylm\u00e4 Kalle 7,5% | Cold IPA | Strata, Simcoe, Citra Nyt on niin kylm\u00e4\u00e4 kamaa tiedossa, ett\u00e4 j\u00e4\u00e4 B\u00f6rje Mellbergkin sanattomaksi. T\u00e4m\u00e4 tuote ei edusta aikuismaista kioskikirjallisuutta, mutta vakavasti otettavaa ja aikuismaista panimotuotetta! Malleilla on toki kampetta p\u00e4\u00e4ll\u00e4 (onhan kylm\u00e4), jotta v\u00e4ltyt\u00e4\u00e4n hintaa nostavan ep\u00e4siveellisyysluokittelun aiheuttama lis\u00e4verotus! Cold IPA on IPA, mutta se sis\u00e4lt\u00e4\u00e4 raaka-aineina &hellip; <\/p>\n<p class=\"link-more\"><a href=\"https:\/\/www.panimotuju.fi\/en\/product\/kylma-kalle-75\/\" class=\"more-link\">Read more<span class=\"screen-reader-text\"> &#8221;Kylm\u00e4 Kalle 7,5%&#8221;<\/span><\/a><\/p>","protected":false},"featured_media":11344,"template":"","meta":[],"product_brand":[],"product_cat":[50],"product_tag":[],"class_list":{"0":"post-11338","1":"product","2":"type-product","3":"status-publish","4":"has-post-thumbnail","6":"product_cat-tujun_tuotteet","8":"first","9":"instock","10":"taxable","11":"shipping-taxable","12":"purchasable","13":"product-type-simple"},"jetpack_sharing_enabled":true,"_links":{"self":[{"href":"https:\/\/www.panimotuju.fi\/en\/wp-json\/wp\/v2\/product\/11338","targetHints":{"allow":["GET"]}}],"collection":[{"href":"https:\/\/www.panimotuju.fi\/en\/wp-json\/wp\/v2\/product"}],"about":[{"href":"https:\/\/www.panimotuju.fi\/en\/wp-json\/wp\/v2\/types\/product"}],"wp:featuredmedia":[{"embeddable":true,"href":"https:\/\/www.panimotuju.fi\/en\/wp-json\/wp\/v2\/media\/11344"}],"wp:attachment":[{"href":"https:\/\/www.panimotuju.fi\/en\/wp-json\/wp\/v2\/media?parent=11338"}],"wp:term":[{"taxonomy":"product_brand","embeddable":true,"href":"https:\/\/www.panimotuju.fi\/en\/wp-json\/wp\/v2\/product_brand?post=11338"},{"taxonomy":"product_cat","embeddable":true,"href":"https:\/\/www.panimotuju.fi\/en\/wp-json\/wp\/v2\/product_cat?post=11338"},{"taxonomy":"product_tag","embeddable":true,"href":"https:\/\/www.panimotuju.fi\/en\/wp-json\/wp\/v2\/product_tag?post=11338"}],"curies":[{"name":"wp","href":"https:\/\/api.w.org\/{rel}","templated":true}]}}