{"id":12142,"date":"2023-05-22T14:42:59","date_gmt":"2023-05-22T11:42:59","guid":{"rendered":"https:\/\/www.panimotuju.fi\/?post_type=product&#038;p=12142"},"modified":"2026-04-01T15:55:37","modified_gmt":"2026-04-01T12:55:37","slug":"kesakeitto-48","status":"publish","type":"product","link":"https:\/\/www.panimotuju.fi\/en\/product\/kesakeitto-48\/","title":{"rendered":"Kes\u00e4keitto 4,8"},"content":{"rendered":"<p><strong>Kes\u00e4keitto 4,8% | Summer lager<br \/>\n<\/strong><\/p>\n<div class=\"x11i5rnm xat24cr x1mh8g0r x1vvkbs xtlvy1s x126k92a\">\n<div dir=\"auto\">T\u00e4ss\u00e4 on varsinainen noitatohtorin erikoinen, jossa Uka Uka-henkinen naamiosankari kutsuu iloiset kes\u00e4leiril\u00e4iset sapuskahetkelle. Suurimmalle osalle osallistujia on menun p\u00e4\u00e4raaka-aineet viel\u00e4 v\u00e4h\u00e4n ep\u00e4selv\u00e4t, mutta eik\u00f6h\u00e4n tilanne valkene pian yhdelle jos toiselle. T\u00e4ss\u00e4 sopassa on yhteisuintireissulla monenmoista makumaailmaa, siit\u00e4 pit\u00e4\u00e4 huolen <strong>Hallertau Blanc ja Motueka<\/strong>.<\/div>\n<div dir=\"auto\"><\/div>\n<\/div>\n<div class=\"x11i5rnm xat24cr x1mh8g0r x1vvkbs xtlvy1s x126k92a\">\n<div dir=\"auto\">Alkupalana kepe\u00e4\u00e4 marjaisuutta, jossa hentoa karviaista, ruohoisuutta ja yrttisyytt\u00e4, kun p\u00e4\u00e4ruokana sitrussilppua, josta mukaan mojitomaista lime\u00e4 ja trooppista hedelm\u00e4\u00e4! T\u00e4m\u00e4 kaikki nivoituu rapsakkaaseen, raikkaaseen ja ennen kaikkea helposti juotavaan makeanmaltaiseen runkoon.<\/div>\n<\/div>\n<p><strong>4,90\u20ac \/0,44L (11,13\u20ac\/L) +0,15\u20ac Pantti<\/strong><\/p>\n<p>&nbsp;<\/p>","protected":false},"excerpt":{"rendered":"<p>Kes\u00e4keitto 4,8% | Summer lager T\u00e4ss\u00e4 on varsinainen noitatohtorin erikoinen, jossa Uka Uka-henkinen naamiosankari kutsuu iloiset kes\u00e4leiril\u00e4iset sapuskahetkelle. Suurimmalle osalle osallistujia on menun p\u00e4\u00e4raaka-aineet viel\u00e4 v\u00e4h\u00e4n ep\u00e4selv\u00e4t, mutta eik\u00f6h\u00e4n tilanne valkene pian yhdelle jos toiselle. T\u00e4ss\u00e4 sopassa on yhteisuintireissulla monenmoista makumaailmaa, siit\u00e4 pit\u00e4\u00e4 huolen Hallertau Blanc ja Motueka. Alkupalana kepe\u00e4\u00e4 marjaisuutta, jossa hentoa karviaista, ruohoisuutta &hellip; <\/p>\n<p class=\"link-more\"><a href=\"https:\/\/www.panimotuju.fi\/en\/product\/kesakeitto-48\/\" class=\"more-link\">Read more<span class=\"screen-reader-text\"> &#8221;Kes\u00e4keitto 4,8&#8221;<\/span><\/a><\/p>","protected":false},"featured_media":12251,"template":"","meta":[],"product_brand":[],"product_cat":[50],"product_tag":[],"class_list":{"0":"post-12142","1":"product","2":"type-product","3":"status-publish","4":"has-post-thumbnail","6":"product_cat-tujun_tuotteet","8":"first","9":"outofstock","10":"taxable","11":"shipping-taxable","12":"purchasable","13":"product-type-simple"},"jetpack_sharing_enabled":true,"_links":{"self":[{"href":"https:\/\/www.panimotuju.fi\/en\/wp-json\/wp\/v2\/product\/12142","targetHints":{"allow":["GET"]}}],"collection":[{"href":"https:\/\/www.panimotuju.fi\/en\/wp-json\/wp\/v2\/product"}],"about":[{"href":"https:\/\/www.panimotuju.fi\/en\/wp-json\/wp\/v2\/types\/product"}],"wp:featuredmedia":[{"embeddable":true,"href":"https:\/\/www.panimotuju.fi\/en\/wp-json\/wp\/v2\/media\/12251"}],"wp:attachment":[{"href":"https:\/\/www.panimotuju.fi\/en\/wp-json\/wp\/v2\/media?parent=12142"}],"wp:term":[{"taxonomy":"product_brand","embeddable":true,"href":"https:\/\/www.panimotuju.fi\/en\/wp-json\/wp\/v2\/product_brand?post=12142"},{"taxonomy":"product_cat","embeddable":true,"href":"https:\/\/www.panimotuju.fi\/en\/wp-json\/wp\/v2\/product_cat?post=12142"},{"taxonomy":"product_tag","embeddable":true,"href":"https:\/\/www.panimotuju.fi\/en\/wp-json\/wp\/v2\/product_tag?post=12142"}],"curies":[{"name":"wp","href":"https:\/\/api.w.org\/{rel}","templated":true}]}}