{"id":12147,"date":"2023-05-23T10:22:34","date_gmt":"2023-05-23T07:22:34","guid":{"rendered":"https:\/\/www.panimotuju.fi\/?post_type=product&#038;p=12147"},"modified":"2024-09-01T16:36:30","modified_gmt":"2024-09-01T13:36:30","slug":"cobra-lifestyle-60-2","status":"publish","type":"product","link":"https:\/\/www.panimotuju.fi\/en\/product\/cobra-lifestyle-60-2\/","title":{"rendered":"Cobra Lifestyle 6,0%"},"content":{"rendered":"<p><em>Growler elikk\u00e4s tuttavallisesti p\u00f6nikk\u00e4 on tuoretuote. Se s\u00e4ilyy hyv\u00e4n\u00e4 3pv ostohetkest\u00e4 kylm\u00e4s\u00e4ilytettyn\u00e4!<\/em><\/p>\n<p><strong>\ud83d\udcfd\ufe0fCobra Lifestyle 6,0% &#8211; DDH wheat ale \ud83d\udcfd\ufe0f<\/strong><\/p>\n<p><strong>Sylvester Stallosen<\/strong> legendaarisen <strong>Cobran (1986<\/strong>) mielenmaisemiin pohjautuva DDH wheat ale on juuri niin &#8221;<em>AWSOM50<\/em>&#8221; kuin vain olla voi!<\/p>\n<p>T\u00e4m\u00e4 tyylilt\u00e4\u00e4n original hazy eli vehn\u00e4ale on tuplakuivahumaloitu <strong>Amarillolla, Cryo Idaho 7:lla ja Cascadella<\/strong> jotta lopputulos olisi mahdollisimman r\u00e4j\u00e4ht\u00e4v\u00e4 ja moniulotteisen hedelm\u00e4inen. Humala-Jatimatic ampuu loputonta sarjaa, joka tykitt\u00e4\u00e4 kitalakeen sitrus-greippist\u00e4, appelsiinista, makean mandariinista ja passionhedelm\u00e4isen liukuvaa fiilist\u00e4, unohtamatta ujoa banaanimaisuutta.\ud83c\udf4b\ud83e\udd6d\ud83c\udf48\ud83c\udf4c<\/p>\n<p>\ud83c\udf55Kyseess\u00e4 on <strong><em>t \u00e4 y d e l l i n e n<\/em>\u00a0<\/strong> pizzaolut, joten laita nahkahanskat k\u00e4teen ja silvo pizzasi ujosti saksin.<\/p>\n<p><em>You&#8217;re thirsty and I&#8217;m the cure!<\/em><\/p>\n<p><strong>12,50\u20ac\/1L (12,5\u20ac\/L)<\/strong><\/p>\n<p><strong>36,00\u20ac\/3L (12,00\u20ac\/L)\u00a0<\/strong><\/p>","protected":false},"excerpt":{"rendered":"<p>Growler elikk\u00e4s tuttavallisesti p\u00f6nikk\u00e4 on tuoretuote. Se s\u00e4ilyy hyv\u00e4n\u00e4 3pv ostohetkest\u00e4 kylm\u00e4s\u00e4ilytettyn\u00e4! \ud83d\udcfd\ufe0fCobra Lifestyle 6,0% &#8211; DDH wheat ale \ud83d\udcfd\ufe0f Sylvester Stallosen legendaarisen Cobran (1986) mielenmaisemiin pohjautuva DDH wheat ale on juuri niin &#8221;AWSOM50&#8221; kuin vain olla voi! T\u00e4m\u00e4 tyylilt\u00e4\u00e4n original hazy eli vehn\u00e4ale on tuplakuivahumaloitu Amarillolla, Cryo Idaho 7:lla ja Cascadella jotta lopputulos olisi &hellip; <\/p>\n<p class=\"link-more\"><a href=\"https:\/\/www.panimotuju.fi\/en\/product\/cobra-lifestyle-60-2\/\" class=\"more-link\">Read more<span class=\"screen-reader-text\"> &#8221;Cobra Lifestyle 6,0%&#8221;<\/span><\/a><\/p>","protected":false},"featured_media":12156,"template":"","meta":[],"product_brand":[],"product_cat":[50],"product_tag":[],"class_list":{"0":"post-12147","1":"product","2":"type-product","3":"status-publish","4":"has-post-thumbnail","6":"product_cat-tujun_tuotteet","8":"first","9":"outofstock","10":"taxable","11":"shipping-taxable","12":"purchasable","13":"product-type-variable"},"jetpack_sharing_enabled":true,"_links":{"self":[{"href":"https:\/\/www.panimotuju.fi\/en\/wp-json\/wp\/v2\/product\/12147","targetHints":{"allow":["GET"]}}],"collection":[{"href":"https:\/\/www.panimotuju.fi\/en\/wp-json\/wp\/v2\/product"}],"about":[{"href":"https:\/\/www.panimotuju.fi\/en\/wp-json\/wp\/v2\/types\/product"}],"wp:featuredmedia":[{"embeddable":true,"href":"https:\/\/www.panimotuju.fi\/en\/wp-json\/wp\/v2\/media\/12156"}],"wp:attachment":[{"href":"https:\/\/www.panimotuju.fi\/en\/wp-json\/wp\/v2\/media?parent=12147"}],"wp:term":[{"taxonomy":"product_brand","embeddable":true,"href":"https:\/\/www.panimotuju.fi\/en\/wp-json\/wp\/v2\/product_brand?post=12147"},{"taxonomy":"product_cat","embeddable":true,"href":"https:\/\/www.panimotuju.fi\/en\/wp-json\/wp\/v2\/product_cat?post=12147"},{"taxonomy":"product_tag","embeddable":true,"href":"https:\/\/www.panimotuju.fi\/en\/wp-json\/wp\/v2\/product_tag?post=12147"}],"curies":[{"name":"wp","href":"https:\/\/api.w.org\/{rel}","templated":true}]}}