{"id":12203,"date":"2023-06-01T12:13:18","date_gmt":"2023-06-01T09:13:18","guid":{"rendered":"https:\/\/www.panimotuju.fi\/?post_type=product&#038;p=12203"},"modified":"2024-10-21T09:03:49","modified_gmt":"2024-10-21T06:03:49","slug":"kaamos-tamminen-siideri-50-pihamaan-panimo","status":"publish","type":"product","link":"https:\/\/www.panimotuju.fi\/en\/product\/kaamos-tamminen-siideri-50-pihamaan-panimo\/","title":{"rendered":"Kaamos tamminen siideri 5,0% &#8211; Pihamaan Panimo"},"content":{"rendered":"<p><strong>Pihamaan panimo<\/strong> on kotoisin Heinolasta, jossa he valmistavat persoonallisia pienpanimojuomia, tilaviinej\u00e4 ja perinteisell\u00e4 tyylill\u00e4 sahtia!\u00a0 Kaikki juomat saavat arominsa Kalkkisten kantatilalla kasvatetuista marjoista, hedelmist\u00e4 ja viljoista. Pihamaan Panimon herkkuja on palkittukin monesti ja varsinkin siiderit ovat nousseet supersuosituiksi. Niist\u00e4 ei l\u00f6ydy muuta kuin aitoja makuja, ei v\u00e4ri- tai aromiaineita!<\/p>\n<p><strong>Kaamos tamminen siideri 5,0%: <\/strong>Puolikuiva omenasiideri, kypsytetty tammitynnyriss\u00e4!<\/p>\n<p><strong>5,30\u20ac \/ 0,33L (16,06\/L)<\/strong><\/p>","protected":false},"excerpt":{"rendered":"<p>Pihamaan panimo on kotoisin Heinolasta, jossa he valmistavat persoonallisia pienpanimojuomia, tilaviinej\u00e4 ja perinteisell\u00e4 tyylill\u00e4 sahtia!\u00a0 Kaikki juomat saavat arominsa Kalkkisten kantatilalla kasvatetuista marjoista, hedelmist\u00e4 ja viljoista. Pihamaan Panimon herkkuja on palkittukin monesti ja varsinkin siiderit ovat nousseet supersuosituiksi. Niist\u00e4 ei l\u00f6ydy muuta kuin aitoja makuja, ei v\u00e4ri- tai aromiaineita! Kaamos tamminen siideri 5,0%: Puolikuiva omenasiideri, &hellip; <\/p>\n<p class=\"link-more\"><a href=\"https:\/\/www.panimotuju.fi\/en\/product\/kaamos-tamminen-siideri-50-pihamaan-panimo\/\" class=\"more-link\">Read more<span class=\"screen-reader-text\"> &#8221;Kaamos tamminen siideri 5,0% &#8211; Pihamaan Panimo&#8221;<\/span><\/a><\/p>","protected":false},"featured_media":12314,"template":"","meta":[],"product_brand":[],"product_cat":[84],"product_tag":[],"class_list":{"0":"post-12203","1":"product","2":"type-product","3":"status-publish","4":"has-post-thumbnail","6":"product_cat-siiderit","8":"first","9":"outofstock","10":"taxable","11":"shipping-taxable","12":"purchasable","13":"product-type-simple"},"jetpack_sharing_enabled":true,"_links":{"self":[{"href":"https:\/\/www.panimotuju.fi\/en\/wp-json\/wp\/v2\/product\/12203","targetHints":{"allow":["GET"]}}],"collection":[{"href":"https:\/\/www.panimotuju.fi\/en\/wp-json\/wp\/v2\/product"}],"about":[{"href":"https:\/\/www.panimotuju.fi\/en\/wp-json\/wp\/v2\/types\/product"}],"wp:featuredmedia":[{"embeddable":true,"href":"https:\/\/www.panimotuju.fi\/en\/wp-json\/wp\/v2\/media\/12314"}],"wp:attachment":[{"href":"https:\/\/www.panimotuju.fi\/en\/wp-json\/wp\/v2\/media?parent=12203"}],"wp:term":[{"taxonomy":"product_brand","embeddable":true,"href":"https:\/\/www.panimotuju.fi\/en\/wp-json\/wp\/v2\/product_brand?post=12203"},{"taxonomy":"product_cat","embeddable":true,"href":"https:\/\/www.panimotuju.fi\/en\/wp-json\/wp\/v2\/product_cat?post=12203"},{"taxonomy":"product_tag","embeddable":true,"href":"https:\/\/www.panimotuju.fi\/en\/wp-json\/wp\/v2\/product_tag?post=12203"}],"curies":[{"name":"wp","href":"https:\/\/api.w.org\/{rel}","templated":true}]}}