{"id":12759,"date":"2023-12-29T10:52:47","date_gmt":"2023-12-29T08:52:47","guid":{"rendered":"https:\/\/www.panimotuju.fi\/?post_type=product&#038;p=12759"},"modified":"2026-04-14T20:09:45","modified_gmt":"2026-04-14T17:09:45","slug":"musta-vyo-karaokessa-52","status":"publish","type":"product","link":"https:\/\/www.panimotuju.fi\/en\/product\/musta-vyo-karaokessa-52\/","title":{"rendered":"Musta vy\u00f6 karaokessa 5,2%"},"content":{"rendered":"<div class=\"\" data-block=\"true\" data-editor=\"dqgmc\" data-offset-key=\"btv5-0-0\">\n<div class=\"_1mf _1mj\" data-offset-key=\"btv5-0-0\"><strong>\ud83c\udfa4\ud83e\udd4bMusta vy\u00f6 karaokessa 5,2% | Black lager | Saaz, Tettnanger \ud83e\udd4b\ud83c\udfa4<\/strong><\/div>\n<\/div>\n<div class=\"\" data-block=\"true\" data-editor=\"dqgmc\" data-offset-key=\"431gp-0-0\">\n<div class=\"_1mf _1mj\" data-offset-key=\"431gp-0-0\"><span data-offset-key=\"431gp-0-0\">\u00a0<\/span><\/div>\n<\/div>\n<div class=\"\" data-block=\"true\" data-editor=\"dqgmc\" data-offset-key=\"72kki-0-0\">\n<div class=\"_1mf _1mj\" data-offset-key=\"72kki-0-0\"><span data-offset-key=\"72kki-0-0\">Kolmen danin mestari availee \u00e4\u00e4nialaansa eik\u00e4 edes hikipisaraa otsalla n\u00e4y, kun karaokesalilta karaokesalille kulkeva mystinen mestari ottaa tilansa haltuun. Taustalta l\u00f6ytyv\u00e4t murskatut Queenin Bohemian Rhapsody ja Sian Chandellier, eik\u00e4 edes Pink Floydin 4\/4 ja 7\/4 tahtimuutokset tuo riitt\u00e4v\u00e4\u00e4 vastusta. Tuntuu, etteiv\u00e4t alkusoinnut ehdi viel\u00e4 edes alkaa kun sensei vet\u00e4\u00e4 kappaleen chokuzukilla kanveesiin. <\/span><\/div>\n<\/div>\n<div class=\"\" data-block=\"true\" data-editor=\"dqgmc\" data-offset-key=\"9mbrt-0-0\">\n<div class=\"_1mf _1mj\" data-offset-key=\"9mbrt-0-0\"><span data-offset-key=\"9mbrt-0-0\">\u00a0<\/span><\/div>\n<\/div>\n<div class=\"\" data-block=\"true\" data-editor=\"dqgmc\" data-offset-key=\"dh5gu-0-0\">\n<div class=\"_1mf _1mj\" data-offset-key=\"dh5gu-0-0\"><span data-offset-key=\"dh5gu-0-0\">Iskun voimasta j\u00e4\u00e4 j\u00e4ljelle vain mustat, paahtuneet rauniot, joista mestarimme pusertaa uskomattomilla voimillaan tuopillisen t\u00e4yteen. Musta vy\u00f6 karaokessa tosiaankin sis\u00e4lt\u00e4\u00e4 tummaa ja paahtunutta mallasta. S\u00e4vyn syvyyksist\u00e4 ty\u00f6ntyy imeltynytt\u00e4 leip\u00e4m\u00e4isyytt\u00e4, yrttisyytt\u00e4 ja katkeruutta. <\/span><\/div>\n<\/div>\n<div class=\"\" data-block=\"true\" data-editor=\"dqgmc\" data-offset-key=\"dc4mt-0-0\">\n<div class=\"_1mf _1mj\" data-offset-key=\"dc4mt-0-0\"><span data-offset-key=\"dc4mt-0-0\">\u00a0<\/span><\/div>\n<\/div>\n<div class=\"\" data-block=\"true\" data-editor=\"dqgmc\" data-offset-key=\"3b64a-0-0\">\n<div class=\"_1mf _1mj\" data-offset-key=\"3b64a-0-0\"><span data-offset-key=\"3b64a-0-0\">Kokonaisuus ei riitasoinnu, vaan luo ryhdik\u00e4st\u00e4 sek\u00e4 mystisen runsasta tunnelmaa, raikastaen ja tuoden samalla maltaista kuivuutta suutuntumaan. T\u00e4m\u00e4 olut sopii parhaiten meille, jotka tykk\u00e4\u00e4mme harjoitella karatea tai karaokea autotallissa.<\/span><\/div>\n<\/div>\n<p><strong>4,90\u20ac \/ 0,44L (11,14\u20ac\/L) + pantti 0,15\u20ac<\/strong><\/p>","protected":false},"excerpt":{"rendered":"<p>\ud83c\udfa4\ud83e\udd4bMusta vy\u00f6 karaokessa 5,2% | Black lager | Saaz, Tettnanger \ud83e\udd4b\ud83c\udfa4 \u00a0 Kolmen danin mestari availee \u00e4\u00e4nialaansa eik\u00e4 edes hikipisaraa otsalla n\u00e4y, kun karaokesalilta karaokesalille kulkeva mystinen mestari ottaa tilansa haltuun. Taustalta l\u00f6ytyv\u00e4t murskatut Queenin Bohemian Rhapsody ja Sian Chandellier, eik\u00e4 edes Pink Floydin 4\/4 ja 7\/4 tahtimuutokset tuo riitt\u00e4v\u00e4\u00e4 vastusta. Tuntuu, etteiv\u00e4t alkusoinnut ehdi &hellip; <\/p>\n<p class=\"link-more\"><a href=\"https:\/\/www.panimotuju.fi\/en\/product\/musta-vyo-karaokessa-52\/\" class=\"more-link\">Read more<span class=\"screen-reader-text\"> &#8221;Musta vy\u00f6 karaokessa 5,2%&#8221;<\/span><\/a><\/p>","protected":false},"featured_media":13480,"template":"","meta":[],"product_brand":[],"product_cat":[50],"product_tag":[],"class_list":{"0":"post-12759","1":"product","2":"type-product","3":"status-publish","4":"has-post-thumbnail","6":"product_cat-tujun_tuotteet","8":"first","9":"instock","10":"taxable","11":"shipping-taxable","12":"purchasable","13":"product-type-simple"},"jetpack_sharing_enabled":true,"_links":{"self":[{"href":"https:\/\/www.panimotuju.fi\/en\/wp-json\/wp\/v2\/product\/12759","targetHints":{"allow":["GET"]}}],"collection":[{"href":"https:\/\/www.panimotuju.fi\/en\/wp-json\/wp\/v2\/product"}],"about":[{"href":"https:\/\/www.panimotuju.fi\/en\/wp-json\/wp\/v2\/types\/product"}],"wp:featuredmedia":[{"embeddable":true,"href":"https:\/\/www.panimotuju.fi\/en\/wp-json\/wp\/v2\/media\/13480"}],"wp:attachment":[{"href":"https:\/\/www.panimotuju.fi\/en\/wp-json\/wp\/v2\/media?parent=12759"}],"wp:term":[{"taxonomy":"product_brand","embeddable":true,"href":"https:\/\/www.panimotuju.fi\/en\/wp-json\/wp\/v2\/product_brand?post=12759"},{"taxonomy":"product_cat","embeddable":true,"href":"https:\/\/www.panimotuju.fi\/en\/wp-json\/wp\/v2\/product_cat?post=12759"},{"taxonomy":"product_tag","embeddable":true,"href":"https:\/\/www.panimotuju.fi\/en\/wp-json\/wp\/v2\/product_tag?post=12759"}],"curies":[{"name":"wp","href":"https:\/\/api.w.org\/{rel}","templated":true}]}}