{"id":13398,"date":"2023-12-08T11:32:49","date_gmt":"2023-12-08T09:32:49","guid":{"rendered":"https:\/\/www.panimotuju.fi\/?post_type=product&#038;p=13398"},"modified":"2026-04-17T18:54:53","modified_gmt":"2026-04-17T15:54:53","slug":"tyrmays-100","status":"publish","type":"product","link":"https:\/\/www.panimotuju.fi\/en\/product\/tyrmays-100\/","title":{"rendered":"Tyrm\u00e4ys 10,0%"},"content":{"rendered":"<p><b>Tyrm\u00e4ys 10,0% | TIPA | Citra, Cryo Citra, Citra Ingocnito, El dorado, Idaho 7<\/b><\/p>\n<p>Ep\u00e4ilyst\u00e4 ei ole. Pistetuomarien ilta oli t\u00e4ysin turha.<\/p>\n<p>Tyrm\u00e4ys starttaa hyv\u00e4ll\u00e4 askelkuviolla, jossa jabissa puraisee tiukkaa sitruksisuutta ja h\u00e4m\u00e4yksen limetti\u00e4. Kesken matsin iskee ristiin trooppista hedelm\u00e4\u00e4 ja kyps\u00e4n makeaa mangoa. Prosenteista k\u00e4y selv\u00e4ksi, ettei t\u00e4nne ole l\u00e4hdetty sparraamaan. Irtoavat korvat ja mattoon iskev\u00e4 uppari ananasta ja kivihedelm\u00e4\u00e4 vaivuttavat sinut kohti floraalista p\u00e4iv\u00e4unta. Tiikerinsilm\u00e4 soi, mutta vaikka prosentit iskev\u00e4t kuin hevosenkenk\u00e4 hanskassa, on Tyrm\u00e4ys-TIPA kokonaisuutena varsin paksu, muhkea ja h\u00e4mment\u00e4v\u00e4n pehme\u00e4.<\/p>\n<p>Tyrm\u00e4ys &#8211; TIPA on kiistattomasti Tujun raskaan sarjan muhkeimmin humaloitu t\u00f6rp\u00f6tin.<\/p>\n<p><strong>8,50\u20ac \/ 0,44L (19,31\u20ac\/L) Ei panttia.<\/strong><\/p>","protected":false},"excerpt":{"rendered":"<p>Tyrm\u00e4ys 10,0% | TIPA | Citra, Cryo Citra, Citra Ingocnito, El dorado, Idaho 7 Ep\u00e4ilyst\u00e4 ei ole. Pistetuomarien ilta oli t\u00e4ysin turha. Tyrm\u00e4ys starttaa hyv\u00e4ll\u00e4 askelkuviolla, jossa jabissa puraisee tiukkaa sitruksisuutta ja h\u00e4m\u00e4yksen limetti\u00e4. Kesken matsin iskee ristiin trooppista hedelm\u00e4\u00e4 ja kyps\u00e4n makeaa mangoa. Prosenteista k\u00e4y selv\u00e4ksi, ettei t\u00e4nne ole l\u00e4hdetty sparraamaan. Irtoavat korvat ja &hellip; <\/p>\n<p class=\"link-more\"><a href=\"https:\/\/www.panimotuju.fi\/en\/product\/tyrmays-100\/\" class=\"more-link\">Read more<span class=\"screen-reader-text\"> &#8221;Tyrm\u00e4ys 10,0%&#8221;<\/span><\/a><\/p>","protected":false},"featured_media":13474,"template":"","meta":[],"product_brand":[],"product_cat":[50],"product_tag":[],"class_list":{"0":"post-13398","1":"product","2":"type-product","3":"status-publish","4":"has-post-thumbnail","6":"product_cat-tujun_tuotteet","8":"first","9":"instock","10":"taxable","11":"shipping-taxable","12":"purchasable","13":"product-type-simple"},"jetpack_sharing_enabled":true,"_links":{"self":[{"href":"https:\/\/www.panimotuju.fi\/en\/wp-json\/wp\/v2\/product\/13398","targetHints":{"allow":["GET"]}}],"collection":[{"href":"https:\/\/www.panimotuju.fi\/en\/wp-json\/wp\/v2\/product"}],"about":[{"href":"https:\/\/www.panimotuju.fi\/en\/wp-json\/wp\/v2\/types\/product"}],"wp:featuredmedia":[{"embeddable":true,"href":"https:\/\/www.panimotuju.fi\/en\/wp-json\/wp\/v2\/media\/13474"}],"wp:attachment":[{"href":"https:\/\/www.panimotuju.fi\/en\/wp-json\/wp\/v2\/media?parent=13398"}],"wp:term":[{"taxonomy":"product_brand","embeddable":true,"href":"https:\/\/www.panimotuju.fi\/en\/wp-json\/wp\/v2\/product_brand?post=13398"},{"taxonomy":"product_cat","embeddable":true,"href":"https:\/\/www.panimotuju.fi\/en\/wp-json\/wp\/v2\/product_cat?post=13398"},{"taxonomy":"product_tag","embeddable":true,"href":"https:\/\/www.panimotuju.fi\/en\/wp-json\/wp\/v2\/product_tag?post=13398"}],"curies":[{"name":"wp","href":"https:\/\/api.w.org\/{rel}","templated":true}]}}