{"id":13890,"date":"2024-03-03T13:49:03","date_gmt":"2024-03-03T11:49:03","guid":{"rendered":"https:\/\/www.panimotuju.fi\/?post_type=product&#038;p=13890"},"modified":"2026-04-17T14:17:08","modified_gmt":"2026-04-17T11:17:08","slug":"multainen-noutaja-105-2","status":"publish","type":"product","link":"https:\/\/www.panimotuju.fi\/en\/product\/multainen-noutaja-105-2\/","title":{"rendered":"Multainen Noutaja 10,5%"},"content":{"rendered":"<p><strong>Multainen Noutaja 10,5% | Imperial stout<\/strong><\/p>\n<p>T\u00e4m\u00e4 t\u00e4ss\u00e4 on imperial stout. Sit\u00e4 ei ole tehty <strong>etanoista, sammakoista, koiranh\u00e4nn\u00e4n tupsukoista<\/strong> saati <strong>sokerista, kanelista, inkiv\u00e4\u00e4rist\u00e4 ja kukkasista<\/strong>. T\u00e4m\u00e4nkertainen musta olut edustaa brittityylisemp\u00e4\u00e4 l\u00e4hestymist\u00e4 t\u00e4h\u00e4n muhkeampaan ja mullanv\u00e4riseen tummaan herkkuun.<\/p>\n<p>Lasiin kaatuu musta olut ja kaunis vaahtotukka, jonka maltaisen makea sek\u00e4 leip\u00e4m\u00e4isen huumaava tuoksu notkistaa j\u00e4ykistyneemm\u00e4tkin j\u00e4senet.<br \/>\nMoniulotteinen suklaisen makea ja kahvinen runko yhdess\u00e4 kuohkean suutuntuman ja lik\u00f6\u00f6rim\u00e4isen l\u00e4mmitt\u00e4v\u00e4n j\u00e4lkiliu&#8217;un kera pakottavat ottamaan toisenkin h\u00f6rpyn vaikka kieli irtoaisi. Raajojen lis\u00e4ksi my\u00f6s oluesta irtoaa l\u00e4mmetess\u00e4 aivonystyr\u00f6it\u00e4 kutkuttavia ulottuvuuksia \ud83e\udde0!<br \/>\n<strong>6,20\u20ac\/0,44L (13,64\u20ac\/L) + 0,15\u20ac pantti<\/strong><\/p>","protected":false},"excerpt":{"rendered":"<p>Multainen Noutaja 10,5% | Imperial stout T\u00e4m\u00e4 t\u00e4ss\u00e4 on imperial stout. Sit\u00e4 ei ole tehty etanoista, sammakoista, koiranh\u00e4nn\u00e4n tupsukoista saati sokerista, kanelista, inkiv\u00e4\u00e4rist\u00e4 ja kukkasista. T\u00e4m\u00e4nkertainen musta olut edustaa brittityylisemp\u00e4\u00e4 l\u00e4hestymist\u00e4 t\u00e4h\u00e4n muhkeampaan ja mullanv\u00e4riseen tummaan herkkuun. Lasiin kaatuu musta olut ja kaunis vaahtotukka, jonka maltaisen makea sek\u00e4 leip\u00e4m\u00e4isen huumaava tuoksu notkistaa j\u00e4ykistyneemm\u00e4tkin j\u00e4senet. Moniulotteinen &hellip; <\/p>\n<p class=\"link-more\"><a href=\"https:\/\/www.panimotuju.fi\/en\/product\/multainen-noutaja-105-2\/\" class=\"more-link\">Read more<span class=\"screen-reader-text\"> &#8221;Multainen Noutaja 10,5%&#8221;<\/span><\/a><\/p>","protected":false},"featured_media":13979,"template":"","meta":[],"product_brand":[],"product_cat":[50],"product_tag":[],"class_list":{"0":"post-13890","1":"product","2":"type-product","3":"status-publish","4":"has-post-thumbnail","6":"product_cat-tujun_tuotteet","8":"first","9":"instock","10":"taxable","11":"shipping-taxable","12":"purchasable","13":"product-type-simple"},"jetpack_sharing_enabled":true,"_links":{"self":[{"href":"https:\/\/www.panimotuju.fi\/en\/wp-json\/wp\/v2\/product\/13890","targetHints":{"allow":["GET"]}}],"collection":[{"href":"https:\/\/www.panimotuju.fi\/en\/wp-json\/wp\/v2\/product"}],"about":[{"href":"https:\/\/www.panimotuju.fi\/en\/wp-json\/wp\/v2\/types\/product"}],"wp:featuredmedia":[{"embeddable":true,"href":"https:\/\/www.panimotuju.fi\/en\/wp-json\/wp\/v2\/media\/13979"}],"wp:attachment":[{"href":"https:\/\/www.panimotuju.fi\/en\/wp-json\/wp\/v2\/media?parent=13890"}],"wp:term":[{"taxonomy":"product_brand","embeddable":true,"href":"https:\/\/www.panimotuju.fi\/en\/wp-json\/wp\/v2\/product_brand?post=13890"},{"taxonomy":"product_cat","embeddable":true,"href":"https:\/\/www.panimotuju.fi\/en\/wp-json\/wp\/v2\/product_cat?post=13890"},{"taxonomy":"product_tag","embeddable":true,"href":"https:\/\/www.panimotuju.fi\/en\/wp-json\/wp\/v2\/product_tag?post=13890"}],"curies":[{"name":"wp","href":"https:\/\/api.w.org\/{rel}","templated":true}]}}