{"id":14315,"date":"2024-04-11T08:42:59","date_gmt":"2024-04-11T05:42:59","guid":{"rendered":"https:\/\/www.panimotuju.fi\/?post_type=product&#038;p=14315"},"modified":"2026-05-03T19:31:07","modified_gmt":"2026-05-03T16:31:07","slug":"czech-fraud-50","status":"publish","type":"product","link":"https:\/\/www.panimotuju.fi\/en\/product\/czech-fraud-50\/","title":{"rendered":"Czech Fraud 5,0%"},"content":{"rendered":"<p data-start=\"123\" data-end=\"177\"><strong data-start=\"123\" data-end=\"177\">Czech Fraud 5,0% | Double Decoction Pilsner | Saaz<\/strong><\/p>\n<p data-start=\"179\" data-end=\"363\">Czech Fraud tekee paluun &#8211; kirkkaana, raikkaana ja entist\u00e4kin juonikkaampana. T\u00e4m\u00e4 ei ole mik\u00e4 tahansa pilsner, vaan <strong data-start=\"296\" data-end=\"330\"><em>double decoction<\/em> -m\u00e4sk\u00e4yksell\u00e4<\/strong> valmistettu huijaustsekkipilssi.<\/p>\n<p data-start=\"365\" data-end=\"673\">Double decoction on perinteinen m\u00e4sk\u00e4ystapa, jossa osa m\u00e4ski\u00e4 keitet\u00e4\u00e4n erikseen ja palautetaan p\u00e4\u00e4m\u00e4skier\u00e4\u00e4n. Se on vaativa, mutta palkitseva panotapa,\u00a0 etenkin silloin kun halutaan tehd\u00e4 autenttinen, &#8221;old school&#8221; pilsner. Lopputuloksena on syvempi ja luonteikkaampi maltaisuus, t\u00e4ytel\u00e4isempi suutuntuma sek\u00e4 erinomainen juotavuus.<\/p>\n<p data-start=\"675\" data-end=\"805\">Klassiseen tyyliin humalointiin on k\u00e4ytetty yksinomaan <strong data-start=\"730\" data-end=\"740\">Saazia<\/strong>, joka tuo mukaan hienostuneen mausteisuuden ja lempe\u00e4n katkeron.<\/p>\n<p data-start=\"807\" data-end=\"956\">Kevyt, virkist\u00e4v\u00e4 ja h\u00e4m\u00e4\u00e4v\u00e4n helppo.\u00a0<em data-start=\"908\" data-end=\"956\"> Katsotaan meneek\u00f6 t\u00e4m\u00e4 suoritus pankissa l\u00e4pi?<\/em><\/p>\n<p><strong>5,00\u20ac \/ 0,44L (11,36\u20ac\/L) +pantti 0,15\u20ac<\/strong><\/p>","protected":false},"excerpt":{"rendered":"<p>Czech Fraud 5,0% | Double Decoction Pilsner | Saaz Czech Fraud tekee paluun &#8211; kirkkaana, raikkaana ja entist\u00e4kin juonikkaampana. T\u00e4m\u00e4 ei ole mik\u00e4 tahansa pilsner, vaan double decoction -m\u00e4sk\u00e4yksell\u00e4 valmistettu huijaustsekkipilssi. Double decoction on perinteinen m\u00e4sk\u00e4ystapa, jossa osa m\u00e4ski\u00e4 keitet\u00e4\u00e4n erikseen ja palautetaan p\u00e4\u00e4m\u00e4skier\u00e4\u00e4n. Se on vaativa, mutta palkitseva panotapa,\u00a0 etenkin silloin kun halutaan tehd\u00e4 &hellip; <\/p>\n<p class=\"link-more\"><a href=\"https:\/\/www.panimotuju.fi\/en\/product\/czech-fraud-50\/\" class=\"more-link\">Read more<span class=\"screen-reader-text\"> &#8221;Czech Fraud 5,0%&#8221;<\/span><\/a><\/p>","protected":false},"featured_media":14386,"template":"","meta":[],"product_brand":[],"product_cat":[50],"product_tag":[],"class_list":{"0":"post-14315","1":"product","2":"type-product","3":"status-publish","4":"has-post-thumbnail","6":"product_cat-tujun_tuotteet","8":"first","9":"instock","10":"taxable","11":"shipping-taxable","12":"purchasable","13":"product-type-simple"},"jetpack_sharing_enabled":true,"_links":{"self":[{"href":"https:\/\/www.panimotuju.fi\/en\/wp-json\/wp\/v2\/product\/14315","targetHints":{"allow":["GET"]}}],"collection":[{"href":"https:\/\/www.panimotuju.fi\/en\/wp-json\/wp\/v2\/product"}],"about":[{"href":"https:\/\/www.panimotuju.fi\/en\/wp-json\/wp\/v2\/types\/product"}],"wp:featuredmedia":[{"embeddable":true,"href":"https:\/\/www.panimotuju.fi\/en\/wp-json\/wp\/v2\/media\/14386"}],"wp:attachment":[{"href":"https:\/\/www.panimotuju.fi\/en\/wp-json\/wp\/v2\/media?parent=14315"}],"wp:term":[{"taxonomy":"product_brand","embeddable":true,"href":"https:\/\/www.panimotuju.fi\/en\/wp-json\/wp\/v2\/product_brand?post=14315"},{"taxonomy":"product_cat","embeddable":true,"href":"https:\/\/www.panimotuju.fi\/en\/wp-json\/wp\/v2\/product_cat?post=14315"},{"taxonomy":"product_tag","embeddable":true,"href":"https:\/\/www.panimotuju.fi\/en\/wp-json\/wp\/v2\/product_tag?post=14315"}],"curies":[{"name":"wp","href":"https:\/\/api.w.org\/{rel}","templated":true}]}}