{"id":14678,"date":"2024-05-14T13:09:10","date_gmt":"2024-05-14T10:09:10","guid":{"rendered":"https:\/\/www.panimotuju.fi\/?post_type=product&#038;p=14678"},"modified":"2026-04-01T15:46:16","modified_gmt":"2026-04-01T12:46:16","slug":"t-paita-mosh-go-2024","status":"publish","type":"product","link":"https:\/\/www.panimotuju.fi\/en\/product\/t-paita-mosh-go-2024\/","title":{"rendered":"T-paita, Mosh &#038; Go 2025"},"content":{"rendered":"<p>\u00c4l\u00e4 turhaan lotraa vedell\u00e4 tai k\u00e4yt\u00e4 aikaasi aikaa viev\u00e4\u00e4n pyykinpesuun. T\u00e4m\u00e4 Stam1nan kanssa yhteisty\u00f6ss\u00e4 suunniteltu keikka-asuste kest\u00e4\u00e4 vuodesta toiseen raikkaana ja el\u00e4m\u00e4n tuoksuisena. \u00c4l\u00e4 pukeudu n\u00f6ssytellen vaan valitse Mosh &amp; Go!<\/p>\n<p>Nouto panimokaupasta 0\u20ac ja toimitukset muualle Suomeen erikseen ostettavalla 6\u20ac-postitustuotteella.<\/p>","protected":false},"excerpt":{"rendered":"<p>\u00c4l\u00e4 turhaan lotraa vedell\u00e4 tai k\u00e4yt\u00e4 aikaasi aikaa viev\u00e4\u00e4n pyykinpesuun. T\u00e4m\u00e4 Stam1nan kanssa yhteisty\u00f6ss\u00e4 suunniteltu keikka-asuste kest\u00e4\u00e4 vuodesta toiseen raikkaana ja el\u00e4m\u00e4n tuoksuisena. \u00c4l\u00e4 pukeudu n\u00f6ssytellen vaan valitse Mosh &amp; Go! Nouto panimokaupasta 0\u20ac ja toimitukset muualle Suomeen erikseen ostettavalla 6\u20ac-postitustuotteella.<\/p>","protected":false},"featured_media":17982,"template":"","meta":[],"product_brand":[],"product_cat":[67],"product_tag":[],"class_list":{"0":"post-14678","1":"product","2":"type-product","3":"status-publish","4":"has-post-thumbnail","6":"product_cat-oiheistuotteet","8":"first","9":"instock","10":"taxable","11":"shipping-taxable","12":"purchasable","13":"product-type-variable"},"jetpack_sharing_enabled":true,"_links":{"self":[{"href":"https:\/\/www.panimotuju.fi\/en\/wp-json\/wp\/v2\/product\/14678","targetHints":{"allow":["GET"]}}],"collection":[{"href":"https:\/\/www.panimotuju.fi\/en\/wp-json\/wp\/v2\/product"}],"about":[{"href":"https:\/\/www.panimotuju.fi\/en\/wp-json\/wp\/v2\/types\/product"}],"wp:featuredmedia":[{"embeddable":true,"href":"https:\/\/www.panimotuju.fi\/en\/wp-json\/wp\/v2\/media\/17982"}],"wp:attachment":[{"href":"https:\/\/www.panimotuju.fi\/en\/wp-json\/wp\/v2\/media?parent=14678"}],"wp:term":[{"taxonomy":"product_brand","embeddable":true,"href":"https:\/\/www.panimotuju.fi\/en\/wp-json\/wp\/v2\/product_brand?post=14678"},{"taxonomy":"product_cat","embeddable":true,"href":"https:\/\/www.panimotuju.fi\/en\/wp-json\/wp\/v2\/product_cat?post=14678"},{"taxonomy":"product_tag","embeddable":true,"href":"https:\/\/www.panimotuju.fi\/en\/wp-json\/wp\/v2\/product_tag?post=14678"}],"curies":[{"name":"wp","href":"https:\/\/api.w.org\/{rel}","templated":true}]}}