{"id":15066,"date":"2024-06-10T11:16:59","date_gmt":"2024-06-10T08:16:59","guid":{"rendered":"https:\/\/www.panimotuju.fi\/?post_type=product&#038;p=15066"},"modified":"2024-10-21T09:12:23","modified_gmt":"2024-10-21T06:12:23","slug":"shapes-objects-beer-co-dinosaur-shapes-60","status":"publish","type":"product","link":"https:\/\/www.panimotuju.fi\/en\/product\/shapes-objects-beer-co-dinosaur-shapes-60\/","title":{"rendered":"Shapes and Objects Beer Co  &#8211; Dinosaur Shapes 6,0%"},"content":{"rendered":"<p><strong>Shapes &amp; Objects | Dinosaur Shapes 6,0% | Deep Cherry Chocolate Cake Inspired Sour<\/strong><\/p>\n<p><em>Vain meill\u00e4 Suomessa ulosmyynniss\u00e4!<\/em><\/p>\n<p>Shapes &amp; Objects syntyi uskomuksesta, ett\u00e4 oluen, kuten el\u00e4m\u00e4nkin, on tarkoitus olla sosiaalista ja hauskaa. Yhteisty\u00f6, yst\u00e4vyys ja utelias tutkiminen ovat heid\u00e4n mottonsa. Kyseess\u00e4 on nanopanimo <strong>Karstadista, Ruotsista<\/strong>. T\u00f6lkit on tehty Ten Hands Brewryll\u00e4.<\/p>\n<p><strong>Dinosaur Shapes 6,0%<\/strong>: Kirsikkahedelm\u00e4inen sour, jossa yhdistyy makea ja hapan. Kirpe\u00e4t kirsikat sekoittuvat syviin tumman suklaakakun aromeihin.<\/p>\n<p><strong>5,70\u20ac \/ 0,33L tlk (17,27\u20ac\/L) <\/strong><\/p>\n<p>&nbsp;<\/p>\n<p>&nbsp;<\/p>\n<p>&nbsp;<\/p>\n<p>&nbsp;<\/p>\n<p>&nbsp;<\/p>","protected":false},"excerpt":{"rendered":"<p>Shapes &amp; Objects | Dinosaur Shapes 6,0% | Deep Cherry Chocolate Cake Inspired Sour Vain meill\u00e4 Suomessa ulosmyynniss\u00e4! Shapes &amp; Objects syntyi uskomuksesta, ett\u00e4 oluen, kuten el\u00e4m\u00e4nkin, on tarkoitus olla sosiaalista ja hauskaa. Yhteisty\u00f6, yst\u00e4vyys ja utelias tutkiminen ovat heid\u00e4n mottonsa. Kyseess\u00e4 on nanopanimo Karstadista, Ruotsista. T\u00f6lkit on tehty Ten Hands Brewryll\u00e4. Dinosaur Shapes 6,0%: &hellip; <\/p>\n<p class=\"link-more\"><a href=\"https:\/\/www.panimotuju.fi\/en\/product\/shapes-objects-beer-co-dinosaur-shapes-60\/\" class=\"more-link\">Read more<span class=\"screen-reader-text\"> &#8221;Shapes and Objects Beer Co  &#8211; Dinosaur Shapes 6,0%&#8221;<\/span><\/a><\/p>","protected":false},"featured_media":15069,"template":"","meta":[],"product_brand":[],"product_cat":[62],"product_tag":[],"class_list":{"0":"post-15066","1":"product","2":"type-product","3":"status-publish","4":"has-post-thumbnail","6":"product_cat-vieras","8":"first","9":"outofstock","10":"taxable","11":"shipping-taxable","12":"purchasable","13":"product-type-simple"},"jetpack_sharing_enabled":true,"_links":{"self":[{"href":"https:\/\/www.panimotuju.fi\/en\/wp-json\/wp\/v2\/product\/15066","targetHints":{"allow":["GET"]}}],"collection":[{"href":"https:\/\/www.panimotuju.fi\/en\/wp-json\/wp\/v2\/product"}],"about":[{"href":"https:\/\/www.panimotuju.fi\/en\/wp-json\/wp\/v2\/types\/product"}],"wp:featuredmedia":[{"embeddable":true,"href":"https:\/\/www.panimotuju.fi\/en\/wp-json\/wp\/v2\/media\/15069"}],"wp:attachment":[{"href":"https:\/\/www.panimotuju.fi\/en\/wp-json\/wp\/v2\/media?parent=15066"}],"wp:term":[{"taxonomy":"product_brand","embeddable":true,"href":"https:\/\/www.panimotuju.fi\/en\/wp-json\/wp\/v2\/product_brand?post=15066"},{"taxonomy":"product_cat","embeddable":true,"href":"https:\/\/www.panimotuju.fi\/en\/wp-json\/wp\/v2\/product_cat?post=15066"},{"taxonomy":"product_tag","embeddable":true,"href":"https:\/\/www.panimotuju.fi\/en\/wp-json\/wp\/v2\/product_tag?post=15066"}],"curies":[{"name":"wp","href":"https:\/\/api.w.org\/{rel}","templated":true}]}}