{"id":15122,"date":"2024-06-11T12:45:50","date_gmt":"2024-06-11T09:45:50","guid":{"rendered":"https:\/\/www.panimotuju.fi\/?post_type=product&#038;p=15122"},"modified":"2026-04-29T11:11:52","modified_gmt":"2026-04-29T08:11:52","slug":"snails-bank-vintage-69","status":"publish","type":"product","link":"https:\/\/www.panimotuju.fi\/en\/product\/snails-bank-vintage-69\/","title":{"rendered":"Snails Bank &#8211; Vintage 6,9%"},"content":{"rendered":"<p><strong>Snails Bankin<\/strong> siiderit on tehty Britannian omenasyd\u00e4nmailla eli Herefodshiress\u00e4. Siidereiden tuotantoon valitaan paikallisesta sadosta parhaat tarjokkaat. Siiderit tehd\u00e4\u00e4n perinteisesti, mutta osuvat hyvin my\u00f6s moderniin makumaailmaan. Snails Bank luottaa kemikaalittomiin prosesseihin ja he haluavat tehd\u00e4 siidereit\u00e4\u00e4n luonnollisesti, ei luontoa vastaan.<\/p>\n<p><strong>Vintage 6,9%<\/strong>: Sadon parhaista Dabinett-, Gilly- ja Harry Masters -lajikkeiden omenoista valmistettu puolikuiva siideri.<\/p>\n<p><strong>9,50\u20ac \/ 0,5L (19,00\u20ac\/L)<\/strong><\/p>","protected":false},"excerpt":{"rendered":"<p>Snails Bankin siiderit on tehty Britannian omenasyd\u00e4nmailla eli Herefodshiress\u00e4. Siidereiden tuotantoon valitaan paikallisesta sadosta parhaat tarjokkaat. Siiderit tehd\u00e4\u00e4n perinteisesti, mutta osuvat hyvin my\u00f6s moderniin makumaailmaan. Snails Bank luottaa kemikaalittomiin prosesseihin ja he haluavat tehd\u00e4 siidereit\u00e4\u00e4n luonnollisesti, ei luontoa vastaan. Vintage 6,9%: Sadon parhaista Dabinett-, Gilly- ja Harry Masters -lajikkeiden omenoista valmistettu puolikuiva siideri. 9,50\u20ac \/ &hellip; <\/p>\n<p class=\"link-more\"><a href=\"https:\/\/www.panimotuju.fi\/en\/product\/snails-bank-vintage-69\/\" class=\"more-link\">Read more<span class=\"screen-reader-text\"> &#8221;Snails Bank &#8211; Vintage 6,9%&#8221;<\/span><\/a><\/p>","protected":false},"featured_media":15126,"template":"","meta":[],"product_brand":[],"product_cat":[84],"product_tag":[],"class_list":{"0":"post-15122","1":"product","2":"type-product","3":"status-publish","4":"has-post-thumbnail","6":"product_cat-siiderit","8":"first","9":"instock","10":"taxable","11":"shipping-taxable","12":"purchasable","13":"product-type-simple"},"jetpack_sharing_enabled":true,"_links":{"self":[{"href":"https:\/\/www.panimotuju.fi\/en\/wp-json\/wp\/v2\/product\/15122","targetHints":{"allow":["GET"]}}],"collection":[{"href":"https:\/\/www.panimotuju.fi\/en\/wp-json\/wp\/v2\/product"}],"about":[{"href":"https:\/\/www.panimotuju.fi\/en\/wp-json\/wp\/v2\/types\/product"}],"wp:featuredmedia":[{"embeddable":true,"href":"https:\/\/www.panimotuju.fi\/en\/wp-json\/wp\/v2\/media\/15126"}],"wp:attachment":[{"href":"https:\/\/www.panimotuju.fi\/en\/wp-json\/wp\/v2\/media?parent=15122"}],"wp:term":[{"taxonomy":"product_brand","embeddable":true,"href":"https:\/\/www.panimotuju.fi\/en\/wp-json\/wp\/v2\/product_brand?post=15122"},{"taxonomy":"product_cat","embeddable":true,"href":"https:\/\/www.panimotuju.fi\/en\/wp-json\/wp\/v2\/product_cat?post=15122"},{"taxonomy":"product_tag","embeddable":true,"href":"https:\/\/www.panimotuju.fi\/en\/wp-json\/wp\/v2\/product_tag?post=15122"}],"curies":[{"name":"wp","href":"https:\/\/api.w.org\/{rel}","templated":true}]}}