{"id":15803,"date":"2024-09-01T15:09:22","date_gmt":"2024-09-01T12:09:22","guid":{"rendered":"https:\/\/www.panimotuju.fi\/?post_type=product&#038;p=15803"},"modified":"2024-12-09T11:14:41","modified_gmt":"2024-12-09T09:14:41","slug":"coolhead-infinite-haze-v9-60","status":"publish","type":"product","link":"https:\/\/www.panimotuju.fi\/en\/product\/coolhead-infinite-haze-v9-60\/","title":{"rendered":"CoolHead &#8211; Infinite Haze V9 6,0%"},"content":{"rendered":"<p>CoolHead Brew on vuonna 2016 toimintansa aloittanut pienpanimo, joka tunnetaan erityisesti hapanoluistaan. Panimon missiona on asettaa Suomi pienpanimoiden maailmankartalle. CoolHead pyrkii t\u00e4t\u00e4 kohti valmistamalla j\u00e4nnitt\u00e4vi\u00e4, moderneja oluita joiden makuprofiilit luovat symbiooseja pohjoismaisten ja eksoottisten makujen v\u00e4lille. CoolHead j\u00e4rjest\u00e4\u00e4 my\u00f6s vuosittain Craft Beer Garden Festivalia, joka on Suomen kuumimpia oluttapahtumia!<\/p>\n<p><strong>CoolHead | Infinite Haze V9 6,0% | Hazy IPA<\/strong>: Sameiden hedelm\u00e4mehujen sarjan uusimman julkaisun keski\u00f6ss\u00e4 suhteellisen tuore, vahvan ananaksinen humalalajike BRU-1 ja panimon rakastama trooppishedelm\u00e4inen Nectaron!<\/p>\n<p><strong><span style=\"text-decoration: line-through;\">6,80\u20ac \/0,44L (15,45\u20ac\/L)<\/span><\/strong><\/p>\n<p><strong>ALENNETTU HINTA 4,00\u20ac \/ 0,44L (9,09\u20ac\/L)<\/strong><\/p>\n<p>Hinta voimassa 28.12.2024 asti tai niin kauan, kuin tavaraa riitt\u00e4\u00e4.<\/p>","protected":false},"excerpt":{"rendered":"<p>CoolHead Brew on vuonna 2016 toimintansa aloittanut pienpanimo, joka tunnetaan erityisesti hapanoluistaan. Panimon missiona on asettaa Suomi pienpanimoiden maailmankartalle. CoolHead pyrkii t\u00e4t\u00e4 kohti valmistamalla j\u00e4nnitt\u00e4vi\u00e4, moderneja oluita joiden makuprofiilit luovat symbiooseja pohjoismaisten ja eksoottisten makujen v\u00e4lille. CoolHead j\u00e4rjest\u00e4\u00e4 my\u00f6s vuosittain Craft Beer Garden Festivalia, joka on Suomen kuumimpia oluttapahtumia! CoolHead | Infinite Haze V9 6,0% &hellip; <\/p>\n<p class=\"link-more\"><a href=\"https:\/\/www.panimotuju.fi\/en\/product\/coolhead-infinite-haze-v9-60\/\" class=\"more-link\">Read more<span class=\"screen-reader-text\"> &#8221;CoolHead &#8211; Infinite Haze V9 6,0%&#8221;<\/span><\/a><\/p>","protected":false},"featured_media":15833,"template":"","meta":[],"product_brand":[],"product_cat":[62],"product_tag":[],"class_list":{"0":"post-15803","1":"product","2":"type-product","3":"status-publish","4":"has-post-thumbnail","6":"product_cat-vieras","8":"first","9":"outofstock","10":"taxable","11":"shipping-taxable","12":"purchasable","13":"product-type-simple"},"jetpack_sharing_enabled":true,"_links":{"self":[{"href":"https:\/\/www.panimotuju.fi\/en\/wp-json\/wp\/v2\/product\/15803","targetHints":{"allow":["GET"]}}],"collection":[{"href":"https:\/\/www.panimotuju.fi\/en\/wp-json\/wp\/v2\/product"}],"about":[{"href":"https:\/\/www.panimotuju.fi\/en\/wp-json\/wp\/v2\/types\/product"}],"wp:featuredmedia":[{"embeddable":true,"href":"https:\/\/www.panimotuju.fi\/en\/wp-json\/wp\/v2\/media\/15833"}],"wp:attachment":[{"href":"https:\/\/www.panimotuju.fi\/en\/wp-json\/wp\/v2\/media?parent=15803"}],"wp:term":[{"taxonomy":"product_brand","embeddable":true,"href":"https:\/\/www.panimotuju.fi\/en\/wp-json\/wp\/v2\/product_brand?post=15803"},{"taxonomy":"product_cat","embeddable":true,"href":"https:\/\/www.panimotuju.fi\/en\/wp-json\/wp\/v2\/product_cat?post=15803"},{"taxonomy":"product_tag","embeddable":true,"href":"https:\/\/www.panimotuju.fi\/en\/wp-json\/wp\/v2\/product_tag?post=15803"}],"curies":[{"name":"wp","href":"https:\/\/api.w.org\/{rel}","templated":true}]}}