{"id":16056,"date":"2024-10-05T19:14:15","date_gmt":"2024-10-05T16:14:15","guid":{"rendered":"https:\/\/www.panimotuju.fi\/?post_type=product&#038;p=16056"},"modified":"2025-06-29T17:50:22","modified_gmt":"2025-06-29T14:50:22","slug":"gueuzerie-tilquin-be-sureau-66","status":"publish","type":"product","link":"https:\/\/www.panimotuju.fi\/en\/product\/gueuzerie-tilquin-be-sureau-66\/","title":{"rendered":"Gueuzerie Tilquin (BE) &#8211; Sureau 6,6%"},"content":{"rendered":"<p><b>Tilquin\u00a0<\/b>on Belgian Wallonian alueen ainoa geuze-blendaamo tuottaen erilaisilla marjoilla ja hedelmill\u00e4 maustettuja lambic-oluita. Belgian mittakaavalla nuori blendaamo, sill\u00e4 toiminta on alkanut vasta vuonna 2009. Nuoresta i\u00e4st\u00e4\u00e4n huolimatta Tilquin kunnioittaa perinteit\u00e4 ja tuottaa laadukkaita, maailmalla tunnettuja lambiceja.<\/p>\n<p><strong>Sureau 6,6%<\/strong>: Seljanmarjalla maustettu lambic.<\/p>\n<p><strong>15,90\u20ac \/0,375L (42,40\u20ac\/L)<\/strong><\/p>","protected":false},"excerpt":{"rendered":"<p>Tilquin\u00a0on Belgian Wallonian alueen ainoa geuze-blendaamo tuottaen erilaisilla marjoilla ja hedelmill\u00e4 maustettuja lambic-oluita. Belgian mittakaavalla nuori blendaamo, sill\u00e4 toiminta on alkanut vasta vuonna 2009. Nuoresta i\u00e4st\u00e4\u00e4n huolimatta Tilquin kunnioittaa perinteit\u00e4 ja tuottaa laadukkaita, maailmalla tunnettuja lambiceja. Sureau 6,6%: Seljanmarjalla maustettu lambic. 15,90\u20ac \/0,375L (42,40\u20ac\/L)<\/p>","protected":false},"featured_media":16053,"template":"","meta":[],"product_brand":[],"product_cat":[62],"product_tag":[],"class_list":{"0":"post-16056","1":"product","2":"type-product","3":"status-publish","4":"has-post-thumbnail","6":"product_cat-vieras","8":"first","9":"outofstock","10":"taxable","11":"shipping-taxable","12":"purchasable","13":"product-type-simple"},"jetpack_sharing_enabled":true,"_links":{"self":[{"href":"https:\/\/www.panimotuju.fi\/en\/wp-json\/wp\/v2\/product\/16056","targetHints":{"allow":["GET"]}}],"collection":[{"href":"https:\/\/www.panimotuju.fi\/en\/wp-json\/wp\/v2\/product"}],"about":[{"href":"https:\/\/www.panimotuju.fi\/en\/wp-json\/wp\/v2\/types\/product"}],"wp:featuredmedia":[{"embeddable":true,"href":"https:\/\/www.panimotuju.fi\/en\/wp-json\/wp\/v2\/media\/16053"}],"wp:attachment":[{"href":"https:\/\/www.panimotuju.fi\/en\/wp-json\/wp\/v2\/media?parent=16056"}],"wp:term":[{"taxonomy":"product_brand","embeddable":true,"href":"https:\/\/www.panimotuju.fi\/en\/wp-json\/wp\/v2\/product_brand?post=16056"},{"taxonomy":"product_cat","embeddable":true,"href":"https:\/\/www.panimotuju.fi\/en\/wp-json\/wp\/v2\/product_cat?post=16056"},{"taxonomy":"product_tag","embeddable":true,"href":"https:\/\/www.panimotuju.fi\/en\/wp-json\/wp\/v2\/product_tag?post=16056"}],"curies":[{"name":"wp","href":"https:\/\/api.w.org\/{rel}","templated":true}]}}