{"id":16203,"date":"2024-10-23T12:30:28","date_gmt":"2024-10-23T09:30:28","guid":{"rendered":"https:\/\/www.panimotuju.fi\/?post_type=product&#038;p=16203"},"modified":"2026-04-28T17:15:48","modified_gmt":"2026-04-28T14:15:48","slug":"crocodile_dundee","status":"publish","type":"product","link":"https:\/\/www.panimotuju.fi\/en\/product\/crocodile_dundee\/","title":{"rendered":"Malligaattori 7,0%"},"content":{"rendered":"<p><strong>Malligaattori 7,0% | NEIPA | Nelson Sauvin, Motueka, Rakau<\/strong><\/p>\n<p>Strike a pose! Fashion weekill\u00e4 lavalle kampeaa Uuden-Seelannin tyylill\u00e4 humaloitu NEIPA, joka paljastuu varsinaiseksi Haute coutureksi. Jo casting-vaiheessa huippumalligaattori oli kuononmitalla muita upeampi. Punaista mattoa ei suinkaan valloiteta pelk\u00e4st\u00e4\u00e4n olemalla sulavalinjainen m\u00f6hk\u00e4le, vaan portfoliosta l\u00f6ytyy my\u00f6s alan trendikk\u00e4in ja kuumin kolmikko; <strong>Nelson Sauvin, Motueka ja Rakau!<\/strong><\/p>\n<p>Salamavalojen s\u00e4ihkyv\u00e4ss\u00e4 hohteessa korostuu hedelm\u00e4inen vieh\u00e4tys, marjaisuuden syvyys ja valkoviinim\u00e4isen raikkaat, ryp\u00e4lem\u00e4iset vivahteet. Catwalkin kakkosl\u00e4hd\u00f6st\u00e4 l\u00f6ytyy henke\u00e4salpaavaa ja kutkuttavaa tropiikkia sek\u00e4 B-luokan t\u00e4ht\u00f6sten unelmien kaltaisesti murskattua lime\u00e4. Suomuisesta h\u00e4nt\u00e4p\u00e4\u00e4st\u00e4 tavoitetaan viel\u00e4 aprikoosia, luumuisuutta, mangoa ja mehukasta persikkaa.<\/p>\n<p><strong>5,50\u20ac \/ 0,44L (12,50\u20ac\/L) + 0,15\u20ac PALPA<\/strong><\/p>","protected":false},"excerpt":{"rendered":"<p>Malligaattori 7,0% | NEIPA | Nelson Sauvin, Motueka, Rakau Strike a pose! Fashion weekill\u00e4 lavalle kampeaa Uuden-Seelannin tyylill\u00e4 humaloitu NEIPA, joka paljastuu varsinaiseksi Haute coutureksi. Jo casting-vaiheessa huippumalligaattori oli kuononmitalla muita upeampi. Punaista mattoa ei suinkaan valloiteta pelk\u00e4st\u00e4\u00e4n olemalla sulavalinjainen m\u00f6hk\u00e4le, vaan portfoliosta l\u00f6ytyy my\u00f6s alan trendikk\u00e4in ja kuumin kolmikko; Nelson Sauvin, Motueka ja Rakau! &hellip; <\/p>\n<p class=\"link-more\"><a href=\"https:\/\/www.panimotuju.fi\/en\/product\/crocodile_dundee\/\" class=\"more-link\">Read more<span class=\"screen-reader-text\"> &#8221;Malligaattori 7,0%&#8221;<\/span><\/a><\/p>","protected":false},"featured_media":16204,"template":"","meta":[],"product_brand":[],"product_cat":[50],"product_tag":[],"class_list":{"0":"post-16203","1":"product","2":"type-product","3":"status-publish","4":"has-post-thumbnail","6":"product_cat-tujun_tuotteet","8":"first","9":"instock","10":"taxable","11":"shipping-taxable","12":"purchasable","13":"product-type-simple"},"jetpack_sharing_enabled":true,"_links":{"self":[{"href":"https:\/\/www.panimotuju.fi\/en\/wp-json\/wp\/v2\/product\/16203","targetHints":{"allow":["GET"]}}],"collection":[{"href":"https:\/\/www.panimotuju.fi\/en\/wp-json\/wp\/v2\/product"}],"about":[{"href":"https:\/\/www.panimotuju.fi\/en\/wp-json\/wp\/v2\/types\/product"}],"wp:featuredmedia":[{"embeddable":true,"href":"https:\/\/www.panimotuju.fi\/en\/wp-json\/wp\/v2\/media\/16204"}],"wp:attachment":[{"href":"https:\/\/www.panimotuju.fi\/en\/wp-json\/wp\/v2\/media?parent=16203"}],"wp:term":[{"taxonomy":"product_brand","embeddable":true,"href":"https:\/\/www.panimotuju.fi\/en\/wp-json\/wp\/v2\/product_brand?post=16203"},{"taxonomy":"product_cat","embeddable":true,"href":"https:\/\/www.panimotuju.fi\/en\/wp-json\/wp\/v2\/product_cat?post=16203"},{"taxonomy":"product_tag","embeddable":true,"href":"https:\/\/www.panimotuju.fi\/en\/wp-json\/wp\/v2\/product_tag?post=16203"}],"curies":[{"name":"wp","href":"https:\/\/api.w.org\/{rel}","templated":true}]}}