{"id":16249,"date":"2024-10-30T10:34:10","date_gmt":"2024-10-30T08:34:10","guid":{"rendered":"https:\/\/www.panimotuju.fi\/?post_type=product&#038;p=16249"},"modified":"2026-04-01T15:48:10","modified_gmt":"2026-04-01T12:48:10","slug":"pyovelin-olutsinappi-2","status":"publish","type":"product","link":"https:\/\/www.panimotuju.fi\/en\/product\/pyovelin-olutsinappi-2\/","title":{"rendered":"Py\u00f6velin olutsinappi"},"content":{"rendered":"<p><strong>Py\u00f6velin olutsinappi | imperial stout-sinappi | 290g<\/strong><\/p>\n<p>Py\u00f6velin olutsinappi on aidosti musta sinappi, jonka valmistuksessa l\u00e4hes kaikki vesi on korvattu maineikkaalla <strong>Py\u00f6veli Imperial Stoutilla<\/strong>. Pakkauskoko 290 grammaa.<\/p>\n<p>Viilt\u00e4v\u00e4n ter\u00e4v\u00e4 makumaailma leikkaantuu tarkasti maltaisen pehme\u00e4\u00e4n suutuntumaan, joka ei j\u00e4t\u00e4 maistajaansa kylm\u00e4ksi. Syv\u00e4t maut kolahtavat kuin kirves p\u00f6lkkyyn ja ruokanautinto on kaikkea muuta kuin p\u00e4\u00e4t\u00f6nt\u00e4.<\/p>\n<p>Synkk\u00e4 ja musta sinappi on suunniteltu joulup\u00f6yt\u00e4\u00e4n, mutta punaisella nutulla varustettu tuote ilahduttaa my\u00f6s muina vuodenaikoina. Sinapin monipuolinen makumaailma sopii esimerkiksi mestauslavatansseihin ja lis\u00e4\u00e4 makunautintoa hyvill\u00e4 viilloilla varustettuihin kes\u00e4makkaroihin.<\/p>\n<p><strong>6,90\u20ac (290g) (23,79\u20ac\/kg)<\/strong><\/p>\n<p><em>Tilaa kotiisi lis\u00e4\u00e4m\u00e4ll\u00e4 ostoskoriin oheistuotteiden postitus: https:\/\/www.panimotuju.fi\/tuote\/oheistuotteiden-postitus\/<\/em><\/p>","protected":false},"excerpt":{"rendered":"<p>Py\u00f6velin olutsinappi | imperial stout-sinappi | 290g Py\u00f6velin olutsinappi on aidosti musta sinappi, jonka valmistuksessa l\u00e4hes kaikki vesi on korvattu maineikkaalla Py\u00f6veli Imperial Stoutilla. Pakkauskoko 290 grammaa. Viilt\u00e4v\u00e4n ter\u00e4v\u00e4 makumaailma leikkaantuu tarkasti maltaisen pehme\u00e4\u00e4n suutuntumaan, joka ei j\u00e4t\u00e4 maistajaansa kylm\u00e4ksi. Syv\u00e4t maut kolahtavat kuin kirves p\u00f6lkkyyn ja ruokanautinto on kaikkea muuta kuin p\u00e4\u00e4t\u00f6nt\u00e4. Synkk\u00e4 ja &hellip; <\/p>\n<p class=\"link-more\"><a href=\"https:\/\/www.panimotuju.fi\/en\/product\/pyovelin-olutsinappi-2\/\" class=\"more-link\">Read more<span class=\"screen-reader-text\"> &#8221;Py\u00f6velin olutsinappi&#8221;<\/span><\/a><\/p>","protected":false},"featured_media":16250,"template":"","meta":[],"product_brand":[],"product_cat":[67,50],"product_tag":[],"class_list":{"0":"post-16249","1":"product","2":"type-product","3":"status-publish","4":"has-post-thumbnail","6":"product_cat-oiheistuotteet","7":"product_cat-tujun_tuotteet","9":"first","10":"instock","11":"taxable","12":"shipping-taxable","13":"purchasable","14":"product-type-simple"},"jetpack_sharing_enabled":true,"_links":{"self":[{"href":"https:\/\/www.panimotuju.fi\/en\/wp-json\/wp\/v2\/product\/16249","targetHints":{"allow":["GET"]}}],"collection":[{"href":"https:\/\/www.panimotuju.fi\/en\/wp-json\/wp\/v2\/product"}],"about":[{"href":"https:\/\/www.panimotuju.fi\/en\/wp-json\/wp\/v2\/types\/product"}],"wp:featuredmedia":[{"embeddable":true,"href":"https:\/\/www.panimotuju.fi\/en\/wp-json\/wp\/v2\/media\/16250"}],"wp:attachment":[{"href":"https:\/\/www.panimotuju.fi\/en\/wp-json\/wp\/v2\/media?parent=16249"}],"wp:term":[{"taxonomy":"product_brand","embeddable":true,"href":"https:\/\/www.panimotuju.fi\/en\/wp-json\/wp\/v2\/product_brand?post=16249"},{"taxonomy":"product_cat","embeddable":true,"href":"https:\/\/www.panimotuju.fi\/en\/wp-json\/wp\/v2\/product_cat?post=16249"},{"taxonomy":"product_tag","embeddable":true,"href":"https:\/\/www.panimotuju.fi\/en\/wp-json\/wp\/v2\/product_tag?post=16249"}],"curies":[{"name":"wp","href":"https:\/\/api.w.org\/{rel}","templated":true}]}}