{"id":16277,"date":"2024-11-04T12:37:22","date_gmt":"2024-11-04T10:37:22","guid":{"rendered":"https:\/\/www.panimotuju.fi\/?post_type=product&#038;p=16277"},"modified":"2024-12-11T08:45:20","modified_gmt":"2024-12-11T06:45:20","slug":"oheistuotteiden-postitus-kirjeposti","status":"publish","type":"product","link":"https:\/\/www.panimotuju.fi\/en\/product\/oheistuotteiden-postitus-kirjeposti\/","title":{"rendered":"Postitus (Lahjakortti) 2,50\u20ac"},"content":{"rendered":"<p>Oheistuotteidemme nouto on panimoltamme ilmaista ja t\u00e4ll\u00e4 2,50\u20ac tuotteella postitamme lahjakortin haluamaasi osoitteeseen.<\/p>\n<p>&nbsp;<\/p>\n<p>Ilmoita laskutustiedoista poikkeava osoite tilauksen lis\u00e4tietoja-kent\u00e4ss\u00e4.<\/p>","protected":false},"excerpt":{"rendered":"<p>Oheistuotteidemme nouto on panimoltamme ilmaista ja t\u00e4ll\u00e4 2,50\u20ac tuotteella postitamme lahjakortin haluamaasi osoitteeseen. &nbsp; Ilmoita laskutustiedoista poikkeava osoite tilauksen lis\u00e4tietoja-kent\u00e4ss\u00e4.<\/p>","protected":false},"featured_media":16508,"template":"","meta":[],"product_brand":[],"product_cat":[67],"product_tag":[],"class_list":{"0":"post-16277","1":"product","2":"type-product","3":"status-publish","4":"has-post-thumbnail","6":"product_cat-oiheistuotteet","8":"first","9":"instock","10":"taxable","11":"shipping-taxable","12":"purchasable","13":"product-type-simple"},"jetpack_sharing_enabled":true,"_links":{"self":[{"href":"https:\/\/www.panimotuju.fi\/en\/wp-json\/wp\/v2\/product\/16277","targetHints":{"allow":["GET"]}}],"collection":[{"href":"https:\/\/www.panimotuju.fi\/en\/wp-json\/wp\/v2\/product"}],"about":[{"href":"https:\/\/www.panimotuju.fi\/en\/wp-json\/wp\/v2\/types\/product"}],"wp:featuredmedia":[{"embeddable":true,"href":"https:\/\/www.panimotuju.fi\/en\/wp-json\/wp\/v2\/media\/16508"}],"wp:attachment":[{"href":"https:\/\/www.panimotuju.fi\/en\/wp-json\/wp\/v2\/media?parent=16277"}],"wp:term":[{"taxonomy":"product_brand","embeddable":true,"href":"https:\/\/www.panimotuju.fi\/en\/wp-json\/wp\/v2\/product_brand?post=16277"},{"taxonomy":"product_cat","embeddable":true,"href":"https:\/\/www.panimotuju.fi\/en\/wp-json\/wp\/v2\/product_cat?post=16277"},{"taxonomy":"product_tag","embeddable":true,"href":"https:\/\/www.panimotuju.fi\/en\/wp-json\/wp\/v2\/product_tag?post=16277"}],"curies":[{"name":"wp","href":"https:\/\/api.w.org\/{rel}","templated":true}]}}