{"id":16298,"date":"2024-11-07T14:32:14","date_gmt":"2024-11-07T12:32:14","guid":{"rendered":"https:\/\/www.panimotuju.fi\/?post_type=product&#038;p=16298"},"modified":"2026-04-16T20:50:00","modified_gmt":"2026-04-16T17:50:00","slug":"ratsumestari-75","status":"publish","type":"product","link":"https:\/\/www.panimotuju.fi\/en\/product\/ratsumestari-75\/","title":{"rendered":"Ratsumestari 7,5%"},"content":{"rendered":"<p><strong>Ratsumestari 7,5% | Export stout | Bramling Cross<\/strong><\/p>\n<p>Kerrotaan, ett\u00e4 Tujun panimonakin tunnetusta vanhasta hevostallista on vapautettu salaper\u00e4inen ja taitava ratsumestari, joka piileskelee mets\u00e4n reunamilla. T\u00e4m\u00e4 korkea-arvoinen ratsumies pit\u00e4\u00e4 p\u00e4\u00e4ns\u00e4 kylm\u00e4n\u00e4 ja hallitsee ratsuaan tyylikk\u00e4\u00e4sti. H\u00e4nen mustan hevosensa silmiss\u00e4 v\u00e4lkehtii uhkaava hehku, kilvoitellen kuun valon kanssa.<\/p>\n<p>Ratsumestari on tummanpuhuva, hieman vahvempi stout, jossa maltaan paahteisuus ja katkeruus kohtaavat hienovaraisen suklaan ja kahvin s\u00e4vyt. J\u00e4nnitt\u00e4v\u00e4n humalointinsa ansiosta t\u00e4ss\u00e4 oluessa voi aistia my\u00f6s kevytt\u00e4 sitruksista kalmankosketusta, syvyyksist\u00e4 ilmestyvi\u00e4 tummia marjoja sek\u00e4 luumun aromia.<\/p>\n<p><strong>5,35\u20ac \/ 0,44L (12,15\u20ac\/L) + 0,15\u20ac PALPA<\/strong><\/p>","protected":false},"excerpt":{"rendered":"<p>Ratsumestari 7,5% | Export stout | Bramling Cross Kerrotaan, ett\u00e4 Tujun panimonakin tunnetusta vanhasta hevostallista on vapautettu salaper\u00e4inen ja taitava ratsumestari, joka piileskelee mets\u00e4n reunamilla. T\u00e4m\u00e4 korkea-arvoinen ratsumies pit\u00e4\u00e4 p\u00e4\u00e4ns\u00e4 kylm\u00e4n\u00e4 ja hallitsee ratsuaan tyylikk\u00e4\u00e4sti. H\u00e4nen mustan hevosensa silmiss\u00e4 v\u00e4lkehtii uhkaava hehku, kilvoitellen kuun valon kanssa. Ratsumestari on tummanpuhuva, hieman vahvempi stout, jossa maltaan paahteisuus &hellip; <\/p>\n<p class=\"link-more\"><a href=\"https:\/\/www.panimotuju.fi\/en\/product\/ratsumestari-75\/\" class=\"more-link\">Read more<span class=\"screen-reader-text\"> &#8221;Ratsumestari 7,5%&#8221;<\/span><\/a><\/p>","protected":false},"featured_media":16319,"template":"","meta":[],"product_brand":[],"product_cat":[50],"product_tag":[],"class_list":{"0":"post-16298","1":"product","2":"type-product","3":"status-publish","4":"has-post-thumbnail","6":"product_cat-tujun_tuotteet","8":"first","9":"instock","10":"taxable","11":"shipping-taxable","12":"purchasable","13":"product-type-simple"},"jetpack_sharing_enabled":true,"_links":{"self":[{"href":"https:\/\/www.panimotuju.fi\/en\/wp-json\/wp\/v2\/product\/16298","targetHints":{"allow":["GET"]}}],"collection":[{"href":"https:\/\/www.panimotuju.fi\/en\/wp-json\/wp\/v2\/product"}],"about":[{"href":"https:\/\/www.panimotuju.fi\/en\/wp-json\/wp\/v2\/types\/product"}],"wp:featuredmedia":[{"embeddable":true,"href":"https:\/\/www.panimotuju.fi\/en\/wp-json\/wp\/v2\/media\/16319"}],"wp:attachment":[{"href":"https:\/\/www.panimotuju.fi\/en\/wp-json\/wp\/v2\/media?parent=16298"}],"wp:term":[{"taxonomy":"product_brand","embeddable":true,"href":"https:\/\/www.panimotuju.fi\/en\/wp-json\/wp\/v2\/product_brand?post=16298"},{"taxonomy":"product_cat","embeddable":true,"href":"https:\/\/www.panimotuju.fi\/en\/wp-json\/wp\/v2\/product_cat?post=16298"},{"taxonomy":"product_tag","embeddable":true,"href":"https:\/\/www.panimotuju.fi\/en\/wp-json\/wp\/v2\/product_tag?post=16298"}],"curies":[{"name":"wp","href":"https:\/\/api.w.org\/{rel}","templated":true}]}}