{"id":16318,"date":"2024-11-12T11:32:50","date_gmt":"2024-11-12T09:32:50","guid":{"rendered":"https:\/\/www.panimotuju.fi\/?post_type=product&#038;p=16318"},"modified":"2025-04-29T15:45:28","modified_gmt":"2025-04-29T12:45:28","slug":"aben-x-la-cabra-roastery-origin-story-72","status":"publish","type":"product","link":"https:\/\/www.panimotuju.fi\/en\/product\/aben-x-la-cabra-roastery-origin-story-72\/","title":{"rendered":"\u00c5ben X La Cabra Roastery &#8211; Origin Story 7,2%"},"content":{"rendered":"<p><strong>\u00c5ben<\/strong> sijaitsee K\u00f6\u00f6penhaminassa. Tekemisess\u00e4\u00e4n korkeisiin standardeihin uskova panimo pyrkii my\u00f6s olemaan varsin tunnistettava ulkoasultaankin. Varsinainen mindfulness -panimo kyseess\u00e4, joka uskoo \u00c5BENin tarkoittavan my\u00f6s tapaa ajatella, luoda ja jakaa kokemuksia el\u00e4m\u00e4niloisten ihmisten kera.<\/p>\n<p><strong>Origin Story 7,2% | Coffee stout:<\/strong> Keitetty 10 erilaisella maltaalla ja kokonaisilla La Cabran kahvipavuilla. T\u00e4ytel\u00e4isess\u00e4 ja pehme\u00e4ss\u00e4 stoutissa maistuvat tummat marjat, melassi, tuore espresso ja paahdetut kaakaonibsit La Cabran tunnusomaisella vivahteikkuudella.<\/p>\n<p><strong>9,20\u20ac \/ 0,44L (20,91\u20ac\/L)<\/strong><\/p>\n<p><strong>ALENNETTU HINTA 4,00\u20ac \/ 0,44L (9,10\u20ac\/L)<\/strong><\/p>","protected":false},"excerpt":{"rendered":"<p>\u00c5ben sijaitsee K\u00f6\u00f6penhaminassa. Tekemisess\u00e4\u00e4n korkeisiin standardeihin uskova panimo pyrkii my\u00f6s olemaan varsin tunnistettava ulkoasultaankin. Varsinainen mindfulness -panimo kyseess\u00e4, joka uskoo \u00c5BENin tarkoittavan my\u00f6s tapaa ajatella, luoda ja jakaa kokemuksia el\u00e4m\u00e4niloisten ihmisten kera. Origin Story 7,2% | Coffee stout: Keitetty 10 erilaisella maltaalla ja kokonaisilla La Cabran kahvipavuilla. T\u00e4ytel\u00e4isess\u00e4 ja pehme\u00e4ss\u00e4 stoutissa maistuvat tummat marjat, melassi, &hellip; <\/p>\n<p class=\"link-more\"><a href=\"https:\/\/www.panimotuju.fi\/en\/product\/aben-x-la-cabra-roastery-origin-story-72\/\" class=\"more-link\">Read more<span class=\"screen-reader-text\"> &#8221;\u00c5ben X La Cabra Roastery &#8211; Origin Story 7,2%&#8221;<\/span><\/a><\/p>","protected":false},"featured_media":16323,"template":"","meta":[],"product_brand":[],"product_cat":[62],"product_tag":[],"class_list":{"0":"post-16318","1":"product","2":"type-product","3":"status-publish","4":"has-post-thumbnail","6":"product_cat-vieras","8":"first","9":"outofstock","10":"taxable","11":"shipping-taxable","12":"purchasable","13":"product-type-simple"},"jetpack_sharing_enabled":true,"_links":{"self":[{"href":"https:\/\/www.panimotuju.fi\/en\/wp-json\/wp\/v2\/product\/16318","targetHints":{"allow":["GET"]}}],"collection":[{"href":"https:\/\/www.panimotuju.fi\/en\/wp-json\/wp\/v2\/product"}],"about":[{"href":"https:\/\/www.panimotuju.fi\/en\/wp-json\/wp\/v2\/types\/product"}],"wp:featuredmedia":[{"embeddable":true,"href":"https:\/\/www.panimotuju.fi\/en\/wp-json\/wp\/v2\/media\/16323"}],"wp:attachment":[{"href":"https:\/\/www.panimotuju.fi\/en\/wp-json\/wp\/v2\/media?parent=16318"}],"wp:term":[{"taxonomy":"product_brand","embeddable":true,"href":"https:\/\/www.panimotuju.fi\/en\/wp-json\/wp\/v2\/product_brand?post=16318"},{"taxonomy":"product_cat","embeddable":true,"href":"https:\/\/www.panimotuju.fi\/en\/wp-json\/wp\/v2\/product_cat?post=16318"},{"taxonomy":"product_tag","embeddable":true,"href":"https:\/\/www.panimotuju.fi\/en\/wp-json\/wp\/v2\/product_tag?post=16318"}],"curies":[{"name":"wp","href":"https:\/\/api.w.org\/{rel}","templated":true}]}}