{"id":16338,"date":"2024-11-13T14:30:07","date_gmt":"2024-11-13T12:30:07","guid":{"rendered":"https:\/\/www.panimotuju.fi\/?post_type=product&#038;p=16338"},"modified":"2025-02-21T14:12:15","modified_gmt":"2025-02-21T12:12:15","slug":"nurme-lv-zemlika-2024-50","status":"publish","type":"product","link":"https:\/\/www.panimotuju.fi\/en\/product\/nurme-lv-zemlika-2024-50\/","title":{"rendered":"Nurme (LV) &#8211; Zemlika 2024 5,0%"},"content":{"rendered":"<p>Latvialainen<b> Nurme <\/b>sijaitsee Riikan historiallisella tehdasalueella ja panimo toimittaa sielt\u00e4 k\u00e4sin laadukasta craft-olutta mit\u00e4\u00e4n tyylilajia kaihtamatta. Tavoitteena heill\u00e4 on luoda uniikkeja, mutta tyylilajilleen uskollisia oluita hy\u00f6dynt\u00e4en paikallisia ja luonnollisia raaka-aineita.<\/p>\n<p><strong>Zemlika 5,0% | Juicy Pale Ale: <\/strong>Zemlika on joka syksyinen juhla, jolloin muinaiset latvialaiset kattoivat p\u00f6yd\u00e4t ja ruokkivat edesmenneiden sieluja. Nykyajan latvialaiset j\u00e4rjest\u00e4v\u00e4t Durbessa musiikin, taiteen ja paikallisen sadon juhlan, kolmannentoista kerran, ruokkien el\u00e4vi\u00e4 ja uskollisimpia.\u00a0Festivaalia varten tehty mehukas pale ale ei ole pelk\u00e4st\u00e4\u00e4n helposti juotava janojuoma, vaan tarjoaa my\u00f6s hienovaraisen trooppisten hedelmien makuel\u00e4myksen, jossa on vivahdus maanl\u00e4heisi\u00e4 s\u00e4vyj\u00e4.<\/p>\n<p><strong>6,70\u20ac \/ 0,44L (15,23\u20ac\/L)<\/strong><\/p>","protected":false},"excerpt":{"rendered":"<p>Latvialainen Nurme sijaitsee Riikan historiallisella tehdasalueella ja panimo toimittaa sielt\u00e4 k\u00e4sin laadukasta craft-olutta mit\u00e4\u00e4n tyylilajia kaihtamatta. Tavoitteena heill\u00e4 on luoda uniikkeja, mutta tyylilajilleen uskollisia oluita hy\u00f6dynt\u00e4en paikallisia ja luonnollisia raaka-aineita. Zemlika 5,0% | Juicy Pale Ale: Zemlika on joka syksyinen juhla, jolloin muinaiset latvialaiset kattoivat p\u00f6yd\u00e4t ja ruokkivat edesmenneiden sieluja. Nykyajan latvialaiset j\u00e4rjest\u00e4v\u00e4t Durbessa musiikin, &hellip; <\/p>\n<p class=\"link-more\"><a href=\"https:\/\/www.panimotuju.fi\/en\/product\/nurme-lv-zemlika-2024-50\/\" class=\"more-link\">Read more<span class=\"screen-reader-text\"> &#8221;Nurme (LV) &#8211; Zemlika 2024 5,0%&#8221;<\/span><\/a><\/p>","protected":false},"featured_media":16348,"template":"","meta":[],"product_brand":[],"product_cat":[62],"product_tag":[],"class_list":{"0":"post-16338","1":"product","2":"type-product","3":"status-publish","4":"has-post-thumbnail","6":"product_cat-vieras","8":"first","9":"outofstock","10":"taxable","11":"shipping-taxable","12":"purchasable","13":"product-type-simple"},"jetpack_sharing_enabled":true,"_links":{"self":[{"href":"https:\/\/www.panimotuju.fi\/en\/wp-json\/wp\/v2\/product\/16338","targetHints":{"allow":["GET"]}}],"collection":[{"href":"https:\/\/www.panimotuju.fi\/en\/wp-json\/wp\/v2\/product"}],"about":[{"href":"https:\/\/www.panimotuju.fi\/en\/wp-json\/wp\/v2\/types\/product"}],"wp:featuredmedia":[{"embeddable":true,"href":"https:\/\/www.panimotuju.fi\/en\/wp-json\/wp\/v2\/media\/16348"}],"wp:attachment":[{"href":"https:\/\/www.panimotuju.fi\/en\/wp-json\/wp\/v2\/media?parent=16338"}],"wp:term":[{"taxonomy":"product_brand","embeddable":true,"href":"https:\/\/www.panimotuju.fi\/en\/wp-json\/wp\/v2\/product_brand?post=16338"},{"taxonomy":"product_cat","embeddable":true,"href":"https:\/\/www.panimotuju.fi\/en\/wp-json\/wp\/v2\/product_cat?post=16338"},{"taxonomy":"product_tag","embeddable":true,"href":"https:\/\/www.panimotuju.fi\/en\/wp-json\/wp\/v2\/product_tag?post=16338"}],"curies":[{"name":"wp","href":"https:\/\/api.w.org\/{rel}","templated":true}]}}