{"id":16380,"date":"2024-11-18T13:59:29","date_gmt":"2024-11-18T11:59:29","guid":{"rendered":"https:\/\/www.panimotuju.fi\/?post_type=product&#038;p=16380"},"modified":"2025-02-20T17:41:10","modified_gmt":"2025-02-20T15:41:10","slug":"eichorn-dorfleins-de-pils-50","status":"publish","type":"product","link":"https:\/\/www.panimotuju.fi\/en\/product\/eichorn-dorfleins-de-pils-50\/","title":{"rendered":"Eichorn D\u00f6rfleins (DE) &#8211; Pils 5,0%"},"content":{"rendered":"<p><strong>Eichorn D\u00f6rfleins<\/strong> sijaitsee Saksassa ja valmistaa siell\u00e4 perinteisin menetelmin rehellist\u00e4 saksalaistyylist\u00e4 k\u00e4sity\u00f6olutta. Perheyritys vannoo puhtaan ja perinteisen oluenvalmistuksen nimeen, vaikkakin panimon tuotantotekniikkaa on vuosien saatossa uudistettu hyvinkin modernille tasolle. Tiukka laadunvalvonta varmistaa sen, ett\u00e4 panimon tuotteet jatkavat kunnian niitt\u00e4mist\u00e4 ymp\u00e4ri Eurooppaa.<\/p>\n<p><strong>Pils 5,0%: <\/strong>Huolella valittujen raaka-aineiden ja tarkan tuotantoprosessin lopputuloksena tyylipuhdas saksa-pilssi! Hennot katkerot yhdess\u00e4 kullankeltaisen v\u00e4rin ja kauniin vaahdon kanssa takaavat miellytt\u00e4v\u00e4n makukokemuksen.<\/p>\n<p><strong><span style=\"text-decoration: line-through;\">5,50\u20ac \/ 0,5L (11,00\u20ac\/L)<\/span><\/strong><\/p>\n<p><strong>ALENNETTU HINTA 3,00\u20ac \/ 0,5L (6,00\u20ac\/L)<\/strong><\/p>","protected":false},"excerpt":{"rendered":"<p>Eichorn D\u00f6rfleins sijaitsee Saksassa ja valmistaa siell\u00e4 perinteisin menetelmin rehellist\u00e4 saksalaistyylist\u00e4 k\u00e4sity\u00f6olutta. Perheyritys vannoo puhtaan ja perinteisen oluenvalmistuksen nimeen, vaikkakin panimon tuotantotekniikkaa on vuosien saatossa uudistettu hyvinkin modernille tasolle. Tiukka laadunvalvonta varmistaa sen, ett\u00e4 panimon tuotteet jatkavat kunnian niitt\u00e4mist\u00e4 ymp\u00e4ri Eurooppaa. Pils 5,0%: Huolella valittujen raaka-aineiden ja tarkan tuotantoprosessin lopputuloksena tyylipuhdas saksa-pilssi! Hennot katkerot yhdess\u00e4 &hellip; <\/p>\n<p class=\"link-more\"><a href=\"https:\/\/www.panimotuju.fi\/en\/product\/eichorn-dorfleins-de-pils-50\/\" class=\"more-link\">Read more<span class=\"screen-reader-text\"> &#8221;Eichorn D\u00f6rfleins (DE) &#8211; Pils 5,0%&#8221;<\/span><\/a><\/p>","protected":false},"featured_media":16383,"template":"","meta":[],"product_brand":[],"product_cat":[62],"product_tag":[],"class_list":{"0":"post-16380","1":"product","2":"type-product","3":"status-publish","4":"has-post-thumbnail","6":"product_cat-vieras","8":"first","9":"outofstock","10":"taxable","11":"shipping-taxable","12":"purchasable","13":"product-type-simple"},"jetpack_sharing_enabled":true,"_links":{"self":[{"href":"https:\/\/www.panimotuju.fi\/en\/wp-json\/wp\/v2\/product\/16380","targetHints":{"allow":["GET"]}}],"collection":[{"href":"https:\/\/www.panimotuju.fi\/en\/wp-json\/wp\/v2\/product"}],"about":[{"href":"https:\/\/www.panimotuju.fi\/en\/wp-json\/wp\/v2\/types\/product"}],"wp:featuredmedia":[{"embeddable":true,"href":"https:\/\/www.panimotuju.fi\/en\/wp-json\/wp\/v2\/media\/16383"}],"wp:attachment":[{"href":"https:\/\/www.panimotuju.fi\/en\/wp-json\/wp\/v2\/media?parent=16380"}],"wp:term":[{"taxonomy":"product_brand","embeddable":true,"href":"https:\/\/www.panimotuju.fi\/en\/wp-json\/wp\/v2\/product_brand?post=16380"},{"taxonomy":"product_cat","embeddable":true,"href":"https:\/\/www.panimotuju.fi\/en\/wp-json\/wp\/v2\/product_cat?post=16380"},{"taxonomy":"product_tag","embeddable":true,"href":"https:\/\/www.panimotuju.fi\/en\/wp-json\/wp\/v2\/product_tag?post=16380"}],"curies":[{"name":"wp","href":"https:\/\/api.w.org\/{rel}","templated":true}]}}