{"id":16475,"date":"2024-12-09T11:15:15","date_gmt":"2024-12-09T09:15:15","guid":{"rendered":"https:\/\/www.panimotuju.fi\/?post_type=product&#038;p=16475"},"modified":"2025-02-21T09:39:51","modified_gmt":"2025-02-21T07:39:51","slug":"nectaron-moss-70-kopio","status":"publish","type":"product","link":"https:\/\/www.panimotuju.fi\/en\/product\/nectaron-moss-70-kopio\/","title":{"rendered":"Kolme Simpukkaa 6,5%"},"content":{"rendered":"<p>***HUOM! T\u00c4M\u00c4 TUOTE NOUDETTAVISSA AIKAISINTAAN PERJANTAINA 31.1.2025***<\/p>\n<p><strong>Kolme Simpukkaa 6,5% | NEIPA | Motueka, Nelson Sauvin, Idaho 7<\/strong><\/p>\n<p>Simon sanoo: &#8221;Juoppa t\u00e4t\u00e4!&#8221;<\/p>\n<p>Kun h\u00e4t\u00e4 yll\u00e4tt\u00e4\u00e4 ja vastassa on vain kolme simpukkaa, voi el\u00e4m\u00e4 tuntua raskaalta! Arkiseen toiminnant\u00e4yteiseen aherrukseen sopii vastapainoksi <strong>Kolme Simpukkaa DDH IPA.<\/strong><br class=\"html-br\" \/>Sylvester Stallosen <strong>Demolition Manin<\/strong> (1993) pohjalta l\u00e4htenyt idea jalostui k\u00e4yt\u00e4nn\u00f6lliseksi jatkotuotteeksi kuin sellu konsanaan! T\u00e4m\u00e4 h\u00e4mment\u00e4v\u00e4 tulevaisuussoppa sis\u00e4lt\u00e4\u00e4 Uuden-Seelannin kryogeenisen viile\u00e4\u00e4 kamaa <strong>Motuekan, Nelson Sauvinin <\/strong>sek\u00e4<strong> Idaho 7<\/strong> muodossa.<\/p>\n<p>Mehuttelun aromipuoli sinkoilee tuoreen sitrusmaisuuden ja hieman mojitomaisen limen\u00a0 my\u00f6t\u00e4, kohti kuivaa ja tuhtia ryp\u00e4lem\u00e4isyytt\u00e4, marjaisuutta ja passionhedelm\u00e4\u00e4. Kuivattava kevyen katkera puraisu pit\u00e4\u00e4 kuitenkin kokonaisuuden paremmin otteessaan, kuin tulevaisuuden poliisivoimat.<\/p>\n<p>Suurin kysymys kuitenkin kuuluu; miten niit\u00e4 kolmea simpukkaa k\u00e4ytet\u00e4\u00e4n?<br class=\"html-br\" \/><br class=\"html-br\" \/><strong>1L \/ 12,50\u20ac (12,50\u20ac\/L)<\/strong><\/p>\n<p><strong>3L \/ 36\u20ac (12 \u20ac\/L)<\/strong><\/p>","protected":false},"excerpt":{"rendered":"<p>***HUOM! T\u00c4M\u00c4 TUOTE NOUDETTAVISSA AIKAISINTAAN PERJANTAINA 31.1.2025*** Kolme Simpukkaa 6,5% | NEIPA | Motueka, Nelson Sauvin, Idaho 7 Simon sanoo: &#8221;Juoppa t\u00e4t\u00e4!&#8221; Kun h\u00e4t\u00e4 yll\u00e4tt\u00e4\u00e4 ja vastassa on vain kolme simpukkaa, voi el\u00e4m\u00e4 tuntua raskaalta! Arkiseen toiminnant\u00e4yteiseen aherrukseen sopii vastapainoksi Kolme Simpukkaa DDH IPA.Sylvester Stallosen Demolition Manin (1993) pohjalta l\u00e4htenyt idea jalostui k\u00e4yt\u00e4nn\u00f6lliseksi jatkotuotteeksi kuin &hellip; <\/p>\n<p class=\"link-more\"><a href=\"https:\/\/www.panimotuju.fi\/en\/product\/nectaron-moss-70-kopio\/\" class=\"more-link\">Read more<span class=\"screen-reader-text\"> &#8221;Kolme Simpukkaa 6,5%&#8221;<\/span><\/a><\/p>","protected":false},"featured_media":16754,"template":"","meta":[],"product_brand":[],"product_cat":[50],"product_tag":[],"class_list":{"0":"post-16475","1":"product","2":"type-product","3":"status-publish","4":"has-post-thumbnail","6":"product_cat-tujun_tuotteet","8":"first","9":"outofstock","10":"taxable","11":"shipping-taxable","12":"purchasable","13":"product-type-variable"},"jetpack_sharing_enabled":true,"_links":{"self":[{"href":"https:\/\/www.panimotuju.fi\/en\/wp-json\/wp\/v2\/product\/16475","targetHints":{"allow":["GET"]}}],"collection":[{"href":"https:\/\/www.panimotuju.fi\/en\/wp-json\/wp\/v2\/product"}],"about":[{"href":"https:\/\/www.panimotuju.fi\/en\/wp-json\/wp\/v2\/types\/product"}],"wp:featuredmedia":[{"embeddable":true,"href":"https:\/\/www.panimotuju.fi\/en\/wp-json\/wp\/v2\/media\/16754"}],"wp:attachment":[{"href":"https:\/\/www.panimotuju.fi\/en\/wp-json\/wp\/v2\/media?parent=16475"}],"wp:term":[{"taxonomy":"product_brand","embeddable":true,"href":"https:\/\/www.panimotuju.fi\/en\/wp-json\/wp\/v2\/product_brand?post=16475"},{"taxonomy":"product_cat","embeddable":true,"href":"https:\/\/www.panimotuju.fi\/en\/wp-json\/wp\/v2\/product_cat?post=16475"},{"taxonomy":"product_tag","embeddable":true,"href":"https:\/\/www.panimotuju.fi\/en\/wp-json\/wp\/v2\/product_tag?post=16475"}],"curies":[{"name":"wp","href":"https:\/\/api.w.org\/{rel}","templated":true}]}}