{"id":16491,"date":"2024-12-10T14:16:50","date_gmt":"2024-12-10T12:16:50","guid":{"rendered":"https:\/\/www.panimotuju.fi\/?post_type=product&#038;p=16491"},"modified":"2026-02-10T09:12:25","modified_gmt":"2026-02-10T07:12:25","slug":"lahjakortti-tuju-taproom","status":"publish","type":"product","link":"https:\/\/www.panimotuju.fi\/en\/product\/lahjakortti-tuju-taproom\/","title":{"rendered":"Lahjakortti &#8211; Tuju Taproom"},"content":{"rendered":"<p><strong>Lahjakortti Tuju Taproomille!<\/strong><\/p>\n<p>Nyt se on mahdollista, saat ostettua lahjakortin Tujun Taproomille my\u00f6s verkkokaupasta! Lahjakortti on voimassa vuoden ostop\u00e4iv\u00e4st\u00e4 ja k\u00e4y kaikkiin Tuju Taproomin tuotteisiin. Huomioithan, ett\u00e4 lahjakorttia ei voi kuitenkaan k\u00e4ytt\u00e4\u00e4 verkkonoutokaupassamme.<\/p>\n<p><strong>Toimi seuraavasti:<\/strong><\/p>\n<ol>\n<li>Valitse valikosta haluamasi summa<\/li>\n<li>Mik\u00e4li haluat postituksen, lis\u00e4\u00e4 ostoskoriin &#8221;Postitus (Lahjakortti) 2,50\u20ac&#8221; &gt;&gt; <a href=\"https:\/\/www.panimotuju.fi\/en\/product\/oheistuotteiden-postitus-kirjeposti\/\">https:\/\/www.panimotuju.fi\/tuote\/oheistuotteiden-postitus-kirjeposti\/<\/a><\/li>\n<li>Jos haluat postituksen muuhun kuin laskutusosoitteeseen, ilmoita poikkeava osoite tilauksen kommentti-kent\u00e4ss\u00e4<\/li>\n<\/ol>","protected":false},"excerpt":{"rendered":"<p>Lahjakortti Tuju Taproomille! Nyt se on mahdollista, saat ostettua lahjakortin Tujun Taproomille my\u00f6s verkkokaupasta! Lahjakortti on voimassa vuoden ostop\u00e4iv\u00e4st\u00e4 ja k\u00e4y kaikkiin Tuju Taproomin tuotteisiin. Huomioithan, ett\u00e4 lahjakorttia ei voi kuitenkaan k\u00e4ytt\u00e4\u00e4 verkkonoutokaupassamme. Toimi seuraavasti: Valitse valikosta haluamasi summa Mik\u00e4li haluat postituksen, lis\u00e4\u00e4 ostoskoriin &#8221;Postitus (Lahjakortti) 2,50\u20ac&#8221; &gt;&gt; https:\/\/www.panimotuju.fi\/tuote\/oheistuotteiden-postitus-kirjeposti\/ Jos haluat postituksen muuhun kuin laskutusosoitteeseen, &hellip; <\/p>\n<p class=\"link-more\"><a href=\"https:\/\/www.panimotuju.fi\/en\/product\/lahjakortti-tuju-taproom\/\" class=\"more-link\">Read more<span class=\"screen-reader-text\"> &#8221;Lahjakortti &#8211; Tuju Taproom&#8221;<\/span><\/a><\/p>","protected":false},"featured_media":16507,"template":"","meta":[],"product_brand":[],"product_cat":[67],"product_tag":[],"class_list":{"0":"post-16491","1":"product","2":"type-product","3":"status-publish","4":"has-post-thumbnail","6":"product_cat-oiheistuotteet","8":"first","9":"instock","10":"taxable","11":"shipping-taxable","12":"purchasable","13":"product-type-variable"},"jetpack_sharing_enabled":true,"_links":{"self":[{"href":"https:\/\/www.panimotuju.fi\/en\/wp-json\/wp\/v2\/product\/16491","targetHints":{"allow":["GET"]}}],"collection":[{"href":"https:\/\/www.panimotuju.fi\/en\/wp-json\/wp\/v2\/product"}],"about":[{"href":"https:\/\/www.panimotuju.fi\/en\/wp-json\/wp\/v2\/types\/product"}],"wp:featuredmedia":[{"embeddable":true,"href":"https:\/\/www.panimotuju.fi\/en\/wp-json\/wp\/v2\/media\/16507"}],"wp:attachment":[{"href":"https:\/\/www.panimotuju.fi\/en\/wp-json\/wp\/v2\/media?parent=16491"}],"wp:term":[{"taxonomy":"product_brand","embeddable":true,"href":"https:\/\/www.panimotuju.fi\/en\/wp-json\/wp\/v2\/product_brand?post=16491"},{"taxonomy":"product_cat","embeddable":true,"href":"https:\/\/www.panimotuju.fi\/en\/wp-json\/wp\/v2\/product_cat?post=16491"},{"taxonomy":"product_tag","embeddable":true,"href":"https:\/\/www.panimotuju.fi\/en\/wp-json\/wp\/v2\/product_tag?post=16491"}],"curies":[{"name":"wp","href":"https:\/\/api.w.org\/{rel}","templated":true}]}}