{"id":16723,"date":"2025-01-17T14:25:07","date_gmt":"2025-01-17T12:25:07","guid":{"rendered":"https:\/\/www.panimotuju.fi\/?post_type=product&#038;p=16723"},"modified":"2025-08-24T19:26:34","modified_gmt":"2025-08-24T16:26:34","slug":"saapumisera-2-25-47","status":"publish","type":"product","link":"https:\/\/www.panimotuju.fi\/en\/product\/saapumisera-2-25-47\/","title":{"rendered":"Saapumiser\u00e4 2\/25 4,7%"},"content":{"rendered":"<p><strong>SAAPUMISER\u00c4 4,7% | 2\/25 | PREMIUM LAGER | SAAZ, TETT<\/strong><strong>NANGER<\/strong><\/p>\n<p>Saapumiser\u00e4t ovat Tujun ja Tuju Taproomin omia prototyylisi\u00e4 erilaisia &#8221;talon oluita&#8221;.<br \/>\nVanhalla varuskunta-alueella sijaitseva Tujun panimon ja Tuju Taproomin ymp\u00e4rist\u00f6 ei ole hetkeen kuullut kopisevia marssiaskeleita tai -lauluja, mutta Saapumiser\u00e4t saavat varmasti lauluj\u00e4nteen notkeiksi.<\/p>\n<p>Palvelukseen astuu Saapumiser\u00e4 2\/25. Tyylilt\u00e4\u00e4n premium lager.<\/p>\n<p>T\u00e4m\u00e4 raikas premium lager yhdist\u00e4\u00e4 tasapainoisen maltaisuuden ja miellytt\u00e4v\u00e4n humaloinnin. Saapumiser\u00e4n etuvartiossa t\u00f6n\u00f6tt\u00e4v\u00e4t vadelman- ja mustaherukanlehdet, jotka tuovat olueeseen kevytt\u00e4 marjaisuutta ja yrttist\u00e4 s\u00e4vy\u00e4. Tulos on monivivahteinen ja virkist\u00e4v\u00e4 makuel\u00e4mys, josta nautit joka kulauksella.<\/p>\n<p><strong>5,15\u20ac \/ 0,44L (11,70\u20ac\/L) ei panttia<\/strong><\/p>","protected":false},"excerpt":{"rendered":"<p>SAAPUMISER\u00c4 4,7% | 2\/25 | PREMIUM LAGER | SAAZ, TETTNANGER Saapumiser\u00e4t ovat Tujun ja Tuju Taproomin omia prototyylisi\u00e4 erilaisia &#8221;talon oluita&#8221;. Vanhalla varuskunta-alueella sijaitseva Tujun panimon ja Tuju Taproomin ymp\u00e4rist\u00f6 ei ole hetkeen kuullut kopisevia marssiaskeleita tai -lauluja, mutta Saapumiser\u00e4t saavat varmasti lauluj\u00e4nteen notkeiksi. Palvelukseen astuu Saapumiser\u00e4 2\/25. Tyylilt\u00e4\u00e4n premium lager. T\u00e4m\u00e4 raikas premium lager &hellip; <\/p>\n<p class=\"link-more\"><a href=\"https:\/\/www.panimotuju.fi\/en\/product\/saapumisera-2-25-47\/\" class=\"more-link\">Read more<span class=\"screen-reader-text\"> &#8221;Saapumiser\u00e4 2\/25 4,7%&#8221;<\/span><\/a><\/p>","protected":false},"featured_media":16990,"template":"","meta":[],"product_brand":[],"product_cat":[50],"product_tag":[],"class_list":{"0":"post-16723","1":"product","2":"type-product","3":"status-publish","4":"has-post-thumbnail","6":"product_cat-tujun_tuotteet","8":"first","9":"outofstock","10":"taxable","11":"shipping-taxable","12":"purchasable","13":"product-type-simple"},"jetpack_sharing_enabled":true,"_links":{"self":[{"href":"https:\/\/www.panimotuju.fi\/en\/wp-json\/wp\/v2\/product\/16723","targetHints":{"allow":["GET"]}}],"collection":[{"href":"https:\/\/www.panimotuju.fi\/en\/wp-json\/wp\/v2\/product"}],"about":[{"href":"https:\/\/www.panimotuju.fi\/en\/wp-json\/wp\/v2\/types\/product"}],"wp:featuredmedia":[{"embeddable":true,"href":"https:\/\/www.panimotuju.fi\/en\/wp-json\/wp\/v2\/media\/16990"}],"wp:attachment":[{"href":"https:\/\/www.panimotuju.fi\/en\/wp-json\/wp\/v2\/media?parent=16723"}],"wp:term":[{"taxonomy":"product_brand","embeddable":true,"href":"https:\/\/www.panimotuju.fi\/en\/wp-json\/wp\/v2\/product_brand?post=16723"},{"taxonomy":"product_cat","embeddable":true,"href":"https:\/\/www.panimotuju.fi\/en\/wp-json\/wp\/v2\/product_cat?post=16723"},{"taxonomy":"product_tag","embeddable":true,"href":"https:\/\/www.panimotuju.fi\/en\/wp-json\/wp\/v2\/product_tag?post=16723"}],"curies":[{"name":"wp","href":"https:\/\/api.w.org\/{rel}","templated":true}]}}