{"id":16728,"date":"2025-01-20T12:08:31","date_gmt":"2025-01-20T10:08:31","guid":{"rendered":"https:\/\/www.panimotuju.fi\/?post_type=product&#038;p=16728"},"modified":"2025-02-10T08:37:05","modified_gmt":"2025-02-10T06:37:05","slug":"porridge-forrester-75","status":"publish","type":"product","link":"https:\/\/www.panimotuju.fi\/en\/product\/porridge-forrester-75\/","title":{"rendered":"Porridge Forrester 7,5%"},"content":{"rendered":"<p><em>Growler elikk\u00e4s tuttavallisesti p\u00f6nikk\u00e4 on tuoretuote. Se s\u00e4ilyy hyv\u00e4n\u00e4 3pv ostohetkest\u00e4 kylm\u00e4s\u00e4ilytettyn\u00e4!<\/em><\/p>\n<p><strong>\ud83c\udf3ePorridge Forrester 7,5% | Export oatmeal stout\ud83c\udf3e<\/strong><\/p>\n<p>Ei ole v\u00e4li\u00e4 pakenetko viikonloppuna Big Bear Cabinille miettim\u00e4\u00e4n el\u00e4m\u00e4\u00e4si vai suuntaatko kohti muotin\u00e4yt\u00f6ksien kirkkaita valoja \u2013 muista k\u00e4yd\u00e4 ajoissa Taproomilla, jotta ehdit tv:n \u00e4\u00e4reen 10:30. T\u00e4ss\u00e4 on prosenteiltaan hieman tukevampi stout, joka sis\u00e4lt\u00e4\u00e4 leukaa jykev\u00f6itt\u00e4v\u00e4t m\u00e4\u00e4r\u00e4t paahteista runkoa maukkasti py\u00f6rist\u00e4v\u00e4\u00e4 kaurapuuroa!<\/p>\n<p>Ole cool cat Ronn Moss, s\u00e4\u00e4st\u00e4 Massimoa ja osta Porridge Forrester! Aromipuolella l\u00f6ydett\u00e4viss\u00e4 paahteisuutta, sulottelevaa maltaisuutta, kahvisuutta ja tummaa suklaata, sek\u00e4 leukaper\u00e4t py\u00f6rist\u00e4v\u00e4\u00e4 kauran makeutta.<\/p>\n<p><strong>11,50\u20ac\/1L (11,50\u20ac\/L)<\/strong><\/p>\n<p><strong>34,00\u20ac\/3L (11,33\u20ac\/L)<\/strong><\/p>","protected":false},"excerpt":{"rendered":"<p>Growler elikk\u00e4s tuttavallisesti p\u00f6nikk\u00e4 on tuoretuote. Se s\u00e4ilyy hyv\u00e4n\u00e4 3pv ostohetkest\u00e4 kylm\u00e4s\u00e4ilytettyn\u00e4! \ud83c\udf3ePorridge Forrester 7,5% | Export oatmeal stout\ud83c\udf3e Ei ole v\u00e4li\u00e4 pakenetko viikonloppuna Big Bear Cabinille miettim\u00e4\u00e4n el\u00e4m\u00e4\u00e4si vai suuntaatko kohti muotin\u00e4yt\u00f6ksien kirkkaita valoja \u2013 muista k\u00e4yd\u00e4 ajoissa Taproomilla, jotta ehdit tv:n \u00e4\u00e4reen 10:30. T\u00e4ss\u00e4 on prosenteiltaan hieman tukevampi stout, joka sis\u00e4lt\u00e4\u00e4 leukaa jykev\u00f6itt\u00e4v\u00e4t &hellip; <\/p>\n<p class=\"link-more\"><a href=\"https:\/\/www.panimotuju.fi\/en\/product\/porridge-forrester-75\/\" class=\"more-link\">Read more<span class=\"screen-reader-text\"> &#8221;Porridge Forrester 7,5%&#8221;<\/span><\/a><\/p>","protected":false},"featured_media":13882,"template":"","meta":[],"product_brand":[],"product_cat":[50],"product_tag":[],"class_list":{"0":"post-16728","1":"product","2":"type-product","3":"status-publish","4":"has-post-thumbnail","6":"product_cat-tujun_tuotteet","8":"first","9":"outofstock","10":"taxable","11":"shipping-taxable","12":"product-type-variable"},"jetpack_sharing_enabled":true,"_links":{"self":[{"href":"https:\/\/www.panimotuju.fi\/en\/wp-json\/wp\/v2\/product\/16728","targetHints":{"allow":["GET"]}}],"collection":[{"href":"https:\/\/www.panimotuju.fi\/en\/wp-json\/wp\/v2\/product"}],"about":[{"href":"https:\/\/www.panimotuju.fi\/en\/wp-json\/wp\/v2\/types\/product"}],"wp:featuredmedia":[{"embeddable":true,"href":"https:\/\/www.panimotuju.fi\/en\/wp-json\/wp\/v2\/media\/13882"}],"wp:attachment":[{"href":"https:\/\/www.panimotuju.fi\/en\/wp-json\/wp\/v2\/media?parent=16728"}],"wp:term":[{"taxonomy":"product_brand","embeddable":true,"href":"https:\/\/www.panimotuju.fi\/en\/wp-json\/wp\/v2\/product_brand?post=16728"},{"taxonomy":"product_cat","embeddable":true,"href":"https:\/\/www.panimotuju.fi\/en\/wp-json\/wp\/v2\/product_cat?post=16728"},{"taxonomy":"product_tag","embeddable":true,"href":"https:\/\/www.panimotuju.fi\/en\/wp-json\/wp\/v2\/product_tag?post=16728"}],"curies":[{"name":"wp","href":"https:\/\/api.w.org\/{rel}","templated":true}]}}