{"id":16747,"date":"2025-01-23T12:08:06","date_gmt":"2025-01-23T10:08:06","guid":{"rendered":"https:\/\/www.panimotuju.fi\/?post_type=product&#038;p=16747"},"modified":"2026-05-13T19:11:08","modified_gmt":"2026-05-13T16:11:08","slug":"vuohineuvos-68","status":"publish","type":"product","link":"https:\/\/www.panimotuju.fi\/en\/product\/vuohineuvos-68\/","title":{"rendered":"Vuohineuvos 6,8%"},"content":{"rendered":"<p><strong>Vuohineuvos 6,8% | Heller Bock<\/strong><\/p>\n<p>Hiljainen m\u00e4\u00e4k\u00e4isy kaikui h\u00e4m\u00e4r\u00e4ss\u00e4 ja pankkiirivalaisimen sulkeutuessa Vuohineuvoksen ty\u00f6p\u00e4iv\u00e4 alkaa olemaan ohi. On aika laittaa kassakaappi kiinni. Ty\u00f6nt\u00e4yteist\u00e4 ja vastuullista p\u00e4iv\u00e4\u00e4 voi juhlistaa omalla nimikko-oluella, joka maistuu jokaiselle sarvip\u00e4\u00e4lle.<\/p>\n<p>Kyseess\u00e4h\u00e4n on tyylilt\u00e4\u00e4n Heller Bock eli vahva, runsas ja maltainen saksalaistyylinen pohjahiivaolut \u2013 saksalainen klassikko jopa, johon Tujulaiset ovat sorkkansa ty\u00f6nt\u00e4neet. Rungon maukas maltaisuus yhdistyy helppoon juotavuuteen ja raikkauteen, jonka pitk\u00e4 k\u00e4ymisprosessi on mahdollistanut. Humalointi tulee miellytt\u00e4v\u00e4sti esiin, jolloin aikaiseksi saadaan raikas, t\u00e4ytel\u00e4isen maltainen, rapsakka ja askelissaan ketter\u00e4 pohjahiivaolut<\/p>\n<p><strong>5,250\u20ac \/0,44L (11,13\u20ac\/L) +0,15\u20ac pantti<\/strong><\/p>\n<p>&nbsp;<\/p>","protected":false},"excerpt":{"rendered":"<p>Vuohineuvos 6,8% | Heller Bock Hiljainen m\u00e4\u00e4k\u00e4isy kaikui h\u00e4m\u00e4r\u00e4ss\u00e4 ja pankkiirivalaisimen sulkeutuessa Vuohineuvoksen ty\u00f6p\u00e4iv\u00e4 alkaa olemaan ohi. On aika laittaa kassakaappi kiinni. Ty\u00f6nt\u00e4yteist\u00e4 ja vastuullista p\u00e4iv\u00e4\u00e4 voi juhlistaa omalla nimikko-oluella, joka maistuu jokaiselle sarvip\u00e4\u00e4lle. Kyseess\u00e4h\u00e4n on tyylilt\u00e4\u00e4n Heller Bock eli vahva, runsas ja maltainen saksalaistyylinen pohjahiivaolut \u2013 saksalainen klassikko jopa, johon Tujulaiset ovat sorkkansa ty\u00f6nt\u00e4neet. &hellip; <\/p>\n<p class=\"link-more\"><a href=\"https:\/\/www.panimotuju.fi\/en\/product\/vuohineuvos-68\/\" class=\"more-link\">Read more<span class=\"screen-reader-text\"> &#8221;Vuohineuvos 6,8%&#8221;<\/span><\/a><\/p>","protected":false},"featured_media":10785,"template":"","meta":[],"product_brand":[],"product_cat":[50],"product_tag":[],"class_list":{"0":"post-16747","1":"product","2":"type-product","3":"status-publish","4":"has-post-thumbnail","6":"product_cat-tujun_tuotteet","8":"first","9":"instock","10":"taxable","11":"shipping-taxable","12":"purchasable","13":"product-type-simple"},"jetpack_sharing_enabled":true,"_links":{"self":[{"href":"https:\/\/www.panimotuju.fi\/en\/wp-json\/wp\/v2\/product\/16747","targetHints":{"allow":["GET"]}}],"collection":[{"href":"https:\/\/www.panimotuju.fi\/en\/wp-json\/wp\/v2\/product"}],"about":[{"href":"https:\/\/www.panimotuju.fi\/en\/wp-json\/wp\/v2\/types\/product"}],"wp:featuredmedia":[{"embeddable":true,"href":"https:\/\/www.panimotuju.fi\/en\/wp-json\/wp\/v2\/media\/10785"}],"wp:attachment":[{"href":"https:\/\/www.panimotuju.fi\/en\/wp-json\/wp\/v2\/media?parent=16747"}],"wp:term":[{"taxonomy":"product_brand","embeddable":true,"href":"https:\/\/www.panimotuju.fi\/en\/wp-json\/wp\/v2\/product_brand?post=16747"},{"taxonomy":"product_cat","embeddable":true,"href":"https:\/\/www.panimotuju.fi\/en\/wp-json\/wp\/v2\/product_cat?post=16747"},{"taxonomy":"product_tag","embeddable":true,"href":"https:\/\/www.panimotuju.fi\/en\/wp-json\/wp\/v2\/product_tag?post=16747"}],"curies":[{"name":"wp","href":"https:\/\/api.w.org\/{rel}","templated":true}]}}