{"id":17003,"date":"2025-02-17T10:12:20","date_gmt":"2025-02-17T08:12:20","guid":{"rendered":"https:\/\/www.panimotuju.fi\/?post_type=product&#038;p=17003"},"modified":"2026-04-19T16:32:12","modified_gmt":"2026-04-19T13:32:12","slug":"eka-demoni","status":"publish","type":"product","link":"https:\/\/www.panimotuju.fi\/en\/product\/eka-demoni\/","title":{"rendered":"Eka Demoni 4,8%"},"content":{"rendered":"<p><strong>Eka Demoni 4,8% | NZ Pils | Motueka, Rakau<\/strong><\/p>\n<p>Eka Demoni on noussut suoraan helvetin syvyyksist\u00e4 ja n\u00e4m\u00e4 riffit eiv\u00e4t aiheuta cacomisefekti\u00e4. T\u00e4m\u00e4 lager on loppuun asti masteroitu, suorastaan nestem\u00e4inen Rubinin jalokivi.<\/p>\n<p>Avausraitana uuden-seelannin <strong>Motuekaa<\/strong>, joka luo moottorisahalla murskattua lime\u00e4, el\u00e4v\u00e4ist\u00e4 sitruksisuutta ja trooppista hedelm\u00e4\u00e4 sek\u00e4 nyrkkiraudanlujaa yrttisyytt\u00e4, samalla kun BFG9000 lataa <strong>Rakaun<\/strong> luomaa aprikoosin ja mangon ilosanomaa suoraan Helvetin Paronin kasvoille.\u00a0 Sulavalinjainen lager ei anna sinulle God Modea, mutta sopii niille, jotka kuuntelevat kitarat mieluiten s\u00e4r\u00f6ll\u00e4.<\/p>\n<p><strong>4,90\u20ac\/0,44L (11,14\u20ac\/L) + pantti 0,15\u20ac<\/strong><\/p>","protected":false},"excerpt":{"rendered":"<p>Eka Demoni 4,8% | NZ Pils | Motueka, Rakau Eka Demoni on noussut suoraan helvetin syvyyksist\u00e4 ja n\u00e4m\u00e4 riffit eiv\u00e4t aiheuta cacomisefekti\u00e4. T\u00e4m\u00e4 lager on loppuun asti masteroitu, suorastaan nestem\u00e4inen Rubinin jalokivi. Avausraitana uuden-seelannin Motuekaa, joka luo moottorisahalla murskattua lime\u00e4, el\u00e4v\u00e4ist\u00e4 sitruksisuutta ja trooppista hedelm\u00e4\u00e4 sek\u00e4 nyrkkiraudanlujaa yrttisyytt\u00e4, samalla kun BFG9000 lataa Rakaun luomaa aprikoosin &hellip; <\/p>\n<p class=\"link-more\"><a href=\"https:\/\/www.panimotuju.fi\/en\/product\/eka-demoni\/\" class=\"more-link\">Read more<span class=\"screen-reader-text\"> &#8221;Eka Demoni 4,8%&#8221;<\/span><\/a><\/p>","protected":false},"featured_media":17043,"template":"","meta":[],"product_brand":[],"product_cat":[50],"product_tag":[],"class_list":{"0":"post-17003","1":"product","2":"type-product","3":"status-publish","4":"has-post-thumbnail","6":"product_cat-tujun_tuotteet","8":"first","9":"instock","10":"taxable","11":"shipping-taxable","12":"purchasable","13":"product-type-simple"},"jetpack_sharing_enabled":true,"_links":{"self":[{"href":"https:\/\/www.panimotuju.fi\/en\/wp-json\/wp\/v2\/product\/17003","targetHints":{"allow":["GET"]}}],"collection":[{"href":"https:\/\/www.panimotuju.fi\/en\/wp-json\/wp\/v2\/product"}],"about":[{"href":"https:\/\/www.panimotuju.fi\/en\/wp-json\/wp\/v2\/types\/product"}],"wp:featuredmedia":[{"embeddable":true,"href":"https:\/\/www.panimotuju.fi\/en\/wp-json\/wp\/v2\/media\/17043"}],"wp:attachment":[{"href":"https:\/\/www.panimotuju.fi\/en\/wp-json\/wp\/v2\/media?parent=17003"}],"wp:term":[{"taxonomy":"product_brand","embeddable":true,"href":"https:\/\/www.panimotuju.fi\/en\/wp-json\/wp\/v2\/product_brand?post=17003"},{"taxonomy":"product_cat","embeddable":true,"href":"https:\/\/www.panimotuju.fi\/en\/wp-json\/wp\/v2\/product_cat?post=17003"},{"taxonomy":"product_tag","embeddable":true,"href":"https:\/\/www.panimotuju.fi\/en\/wp-json\/wp\/v2\/product_tag?post=17003"}],"curies":[{"name":"wp","href":"https:\/\/api.w.org\/{rel}","templated":true}]}}