{"id":17094,"date":"2025-03-06T11:02:44","date_gmt":"2025-03-06T09:02:44","guid":{"rendered":"https:\/\/www.panimotuju.fi\/?post_type=product&#038;p=17094"},"modified":"2025-05-14T14:03:17","modified_gmt":"2025-05-14T11:03:17","slug":"horizont-brewery-golden-glow-51","status":"publish","type":"product","link":"https:\/\/www.panimotuju.fi\/en\/product\/horizont-brewery-golden-glow-51\/","title":{"rendered":"Horizont Brewery &#8211; Golden Glow 5,1%"},"content":{"rendered":"<p>Lukuisasti palkittu unkarilainen<strong> Horizont Brewery<\/strong> ei ole mik\u00e4\u00e4n tuntemattomuus olutharrastajille meill\u00e4k\u00e4\u00e4n p\u00e4in. Innovatiivinen ja ahkera panimo on saanut merkitt\u00e4v\u00e4\u00e4 tunnustusta laadustaan ja luovuudestaan.<\/p>\n<p><strong>Golden Glow 5,1%:<\/strong> Klassinen witbier hedelm\u00e4isell\u00e4 twistill\u00e4. Mukaan on lis\u00e4tty juuri sopivasti aprikoosia tuomaan hedelm\u00e4isyytt\u00e4, mutta s\u00e4ilytt\u00e4m\u00e4\u00e4n perinteisen witbierin maun.<span data-sheets-root=\"1\"><br \/>\n<\/span><\/p>\n<p><strong>6,00\u20ac \/ 0,44L (13,64\u20ac\/L)<\/strong><\/p>","protected":false},"excerpt":{"rendered":"<p>Lukuisasti palkittu unkarilainen Horizont Brewery ei ole mik\u00e4\u00e4n tuntemattomuus olutharrastajille meill\u00e4k\u00e4\u00e4n p\u00e4in. Innovatiivinen ja ahkera panimo on saanut merkitt\u00e4v\u00e4\u00e4 tunnustusta laadustaan ja luovuudestaan. Golden Glow 5,1%: Klassinen witbier hedelm\u00e4isell\u00e4 twistill\u00e4. Mukaan on lis\u00e4tty juuri sopivasti aprikoosia tuomaan hedelm\u00e4isyytt\u00e4, mutta s\u00e4ilytt\u00e4m\u00e4\u00e4n perinteisen witbierin maun. 6,00\u20ac \/ 0,44L (13,64\u20ac\/L)<\/p>","protected":false},"featured_media":17095,"template":"","meta":[],"product_brand":[],"product_cat":[62],"product_tag":[],"class_list":{"0":"post-17094","1":"product","2":"type-product","3":"status-publish","4":"has-post-thumbnail","6":"product_cat-vieras","8":"first","9":"outofstock","10":"taxable","11":"shipping-taxable","12":"purchasable","13":"product-type-simple"},"jetpack_sharing_enabled":true,"_links":{"self":[{"href":"https:\/\/www.panimotuju.fi\/en\/wp-json\/wp\/v2\/product\/17094","targetHints":{"allow":["GET"]}}],"collection":[{"href":"https:\/\/www.panimotuju.fi\/en\/wp-json\/wp\/v2\/product"}],"about":[{"href":"https:\/\/www.panimotuju.fi\/en\/wp-json\/wp\/v2\/types\/product"}],"wp:featuredmedia":[{"embeddable":true,"href":"https:\/\/www.panimotuju.fi\/en\/wp-json\/wp\/v2\/media\/17095"}],"wp:attachment":[{"href":"https:\/\/www.panimotuju.fi\/en\/wp-json\/wp\/v2\/media?parent=17094"}],"wp:term":[{"taxonomy":"product_brand","embeddable":true,"href":"https:\/\/www.panimotuju.fi\/en\/wp-json\/wp\/v2\/product_brand?post=17094"},{"taxonomy":"product_cat","embeddable":true,"href":"https:\/\/www.panimotuju.fi\/en\/wp-json\/wp\/v2\/product_cat?post=17094"},{"taxonomy":"product_tag","embeddable":true,"href":"https:\/\/www.panimotuju.fi\/en\/wp-json\/wp\/v2\/product_tag?post=17094"}],"curies":[{"name":"wp","href":"https:\/\/api.w.org\/{rel}","templated":true}]}}