{"id":17889,"date":"2025-05-20T09:02:52","date_gmt":"2025-05-20T06:02:52","guid":{"rendered":"https:\/\/www.panimotuju.fi\/?post_type=product&#038;p=17889"},"modified":"2026-04-19T19:55:50","modified_gmt":"2026-04-19T16:55:50","slug":"jalkapuu-90","status":"publish","type":"product","link":"https:\/\/www.panimotuju.fi\/en\/product\/jalkapuu-90\/","title":{"rendered":"Jalkapuu 9,0%"},"content":{"rendered":"<p><strong>Jalkapuu 9,0% | Belgian golden ale | Motueka<\/strong><\/p>\n<p>Jo aikojen alusta asti Tuju on asettanut asiakkaansa kiipeliin tekem\u00e4ll\u00e4 belgityylisi\u00e4 vaaleita herkkuja, joten t\u00e4ss\u00e4 on olut, jonka kanssa saa istuskella tovin. Jalkapuu on Belgian golden ale; \u00a0kuiva, vaalea ja vahva olut, jossa hiivan tuottamia\u00a0 rankaisevan hedelm\u00e4isi\u00e4 estereit\u00e4 buustaa aromihumaloinnista huolehtiva Motueka.<\/p>\n<p>Tyylilajinsa mukainen moniulotteisuus, mausteisuus ja korkea hiilihappoisuus ly\u00f6v\u00e4t kuin kepill\u00e4 selk\u00e4\u00e4n ja rangaistuksenomaisesti istuttavat sinut h\u00e4pe\u00e4penkkiin. Pid\u00e4 kuitenkin huolta itsest\u00e4si, sill\u00e4 piilotteleva tym\u00e4k\u00e4mpi alkoholipitoisuus potkaisee ja\u00a0 saattaa aiheuttaa tunnetta, ettei jalka kannakaan.<\/p>\n<p><strong>6,40\u20ac\/0,44L (14,54\u20ac\/L) EI PANTTIA<\/strong><\/p>","protected":false},"excerpt":{"rendered":"<p>Jalkapuu 9,0% | Belgian golden ale | Motueka Jo aikojen alusta asti Tuju on asettanut asiakkaansa kiipeliin tekem\u00e4ll\u00e4 belgityylisi\u00e4 vaaleita herkkuja, joten t\u00e4ss\u00e4 on olut, jonka kanssa saa istuskella tovin. Jalkapuu on Belgian golden ale; \u00a0kuiva, vaalea ja vahva olut, jossa hiivan tuottamia\u00a0 rankaisevan hedelm\u00e4isi\u00e4 estereit\u00e4 buustaa aromihumaloinnista huolehtiva Motueka. Tyylilajinsa mukainen moniulotteisuus, mausteisuus ja &hellip; <\/p>\n<p class=\"link-more\"><a href=\"https:\/\/www.panimotuju.fi\/en\/product\/jalkapuu-90\/\" class=\"more-link\">Read more<span class=\"screen-reader-text\"> &#8221;Jalkapuu 9,0%&#8221;<\/span><\/a><\/p>","protected":false},"featured_media":17899,"template":"","meta":[],"product_brand":[],"product_cat":[50],"product_tag":[],"class_list":{"0":"post-17889","1":"product","2":"type-product","3":"status-publish","4":"has-post-thumbnail","6":"product_cat-tujun_tuotteet","8":"first","9":"instock","10":"taxable","11":"shipping-taxable","12":"purchasable","13":"product-type-simple"},"jetpack_sharing_enabled":true,"_links":{"self":[{"href":"https:\/\/www.panimotuju.fi\/en\/wp-json\/wp\/v2\/product\/17889","targetHints":{"allow":["GET"]}}],"collection":[{"href":"https:\/\/www.panimotuju.fi\/en\/wp-json\/wp\/v2\/product"}],"about":[{"href":"https:\/\/www.panimotuju.fi\/en\/wp-json\/wp\/v2\/types\/product"}],"wp:featuredmedia":[{"embeddable":true,"href":"https:\/\/www.panimotuju.fi\/en\/wp-json\/wp\/v2\/media\/17899"}],"wp:attachment":[{"href":"https:\/\/www.panimotuju.fi\/en\/wp-json\/wp\/v2\/media?parent=17889"}],"wp:term":[{"taxonomy":"product_brand","embeddable":true,"href":"https:\/\/www.panimotuju.fi\/en\/wp-json\/wp\/v2\/product_brand?post=17889"},{"taxonomy":"product_cat","embeddable":true,"href":"https:\/\/www.panimotuju.fi\/en\/wp-json\/wp\/v2\/product_cat?post=17889"},{"taxonomy":"product_tag","embeddable":true,"href":"https:\/\/www.panimotuju.fi\/en\/wp-json\/wp\/v2\/product_tag?post=17889"}],"curies":[{"name":"wp","href":"https:\/\/api.w.org\/{rel}","templated":true}]}}