{"id":17954,"date":"2025-05-26T20:13:18","date_gmt":"2025-05-26T17:13:18","guid":{"rendered":"https:\/\/www.panimotuju.fi\/?post_type=product&#038;p=17954"},"modified":"2026-03-09T16:15:24","modified_gmt":"2026-03-09T14:15:24","slug":"kangaskassi-valkoinen-koukku-logo","status":"publish","type":"product","link":"https:\/\/www.panimotuju.fi\/en\/product\/kangaskassi-valkoinen-koukku-logo\/","title":{"rendered":"Kangaskassi, valkoinen koukku-logo"},"content":{"rendered":"<p>Kangaskassi, jolla kuljetat olutpuodin ostokset ja kaikki muut el\u00e4m\u00e4si oleellisimmat tarvikkeet helposti ja tyylill\u00e4.<\/p>\n<p>&nbsp;<\/p>\n<p>Nouto panimokaupasta 0\u20ac ja toimitukset muualle Suomeen erikseen ostettavalla 6\u20ac-postitustuotteella.<\/p>\n<p>&nbsp;<\/p>\n<p><strong>20,00\u20ac \/ kpl<\/strong><\/p>","protected":false},"excerpt":{"rendered":"<p>Kangaskassi, jolla kuljetat olutpuodin ostokset ja kaikki muut el\u00e4m\u00e4si oleellisimmat tarvikkeet helposti ja tyylill\u00e4. &nbsp; Nouto panimokaupasta 0\u20ac ja toimitukset muualle Suomeen erikseen ostettavalla 6\u20ac-postitustuotteella. &nbsp; 20,00\u20ac \/ kpl<\/p>","protected":false},"featured_media":17980,"template":"","meta":[],"product_brand":[],"product_cat":[67],"product_tag":[],"class_list":{"0":"post-17954","1":"product","2":"type-product","3":"status-publish","4":"has-post-thumbnail","6":"product_cat-oiheistuotteet","8":"first","9":"instock","10":"taxable","11":"shipping-taxable","12":"purchasable","13":"product-type-simple"},"jetpack_sharing_enabled":true,"_links":{"self":[{"href":"https:\/\/www.panimotuju.fi\/en\/wp-json\/wp\/v2\/product\/17954","targetHints":{"allow":["GET"]}}],"collection":[{"href":"https:\/\/www.panimotuju.fi\/en\/wp-json\/wp\/v2\/product"}],"about":[{"href":"https:\/\/www.panimotuju.fi\/en\/wp-json\/wp\/v2\/types\/product"}],"wp:featuredmedia":[{"embeddable":true,"href":"https:\/\/www.panimotuju.fi\/en\/wp-json\/wp\/v2\/media\/17980"}],"wp:attachment":[{"href":"https:\/\/www.panimotuju.fi\/en\/wp-json\/wp\/v2\/media?parent=17954"}],"wp:term":[{"taxonomy":"product_brand","embeddable":true,"href":"https:\/\/www.panimotuju.fi\/en\/wp-json\/wp\/v2\/product_brand?post=17954"},{"taxonomy":"product_cat","embeddable":true,"href":"https:\/\/www.panimotuju.fi\/en\/wp-json\/wp\/v2\/product_cat?post=17954"},{"taxonomy":"product_tag","embeddable":true,"href":"https:\/\/www.panimotuju.fi\/en\/wp-json\/wp\/v2\/product_tag?post=17954"}],"curies":[{"name":"wp","href":"https:\/\/api.w.org\/{rel}","templated":true}]}}