{"id":18053,"date":"2025-06-02T20:46:29","date_gmt":"2025-06-02T17:46:29","guid":{"rendered":"https:\/\/www.panimotuju.fi\/?post_type=product&#038;p=18053"},"modified":"2026-04-01T15:53:35","modified_gmt":"2026-04-01T12:53:35","slug":"murbudu-kaila-patiesiba-50","status":"publish","type":"product","link":"https:\/\/www.panimotuju.fi\/en\/product\/murbudu-kaila-patiesiba-50\/","title":{"rendered":"Murbudu &#8211; Kaila Patiesiba 5,0%"},"content":{"rendered":"<p><strong>M\u016brb\u016bdu Sidra Dar\u012btava \u2013 CIDER ANARCHY!<\/strong><\/p>\n<p>Tujun omaa maahantuontia. Siideri\u00e4, joka ei mahdu normeihin.<\/p>\n<p>Latviassa kovassa nosteessa oleva<strong> M\u016brb\u016bdu<\/strong> valmistaa k\u00e4sity\u00f6siideri\u00e4 Valkan alueella Latvian vanhoista omenatarhoista. Heid\u00e4n siiderins\u00e4 eiv\u00e4t seuraa perinteit\u00e4, vaan ne rikotaan! Kokeilunhalua, sekoituksia ja kuivahumalointia, kunnes l\u00f6yd\u00f6ksen\u00e4 on jotakin t\u00e4ysin uudenlaista. Jokainen er\u00e4 on erilainen, mutta tavoite on aina sama: tehd\u00e4 <em>nenorm\u0101la<\/em>\u00a0siideri\u00e4, joka yll\u00e4tt\u00e4\u00e4 ja ihastuttaa.<\/p>\n<p><strong>M\u016brb\u016bdu &#8211; Kail\u0101 Paties\u012bba 5,0%: <\/strong>Puolimakea omenasiideri villikarhunvatukoilla ja Earl Grey -teell\u00e4.<br \/>\nSitruksinen, marjaisa ja kevyen parfyyminen tuoksu. Maussa mets\u00e4n marjoja, bergamottia ja ruusunlehti\u00e4. T\u00e4ytel\u00e4inen, tasapainoinen ja pitk\u00e4 j\u00e4lkimaku.<\/p>\n<p><strong>5,25\u20ac\/0,33L (15,90\u20ac\/L)<\/strong><\/p>","protected":false},"excerpt":{"rendered":"<p>M\u016brb\u016bdu Sidra Dar\u012btava \u2013 CIDER ANARCHY! Tujun omaa maahantuontia. Siideri\u00e4, joka ei mahdu normeihin. Latviassa kovassa nosteessa oleva M\u016brb\u016bdu valmistaa k\u00e4sity\u00f6siideri\u00e4 Valkan alueella Latvian vanhoista omenatarhoista. Heid\u00e4n siiderins\u00e4 eiv\u00e4t seuraa perinteit\u00e4, vaan ne rikotaan! Kokeilunhalua, sekoituksia ja kuivahumalointia, kunnes l\u00f6yd\u00f6ksen\u00e4 on jotakin t\u00e4ysin uudenlaista. Jokainen er\u00e4 on erilainen, mutta tavoite on aina sama: tehd\u00e4 nenorm\u0101la\u00a0siideri\u00e4, &hellip; <\/p>\n<p class=\"link-more\"><a href=\"https:\/\/www.panimotuju.fi\/en\/product\/murbudu-kaila-patiesiba-50\/\" class=\"more-link\">Read more<span class=\"screen-reader-text\"> &#8221;Murbudu &#8211; Kaila Patiesiba 5,0%&#8221;<\/span><\/a><\/p>","protected":false},"featured_media":18054,"template":"","meta":[],"product_brand":[],"product_cat":[84],"product_tag":[],"class_list":{"0":"post-18053","1":"product","2":"type-product","3":"status-publish","4":"has-post-thumbnail","6":"product_cat-siiderit","8":"first","9":"instock","10":"taxable","11":"shipping-taxable","12":"purchasable","13":"product-type-simple"},"jetpack_sharing_enabled":true,"_links":{"self":[{"href":"https:\/\/www.panimotuju.fi\/en\/wp-json\/wp\/v2\/product\/18053","targetHints":{"allow":["GET"]}}],"collection":[{"href":"https:\/\/www.panimotuju.fi\/en\/wp-json\/wp\/v2\/product"}],"about":[{"href":"https:\/\/www.panimotuju.fi\/en\/wp-json\/wp\/v2\/types\/product"}],"wp:featuredmedia":[{"embeddable":true,"href":"https:\/\/www.panimotuju.fi\/en\/wp-json\/wp\/v2\/media\/18054"}],"wp:attachment":[{"href":"https:\/\/www.panimotuju.fi\/en\/wp-json\/wp\/v2\/media?parent=18053"}],"wp:term":[{"taxonomy":"product_brand","embeddable":true,"href":"https:\/\/www.panimotuju.fi\/en\/wp-json\/wp\/v2\/product_brand?post=18053"},{"taxonomy":"product_cat","embeddable":true,"href":"https:\/\/www.panimotuju.fi\/en\/wp-json\/wp\/v2\/product_cat?post=18053"},{"taxonomy":"product_tag","embeddable":true,"href":"https:\/\/www.panimotuju.fi\/en\/wp-json\/wp\/v2\/product_tag?post=18053"}],"curies":[{"name":"wp","href":"https:\/\/api.w.org\/{rel}","templated":true}]}}