{"id":18115,"date":"2025-06-09T12:23:12","date_gmt":"2025-06-09T09:23:12","guid":{"rendered":"https:\/\/www.panimotuju.fi\/?post_type=product&#038;p=18115"},"modified":"2026-04-01T15:37:51","modified_gmt":"2026-04-01T12:37:51","slug":"lepra-beer-fest-2025-lasi","status":"publish","type":"product","link":"https:\/\/www.panimotuju.fi\/en\/product\/lepra-beer-fest-2025-lasi\/","title":{"rendered":"Lepra Beer Fest 2025 -lasi"},"content":{"rendered":"<p>Vuoden 2025 Lepra Beer Festi\u00e4 varten teetetty tyylik\u00e4s olutlasi, jossa 0,15L ja 0,33L mittaviivat. Laseja teetetty vain rajoitettu er\u00e4, joten osta omasi ennen kuin loppuu!<\/p>\n<p>&nbsp;<\/p>\n<p><strong>6,00\u20ac \/ kpl | <\/strong><strong>30,00\u20ac \/ 6-pack<\/strong><\/p>","protected":false},"excerpt":{"rendered":"<p>Vuoden 2025 Lepra Beer Festi\u00e4 varten teetetty tyylik\u00e4s olutlasi, jossa 0,15L ja 0,33L mittaviivat. Laseja teetetty vain rajoitettu er\u00e4, joten osta omasi ennen kuin loppuu! &nbsp; 6,00\u20ac \/ kpl | 30,00\u20ac \/ 6-pack<\/p>","protected":false},"featured_media":18133,"template":"","meta":[],"product_brand":[],"product_cat":[67],"product_tag":[],"class_list":{"0":"post-18115","1":"product","2":"type-product","3":"status-publish","4":"has-post-thumbnail","6":"product_cat-oiheistuotteet","8":"first","9":"instock","10":"taxable","11":"shipping-taxable","12":"purchasable","13":"product-type-variable"},"jetpack_sharing_enabled":true,"_links":{"self":[{"href":"https:\/\/www.panimotuju.fi\/en\/wp-json\/wp\/v2\/product\/18115","targetHints":{"allow":["GET"]}}],"collection":[{"href":"https:\/\/www.panimotuju.fi\/en\/wp-json\/wp\/v2\/product"}],"about":[{"href":"https:\/\/www.panimotuju.fi\/en\/wp-json\/wp\/v2\/types\/product"}],"wp:featuredmedia":[{"embeddable":true,"href":"https:\/\/www.panimotuju.fi\/en\/wp-json\/wp\/v2\/media\/18133"}],"wp:attachment":[{"href":"https:\/\/www.panimotuju.fi\/en\/wp-json\/wp\/v2\/media?parent=18115"}],"wp:term":[{"taxonomy":"product_brand","embeddable":true,"href":"https:\/\/www.panimotuju.fi\/en\/wp-json\/wp\/v2\/product_brand?post=18115"},{"taxonomy":"product_cat","embeddable":true,"href":"https:\/\/www.panimotuju.fi\/en\/wp-json\/wp\/v2\/product_cat?post=18115"},{"taxonomy":"product_tag","embeddable":true,"href":"https:\/\/www.panimotuju.fi\/en\/wp-json\/wp\/v2\/product_tag?post=18115"}],"curies":[{"name":"wp","href":"https:\/\/api.w.org\/{rel}","templated":true}]}}