{"id":18322,"date":"2025-07-10T09:40:17","date_gmt":"2025-07-10T06:40:17","guid":{"rendered":"https:\/\/www.panimotuju.fi\/?post_type=product&#038;p=18322"},"modified":"2026-04-11T14:22:09","modified_gmt":"2026-04-11T11:22:09","slug":"sofia-electric-bg-30-days-off-58","status":"publish","type":"product","link":"https:\/\/www.panimotuju.fi\/en\/product\/sofia-electric-bg-30-days-off-58\/","title":{"rendered":"Sofia Electric (BG) &#8211; 30 Days Off 5,8%"},"content":{"rendered":"<p>Bulgarian p\u00e4\u00e4kaupungissa sijaitseva <strong>Sofia Electric<\/strong> on maansa ykk\u00f6snimi\u00e4 pienpanimoskeness\u00e4. Panimoa py\u00f6ritt\u00e4\u00e4 Simeon, jolla on pitk\u00e4 kotikeittotausta ja sittemmin vaihtoi IT-alan ammattimaiseen oluenpanemiseen. P\u00e4\u00e4panijana toimii Australiasta l\u00e4ht\u00f6isin oleva Aiden Allen, joka on aiemmin ty\u00f6skennellyt muun muassa P\u00f5hjalalla ja Sirenill\u00e4.<\/p>\n<p><strong>30 Days Off 5,8% | American IPA: <\/strong>Loma-IPA, jossa humalina Citra, Centennial ja Simcoe.<\/p>\n<p><strong>7,70\u20ac\/0,5L (15,40\u20ac\/L)<\/strong><\/p>\n<p data-pm-slice=\"1 1 []\">","protected":false},"excerpt":{"rendered":"<p>Bulgarian p\u00e4\u00e4kaupungissa sijaitseva Sofia Electric on maansa ykk\u00f6snimi\u00e4 pienpanimoskeness\u00e4. Panimoa py\u00f6ritt\u00e4\u00e4 Simeon, jolla on pitk\u00e4 kotikeittotausta ja sittemmin vaihtoi IT-alan ammattimaiseen oluenpanemiseen. P\u00e4\u00e4panijana toimii Australiasta l\u00e4ht\u00f6isin oleva Aiden Allen, joka on aiemmin ty\u00f6skennellyt muun muassa P\u00f5hjalalla ja Sirenill\u00e4. 30 Days Off 5,8% | American IPA: Loma-IPA, jossa humalina Citra, Centennial ja Simcoe. 7,70\u20ac\/0,5L (15,40\u20ac\/L)<\/p>","protected":false},"featured_media":18350,"template":"","meta":[],"product_brand":[],"product_cat":[62],"product_tag":[],"class_list":{"0":"post-18322","1":"product","2":"type-product","3":"status-publish","4":"has-post-thumbnail","6":"product_cat-vieras","8":"first","9":"instock","10":"taxable","11":"shipping-taxable","12":"purchasable","13":"product-type-simple"},"jetpack_sharing_enabled":true,"_links":{"self":[{"href":"https:\/\/www.panimotuju.fi\/en\/wp-json\/wp\/v2\/product\/18322","targetHints":{"allow":["GET"]}}],"collection":[{"href":"https:\/\/www.panimotuju.fi\/en\/wp-json\/wp\/v2\/product"}],"about":[{"href":"https:\/\/www.panimotuju.fi\/en\/wp-json\/wp\/v2\/types\/product"}],"wp:featuredmedia":[{"embeddable":true,"href":"https:\/\/www.panimotuju.fi\/en\/wp-json\/wp\/v2\/media\/18350"}],"wp:attachment":[{"href":"https:\/\/www.panimotuju.fi\/en\/wp-json\/wp\/v2\/media?parent=18322"}],"wp:term":[{"taxonomy":"product_brand","embeddable":true,"href":"https:\/\/www.panimotuju.fi\/en\/wp-json\/wp\/v2\/product_brand?post=18322"},{"taxonomy":"product_cat","embeddable":true,"href":"https:\/\/www.panimotuju.fi\/en\/wp-json\/wp\/v2\/product_cat?post=18322"},{"taxonomy":"product_tag","embeddable":true,"href":"https:\/\/www.panimotuju.fi\/en\/wp-json\/wp\/v2\/product_tag?post=18322"}],"curies":[{"name":"wp","href":"https:\/\/api.w.org\/{rel}","templated":true}]}}