{"id":18390,"date":"2025-07-22T08:30:00","date_gmt":"2025-07-22T05:30:00","guid":{"rendered":"https:\/\/www.panimotuju.fi\/?post_type=product&#038;p=18390"},"modified":"2025-08-03T12:44:30","modified_gmt":"2025-08-03T09:44:30","slug":"hiisi-goat-apple-55","status":"publish","type":"product","link":"https:\/\/www.panimotuju.fi\/en\/product\/hiisi-goat-apple-55\/","title":{"rendered":"HIISI &#8211; Goat Apple 5,5%"},"content":{"rendered":"<p><strong data-start=\"29\" data-end=\"38\">Hiisi<\/strong> on jyv\u00e4skyl\u00e4l\u00e4inen pienpanimo, joka on tunnettu rohkeista ja kekseli\u00e4ist\u00e4 oluistaan sek\u00e4 vahvasta mytologisesta teemastaan. Vuonna 2013 perustettu panimo yhdistelee suomalaisia perinteit\u00e4 moderniin k\u00e4sity\u00f6olueen tekemiseen, tuoden markkinoille sek\u00e4 perinteisi\u00e4 ett\u00e4 kokeellisia makuja. Hiisi tunnetaan erityisesti tummista oluistaan, happamista sek\u00e4 tarinallisista etiketeist\u00e4\u00e4n, joissa korostuvat suomalainen kansanperinne ja hiiden henki.<\/p>\n<p><strong>Goat Apple 5,5% | Real Finnish Apple Cider: <\/strong>T\u00e4ss\u00e4 se nyt on. 100%:sti paikallisista omenoista puristettu, Hiisin aito villihiivasiideri. Omenah\u00e4vikki\u00e4 v\u00e4hennet\u00e4\u00e4n ker\u00e4\u00e4m\u00e4ll\u00e4 projektiin paikallisia omenoita, jotka muuten j\u00e4isiv\u00e4t k\u00e4ytt\u00e4m\u00e4tt\u00e4. Kuiva ja moniulotteinen, luonnollisesti fermentoitu.<\/p>\n<p><strong>8,00\u20ac \/ 0,33L (24,24\u20ac\/L)<\/strong><\/p>","protected":false},"excerpt":{"rendered":"<p>Hiisi on jyv\u00e4skyl\u00e4l\u00e4inen pienpanimo, joka on tunnettu rohkeista ja kekseli\u00e4ist\u00e4 oluistaan sek\u00e4 vahvasta mytologisesta teemastaan. Vuonna 2013 perustettu panimo yhdistelee suomalaisia perinteit\u00e4 moderniin k\u00e4sity\u00f6olueen tekemiseen, tuoden markkinoille sek\u00e4 perinteisi\u00e4 ett\u00e4 kokeellisia makuja. Hiisi tunnetaan erityisesti tummista oluistaan, happamista sek\u00e4 tarinallisista etiketeist\u00e4\u00e4n, joissa korostuvat suomalainen kansanperinne ja hiiden henki. Goat Apple 5,5% | Real Finnish Apple &hellip; <\/p>\n<p class=\"link-more\"><a href=\"https:\/\/www.panimotuju.fi\/en\/product\/hiisi-goat-apple-55\/\" class=\"more-link\">Read more<span class=\"screen-reader-text\"> &#8221;HIISI &#8211; Goat Apple 5,5%&#8221;<\/span><\/a><\/p>","protected":false},"featured_media":18397,"template":"","meta":[],"product_brand":[],"product_cat":[84],"product_tag":[],"class_list":{"0":"post-18390","1":"product","2":"type-product","3":"status-publish","4":"has-post-thumbnail","6":"product_cat-siiderit","8":"first","9":"outofstock","10":"taxable","11":"shipping-taxable","12":"purchasable","13":"product-type-simple"},"jetpack_sharing_enabled":true,"_links":{"self":[{"href":"https:\/\/www.panimotuju.fi\/en\/wp-json\/wp\/v2\/product\/18390","targetHints":{"allow":["GET"]}}],"collection":[{"href":"https:\/\/www.panimotuju.fi\/en\/wp-json\/wp\/v2\/product"}],"about":[{"href":"https:\/\/www.panimotuju.fi\/en\/wp-json\/wp\/v2\/types\/product"}],"wp:featuredmedia":[{"embeddable":true,"href":"https:\/\/www.panimotuju.fi\/en\/wp-json\/wp\/v2\/media\/18397"}],"wp:attachment":[{"href":"https:\/\/www.panimotuju.fi\/en\/wp-json\/wp\/v2\/media?parent=18390"}],"wp:term":[{"taxonomy":"product_brand","embeddable":true,"href":"https:\/\/www.panimotuju.fi\/en\/wp-json\/wp\/v2\/product_brand?post=18390"},{"taxonomy":"product_cat","embeddable":true,"href":"https:\/\/www.panimotuju.fi\/en\/wp-json\/wp\/v2\/product_cat?post=18390"},{"taxonomy":"product_tag","embeddable":true,"href":"https:\/\/www.panimotuju.fi\/en\/wp-json\/wp\/v2\/product_tag?post=18390"}],"curies":[{"name":"wp","href":"https:\/\/api.w.org\/{rel}","templated":true}]}}