{"id":18441,"date":"2025-07-30T09:29:08","date_gmt":"2025-07-30T06:29:08","guid":{"rendered":"https:\/\/www.panimotuju.fi\/?post_type=product&#038;p=18441"},"modified":"2025-10-04T12:35:58","modified_gmt":"2025-10-04T09:35:58","slug":"wc-ankka-80","status":"publish","type":"product","link":"https:\/\/www.panimotuju.fi\/en\/product\/wc-ankka-80\/","title":{"rendered":"WC Ankka 8,0%"},"content":{"rendered":"<p><strong>Tuju x Juomatalo Pikkulintu | WC Ankka 8,0%| West Coast DIPA | Centennial, Simcoe , Citra<\/strong><\/p>\n<p><em>KVAAK JA K\u00c4\u00c4K! West Coast Ankka on t\u00e4\u00e4ll\u00e4!<\/em><\/p>\n<p>Liid\u00e4mme l\u00e4nsirannikolle ja puolisukellamme syv\u00e4\u00e4n p\u00e4\u00e4tyyn. T\u00e4m\u00e4 raikastaja huuhtelee makunystyr\u00e4si viimeist\u00e4 pisaraa my\u00f6ten! WC-sopassa nokittelevat <strong>Centennial, Simcoe ja Citra<\/strong>, mutta kukin sulassa sovussa. Lampeen laskeutuu viel\u00e4 hyv\u00e4t m\u00e4\u00e4r\u00e4t katkeropommitusta, ett\u00e4 kaakelit vain ropisevat seinilt\u00e4. Greippi\u00e4, m\u00e4nty\u00e4 ja sitrusta eli vaikka olisi isompi h\u00e4t\u00e4 niin t\u00e4m\u00e4 kolmikko auttaa jaksamaan ja pusertamaan ilon irti el\u00e4m\u00e4st\u00e4!<\/p>\n<p>Mit\u00e4 kaljasi kertoo sinusta?<\/p>\n<p><strong>6,60\u20ac\/0,44L (15,00\u20ac\/L)<\/strong><\/p>","protected":false},"excerpt":{"rendered":"<p>Tuju x Juomatalo Pikkulintu | WC Ankka 8,0%| West Coast DIPA | Centennial, Simcoe , Citra KVAAK JA K\u00c4\u00c4K! West Coast Ankka on t\u00e4\u00e4ll\u00e4! Liid\u00e4mme l\u00e4nsirannikolle ja puolisukellamme syv\u00e4\u00e4n p\u00e4\u00e4tyyn. T\u00e4m\u00e4 raikastaja huuhtelee makunystyr\u00e4si viimeist\u00e4 pisaraa my\u00f6ten! WC-sopassa nokittelevat Centennial, Simcoe ja Citra, mutta kukin sulassa sovussa. Lampeen laskeutuu viel\u00e4 hyv\u00e4t m\u00e4\u00e4r\u00e4t katkeropommitusta, ett\u00e4 kaakelit &hellip; <\/p>\n<p class=\"link-more\"><a href=\"https:\/\/www.panimotuju.fi\/en\/product\/wc-ankka-80\/\" class=\"more-link\">Read more<span class=\"screen-reader-text\"> &#8221;WC Ankka 8,0%&#8221;<\/span><\/a><\/p>","protected":false},"featured_media":18499,"template":"","meta":[],"product_brand":[],"product_cat":[50],"product_tag":[],"class_list":{"0":"post-18441","1":"product","2":"type-product","3":"status-publish","4":"has-post-thumbnail","6":"product_cat-tujun_tuotteet","8":"first","9":"outofstock","10":"taxable","11":"shipping-taxable","12":"purchasable","13":"product-type-simple"},"jetpack_sharing_enabled":true,"_links":{"self":[{"href":"https:\/\/www.panimotuju.fi\/en\/wp-json\/wp\/v2\/product\/18441","targetHints":{"allow":["GET"]}}],"collection":[{"href":"https:\/\/www.panimotuju.fi\/en\/wp-json\/wp\/v2\/product"}],"about":[{"href":"https:\/\/www.panimotuju.fi\/en\/wp-json\/wp\/v2\/types\/product"}],"wp:featuredmedia":[{"embeddable":true,"href":"https:\/\/www.panimotuju.fi\/en\/wp-json\/wp\/v2\/media\/18499"}],"wp:attachment":[{"href":"https:\/\/www.panimotuju.fi\/en\/wp-json\/wp\/v2\/media?parent=18441"}],"wp:term":[{"taxonomy":"product_brand","embeddable":true,"href":"https:\/\/www.panimotuju.fi\/en\/wp-json\/wp\/v2\/product_brand?post=18441"},{"taxonomy":"product_cat","embeddable":true,"href":"https:\/\/www.panimotuju.fi\/en\/wp-json\/wp\/v2\/product_cat?post=18441"},{"taxonomy":"product_tag","embeddable":true,"href":"https:\/\/www.panimotuju.fi\/en\/wp-json\/wp\/v2\/product_tag?post=18441"}],"curies":[{"name":"wp","href":"https:\/\/api.w.org\/{rel}","templated":true}]}}