{"id":18715,"date":"2025-09-04T11:03:59","date_gmt":"2025-09-04T08:03:59","guid":{"rendered":"https:\/\/www.panimotuju.fi\/?post_type=product&#038;p=18715"},"modified":"2025-11-29T13:36:45","modified_gmt":"2025-11-29T11:36:45","slug":"mad-scientist-cherry-red-smush-33","status":"publish","type":"product","link":"https:\/\/www.panimotuju.fi\/en\/product\/mad-scientist-cherry-red-smush-33\/","title":{"rendered":"Mad Scientist &#8211; Cherry Red Smush 3,3%"},"content":{"rendered":"<p>Unkarilaista laadukasta kraft s\u00f6r\u00f6kki\u00e4. Budapestist\u00e4 kotoisin oleva <strong>Mad Scientist<\/strong> on kiist\u00e4m\u00e4tt\u00e4 (ei tartte tapella, t\u00e4m\u00e4 on fakta) t\u00e4ll\u00e4 hetkell\u00e4 Unkarin mielenkiintoisin pienpanimo. Panimo tunnetaan hyvin kunnianhimoisista olutkokeiluistaan sek\u00e4 eritt\u00e4in korkeasta laadustaan. Mad Scientist on omalla toiminnallaan ohjannut unkarilaista pienpanimokulttuuria uusille urille.<\/p>\n<p><b><span data-sheets-root=\"1\">Cherry Red Smush 3,3<\/span>% | Ice Cream Smoothie Sour:\u00a0<\/b>Kirsikalla, mansikalla ja punajuurella maustettu j\u00e4\u00e4tel\u00f6-henkinen smoothie sour ale.<\/p>\n<p><em>Laktoositon. Sis\u00e4lt\u00e4\u00e4 hunajaa.<\/em><\/p>\n<p><strong>6,40\u20ac \/ 0,33L (19,39\u20ac\/L)<\/strong><\/p>","protected":false},"excerpt":{"rendered":"<p>Unkarilaista laadukasta kraft s\u00f6r\u00f6kki\u00e4. Budapestist\u00e4 kotoisin oleva Mad Scientist on kiist\u00e4m\u00e4tt\u00e4 (ei tartte tapella, t\u00e4m\u00e4 on fakta) t\u00e4ll\u00e4 hetkell\u00e4 Unkarin mielenkiintoisin pienpanimo. Panimo tunnetaan hyvin kunnianhimoisista olutkokeiluistaan sek\u00e4 eritt\u00e4in korkeasta laadustaan. Mad Scientist on omalla toiminnallaan ohjannut unkarilaista pienpanimokulttuuria uusille urille. Cherry Red Smush 3,3% | Ice Cream Smoothie Sour:\u00a0Kirsikalla, mansikalla ja punajuurella maustettu j\u00e4\u00e4tel\u00f6-henkinen &hellip; <\/p>\n<p class=\"link-more\"><a href=\"https:\/\/www.panimotuju.fi\/en\/product\/mad-scientist-cherry-red-smush-33\/\" class=\"more-link\">Read more<span class=\"screen-reader-text\"> &#8221;Mad Scientist &#8211; Cherry Red Smush 3,3%&#8221;<\/span><\/a><\/p>","protected":false},"featured_media":18792,"template":"","meta":[],"product_brand":[],"product_cat":[62],"product_tag":[],"class_list":{"0":"post-18715","1":"product","2":"type-product","3":"status-publish","4":"has-post-thumbnail","6":"product_cat-vieras","8":"first","9":"outofstock","10":"taxable","11":"shipping-taxable","12":"purchasable","13":"product-type-simple"},"jetpack_sharing_enabled":true,"_links":{"self":[{"href":"https:\/\/www.panimotuju.fi\/en\/wp-json\/wp\/v2\/product\/18715","targetHints":{"allow":["GET"]}}],"collection":[{"href":"https:\/\/www.panimotuju.fi\/en\/wp-json\/wp\/v2\/product"}],"about":[{"href":"https:\/\/www.panimotuju.fi\/en\/wp-json\/wp\/v2\/types\/product"}],"wp:featuredmedia":[{"embeddable":true,"href":"https:\/\/www.panimotuju.fi\/en\/wp-json\/wp\/v2\/media\/18792"}],"wp:attachment":[{"href":"https:\/\/www.panimotuju.fi\/en\/wp-json\/wp\/v2\/media?parent=18715"}],"wp:term":[{"taxonomy":"product_brand","embeddable":true,"href":"https:\/\/www.panimotuju.fi\/en\/wp-json\/wp\/v2\/product_brand?post=18715"},{"taxonomy":"product_cat","embeddable":true,"href":"https:\/\/www.panimotuju.fi\/en\/wp-json\/wp\/v2\/product_cat?post=18715"},{"taxonomy":"product_tag","embeddable":true,"href":"https:\/\/www.panimotuju.fi\/en\/wp-json\/wp\/v2\/product_tag?post=18715"}],"curies":[{"name":"wp","href":"https:\/\/api.w.org\/{rel}","templated":true}]}}