{"id":18832,"date":"2025-09-19T20:35:12","date_gmt":"2025-09-19T17:35:12","guid":{"rendered":"https:\/\/www.panimotuju.fi\/?post_type=product&#038;p=18832"},"modified":"2026-04-01T15:35:52","modified_gmt":"2026-04-01T12:35:52","slug":"paihalas-night-staalu-80","status":"publish","type":"product","link":"https:\/\/www.panimotuju.fi\/en\/product\/paihalas-night-staalu-80\/","title":{"rendered":"Paihalas &#8211; Night St\u00e1\u00e1lu 8,0%"},"content":{"rendered":"<p><strong>Paihalas Brewery<\/strong> on panimo ja \u201dblendaamo\u201d, joka on erikoistunut villihiivaoluisiin. Heid\u00e4n panimonsa sijaisee Sodankyl\u00e4ss\u00e4. He valmistavat hyvin pieni\u00e4 eri\u00e4 tammikypsyneit\u00e4 arktisia villioluita Lapin syd\u00e4mess\u00e4. Oluet sis\u00e4lt\u00e4v\u00e4t paikallista pohjavett\u00e4, marjoja, villiyrttej\u00e4 sek\u00e4 alkuper\u00e4isi\u00e4 hiivoja ja bakteereja luoden ainutlaatuisuutta ja monimuotoisuutta. Kaikki oluet ovat tammitynnyrikypsytettyj\u00e4.<\/p>\n<p><strong><span data-sheets-root=\"1\">Night St\u00e1\u00e1lu 8,0<\/span>%<\/strong>: Darker wild ale with woody tones, dried raisins, and acetic sharpness on the nose. The taste is surprisingly soft despite its vinegar edge\u2014 smooth and balanced with woody notes. An acetic bite lingers in the finish, joined by redcurrant and dried fruits.<\/p>\n<p><strong>17,20\u20ac \/ 0,375L (45,86\u20ac\/L)<\/strong><\/p>","protected":false},"excerpt":{"rendered":"<p>Paihalas Brewery on panimo ja \u201dblendaamo\u201d, joka on erikoistunut villihiivaoluisiin. Heid\u00e4n panimonsa sijaisee Sodankyl\u00e4ss\u00e4. He valmistavat hyvin pieni\u00e4 eri\u00e4 tammikypsyneit\u00e4 arktisia villioluita Lapin syd\u00e4mess\u00e4. Oluet sis\u00e4lt\u00e4v\u00e4t paikallista pohjavett\u00e4, marjoja, villiyrttej\u00e4 sek\u00e4 alkuper\u00e4isi\u00e4 hiivoja ja bakteereja luoden ainutlaatuisuutta ja monimuotoisuutta. Kaikki oluet ovat tammitynnyrikypsytettyj\u00e4. Night St\u00e1\u00e1lu 8,0%: Darker wild ale with woody tones, dried raisins, and &hellip; <\/p>\n<p class=\"link-more\"><a href=\"https:\/\/www.panimotuju.fi\/en\/product\/paihalas-night-staalu-80\/\" class=\"more-link\">Read more<span class=\"screen-reader-text\"> &#8221;Paihalas &#8211; Night St\u00e1\u00e1lu 8,0%&#8221;<\/span><\/a><\/p>","protected":false},"featured_media":18833,"template":"","meta":[],"product_brand":[],"product_cat":[62],"product_tag":[],"class_list":{"0":"post-18832","1":"product","2":"type-product","3":"status-publish","4":"has-post-thumbnail","6":"product_cat-vieras","8":"first","9":"instock","10":"taxable","11":"shipping-taxable","12":"purchasable","13":"product-type-simple"},"jetpack_sharing_enabled":true,"_links":{"self":[{"href":"https:\/\/www.panimotuju.fi\/en\/wp-json\/wp\/v2\/product\/18832","targetHints":{"allow":["GET"]}}],"collection":[{"href":"https:\/\/www.panimotuju.fi\/en\/wp-json\/wp\/v2\/product"}],"about":[{"href":"https:\/\/www.panimotuju.fi\/en\/wp-json\/wp\/v2\/types\/product"}],"wp:featuredmedia":[{"embeddable":true,"href":"https:\/\/www.panimotuju.fi\/en\/wp-json\/wp\/v2\/media\/18833"}],"wp:attachment":[{"href":"https:\/\/www.panimotuju.fi\/en\/wp-json\/wp\/v2\/media?parent=18832"}],"wp:term":[{"taxonomy":"product_brand","embeddable":true,"href":"https:\/\/www.panimotuju.fi\/en\/wp-json\/wp\/v2\/product_brand?post=18832"},{"taxonomy":"product_cat","embeddable":true,"href":"https:\/\/www.panimotuju.fi\/en\/wp-json\/wp\/v2\/product_cat?post=18832"},{"taxonomy":"product_tag","embeddable":true,"href":"https:\/\/www.panimotuju.fi\/en\/wp-json\/wp\/v2\/product_tag?post=18832"}],"curies":[{"name":"wp","href":"https:\/\/api.w.org\/{rel}","templated":true}]}}