{"id":18838,"date":"2025-09-20T10:15:17","date_gmt":"2025-09-20T07:15:17","guid":{"rendered":"https:\/\/www.panimotuju.fi\/?post_type=product&#038;p=18838"},"modified":"2026-04-01T15:45:05","modified_gmt":"2026-04-01T12:45:05","slug":"paihalas-loue-65","status":"publish","type":"product","link":"https:\/\/www.panimotuju.fi\/en\/product\/paihalas-loue-65\/","title":{"rendered":"Paihalas &#8211; Loue 6,5%"},"content":{"rendered":"<p><strong>Paihalas Brewery<\/strong> on panimo ja \u201dblendaamo\u201d, joka on erikoistunut villihiivaoluisiin. Heid\u00e4n panimonsa sijaisee Sodankyl\u00e4ss\u00e4. He valmistavat hyvin pieni\u00e4 eri\u00e4 tammikypsyneit\u00e4 arktisia villioluita Lapin syd\u00e4mess\u00e4. Oluet sis\u00e4lt\u00e4v\u00e4t paikallista pohjavett\u00e4, marjoja, villiyrttej\u00e4 sek\u00e4 alkuper\u00e4isi\u00e4 hiivoja ja bakteereja luoden ainutlaatuisuutta ja monimuotoisuutta. Kaikki oluet ovat tammitynnyrikypsytettyj\u00e4.<\/p>\n<p><strong><span data-sheets-root=\"1\">Loue 6,5<\/span>%<\/strong>: Aged hops for this Arctic Wild Ale were gathered in Lapland, more precisely from the Loue hop test fields. On the nose, you\u2019ll find peach- driven stone fruit, lifted by firm bitterness. The palate follows with ripe peaches, subtle bitterness, and dry hay\u2014balancing floral brightness and earthy funk, and finishing with a gentle, refined sweetness.<\/p>\n<p><strong>32,50\u20ac \/ 0,75L (43,33\u20ac\/L)<\/strong><\/p>","protected":false},"excerpt":{"rendered":"<p>Paihalas Brewery on panimo ja \u201dblendaamo\u201d, joka on erikoistunut villihiivaoluisiin. Heid\u00e4n panimonsa sijaisee Sodankyl\u00e4ss\u00e4. He valmistavat hyvin pieni\u00e4 eri\u00e4 tammikypsyneit\u00e4 arktisia villioluita Lapin syd\u00e4mess\u00e4. Oluet sis\u00e4lt\u00e4v\u00e4t paikallista pohjavett\u00e4, marjoja, villiyrttej\u00e4 sek\u00e4 alkuper\u00e4isi\u00e4 hiivoja ja bakteereja luoden ainutlaatuisuutta ja monimuotoisuutta. Kaikki oluet ovat tammitynnyrikypsytettyj\u00e4. Loue 6,5%: Aged hops for this Arctic Wild Ale were gathered in &hellip; <\/p>\n<p class=\"link-more\"><a href=\"https:\/\/www.panimotuju.fi\/en\/product\/paihalas-loue-65\/\" class=\"more-link\">Read more<span class=\"screen-reader-text\"> &#8221;Paihalas &#8211; Loue 6,5%&#8221;<\/span><\/a><\/p>","protected":false},"featured_media":18835,"template":"","meta":[],"product_brand":[],"product_cat":[62],"product_tag":[],"class_list":{"0":"post-18838","1":"product","2":"type-product","3":"status-publish","4":"has-post-thumbnail","6":"product_cat-vieras","8":"first","9":"instock","10":"taxable","11":"shipping-taxable","12":"purchasable","13":"product-type-simple"},"jetpack_sharing_enabled":true,"_links":{"self":[{"href":"https:\/\/www.panimotuju.fi\/en\/wp-json\/wp\/v2\/product\/18838","targetHints":{"allow":["GET"]}}],"collection":[{"href":"https:\/\/www.panimotuju.fi\/en\/wp-json\/wp\/v2\/product"}],"about":[{"href":"https:\/\/www.panimotuju.fi\/en\/wp-json\/wp\/v2\/types\/product"}],"wp:featuredmedia":[{"embeddable":true,"href":"https:\/\/www.panimotuju.fi\/en\/wp-json\/wp\/v2\/media\/18835"}],"wp:attachment":[{"href":"https:\/\/www.panimotuju.fi\/en\/wp-json\/wp\/v2\/media?parent=18838"}],"wp:term":[{"taxonomy":"product_brand","embeddable":true,"href":"https:\/\/www.panimotuju.fi\/en\/wp-json\/wp\/v2\/product_brand?post=18838"},{"taxonomy":"product_cat","embeddable":true,"href":"https:\/\/www.panimotuju.fi\/en\/wp-json\/wp\/v2\/product_cat?post=18838"},{"taxonomy":"product_tag","embeddable":true,"href":"https:\/\/www.panimotuju.fi\/en\/wp-json\/wp\/v2\/product_tag?post=18838"}],"curies":[{"name":"wp","href":"https:\/\/api.w.org\/{rel}","templated":true}]}}