{"id":18839,"date":"2025-09-20T10:17:23","date_gmt":"2025-09-20T07:17:23","guid":{"rendered":"https:\/\/www.panimotuju.fi\/?post_type=product&#038;p=18839"},"modified":"2026-04-01T15:38:07","modified_gmt":"2026-04-01T12:38:07","slug":"paihalas-knotted-moon-68","status":"publish","type":"product","link":"https:\/\/www.panimotuju.fi\/en\/product\/paihalas-knotted-moon-68\/","title":{"rendered":"Paihalas &#8211; Knotted Moon 6,8%"},"content":{"rendered":"<p><strong>Paihalas Brewery<\/strong> on panimo ja \u201dblendaamo\u201d, joka on erikoistunut villihiivaoluisiin. Heid\u00e4n panimonsa sijaisee Sodankyl\u00e4ss\u00e4. He valmistavat hyvin pieni\u00e4 eri\u00e4 tammikypsyneit\u00e4 arktisia villioluita Lapin syd\u00e4mess\u00e4. Oluet sis\u00e4lt\u00e4v\u00e4t paikallista pohjavett\u00e4, marjoja, villiyrttej\u00e4 sek\u00e4 alkuper\u00e4isi\u00e4 hiivoja ja bakteereja luoden ainutlaatuisuutta ja monimuotoisuutta. Kaikki oluet ovat tammitynnyrikypsytettyj\u00e4.<\/p>\n<p><strong>Knotted Moon 6,8%: <\/strong>Golden wild ale with honeyed stone fruit, cellar-like and woody notes on the nose. Dry and tart on the palate with a touch of stone fruit. A refreshing bite, rounded by subtle woody tannins.<\/p>\n<p><strong>29,00\u20ac \/ 0,75L (38,67\u20ac\/L)<\/strong><\/p>","protected":false},"excerpt":{"rendered":"<p>Paihalas Brewery on panimo ja \u201dblendaamo\u201d, joka on erikoistunut villihiivaoluisiin. Heid\u00e4n panimonsa sijaisee Sodankyl\u00e4ss\u00e4. He valmistavat hyvin pieni\u00e4 eri\u00e4 tammikypsyneit\u00e4 arktisia villioluita Lapin syd\u00e4mess\u00e4. Oluet sis\u00e4lt\u00e4v\u00e4t paikallista pohjavett\u00e4, marjoja, villiyrttej\u00e4 sek\u00e4 alkuper\u00e4isi\u00e4 hiivoja ja bakteereja luoden ainutlaatuisuutta ja monimuotoisuutta. Kaikki oluet ovat tammitynnyrikypsytettyj\u00e4. Knotted Moon 6,8%: Golden wild ale with honeyed stone fruit, cellar-like and &hellip; <\/p>\n<p class=\"link-more\"><a href=\"https:\/\/www.panimotuju.fi\/en\/product\/paihalas-knotted-moon-68\/\" class=\"more-link\">Read more<span class=\"screen-reader-text\"> &#8221;Paihalas &#8211; Knotted Moon 6,8%&#8221;<\/span><\/a><\/p>","protected":false},"featured_media":18834,"template":"","meta":[],"product_brand":[],"product_cat":[62],"product_tag":[],"class_list":{"0":"post-18839","1":"product","2":"type-product","3":"status-publish","4":"has-post-thumbnail","6":"product_cat-vieras","8":"first","9":"instock","10":"taxable","11":"shipping-taxable","12":"purchasable","13":"product-type-simple"},"jetpack_sharing_enabled":true,"_links":{"self":[{"href":"https:\/\/www.panimotuju.fi\/en\/wp-json\/wp\/v2\/product\/18839","targetHints":{"allow":["GET"]}}],"collection":[{"href":"https:\/\/www.panimotuju.fi\/en\/wp-json\/wp\/v2\/product"}],"about":[{"href":"https:\/\/www.panimotuju.fi\/en\/wp-json\/wp\/v2\/types\/product"}],"wp:featuredmedia":[{"embeddable":true,"href":"https:\/\/www.panimotuju.fi\/en\/wp-json\/wp\/v2\/media\/18834"}],"wp:attachment":[{"href":"https:\/\/www.panimotuju.fi\/en\/wp-json\/wp\/v2\/media?parent=18839"}],"wp:term":[{"taxonomy":"product_brand","embeddable":true,"href":"https:\/\/www.panimotuju.fi\/en\/wp-json\/wp\/v2\/product_brand?post=18839"},{"taxonomy":"product_cat","embeddable":true,"href":"https:\/\/www.panimotuju.fi\/en\/wp-json\/wp\/v2\/product_cat?post=18839"},{"taxonomy":"product_tag","embeddable":true,"href":"https:\/\/www.panimotuju.fi\/en\/wp-json\/wp\/v2\/product_tag?post=18839"}],"curies":[{"name":"wp","href":"https:\/\/api.w.org\/{rel}","templated":true}]}}