{"id":18902,"date":"2025-10-01T13:11:17","date_gmt":"2025-10-01T10:11:17","guid":{"rendered":"https:\/\/www.panimotuju.fi\/?post_type=product&#038;p=18902"},"modified":"2026-05-03T14:47:15","modified_gmt":"2026-05-03T11:47:15","slug":"saapumisera-1-26-49","status":"publish","type":"product","link":"https:\/\/www.panimotuju.fi\/en\/product\/saapumisera-1-26-49\/","title":{"rendered":"Saapumiser\u00e4 1\/26 4,9%"},"content":{"rendered":"<p><strong>Saapumiser\u00e4 1\/26 | 4,9% | Italian Pilsner | Saaz, Centennial, Chinook<\/strong><\/p>\n<p>Saapumiser\u00e4t ovat Tujun ja Tuju Taproomin omia prototyylisi\u00e4 erilaisia \u201dtalon oluita\u201d. Vanhalla varuskunta-alueella sijaitseva Tujun panimon ja Tuju Taproomin ymp\u00e4rist\u00f6 ei ole hetkeen kuullut kopisevia marssiaskeleita tai -lauluja, mutta Saapumiser\u00e4t saavat varmasti tenorien \u00e4\u00e4nij\u00e4nteet notkeiksi.<\/p>\n<p>Palvelukseen astuu Saapumiser\u00e4 12\/25. Tyylilt\u00e4\u00e4n italian pilsner.<\/p>\n<p>Koko Saapumiser\u00e4 matkaakin V\u00e4limerelle ja kyseess\u00e4 on kunnon guidojoukkojen k\u00e4rkiyksikk\u00f6! Nyt ei espressopannut sihise! Italian pilsner ei suinkaan h\u00e4tk\u00e4hd\u00e4 taistelujen tuoksintaa, vaan tukka ja kultaketjut pysyv\u00e4t mintiss\u00e4 &#8211; vaikka tykist\u00f6keskityksess\u00e4. Rajuimman tuliyll\u00e4k\u00f6n ly\u00f6 Saaz ja Centennial, jonka aromaattisen yrttinen ja sitruksinen meteli peitt\u00e4\u00e4 pastakauhojenkin kolinan. Chinook saapuu leve\u00e4ll\u00e4 rintamalla antamaan viimeistelev\u00e4n katkeran j\u00e4\u00e4hyv\u00e4isen.<\/p>\n<p><strong>5,05\u20ac \/ 0,44L (11,48\u20ac\/L)<\/strong><\/p>","protected":false},"excerpt":{"rendered":"<p>Saapumiser\u00e4 1\/26 | 4,9% | Italian Pilsner | Saaz, Centennial, Chinook Saapumiser\u00e4t ovat Tujun ja Tuju Taproomin omia prototyylisi\u00e4 erilaisia \u201dtalon oluita\u201d. Vanhalla varuskunta-alueella sijaitseva Tujun panimon ja Tuju Taproomin ymp\u00e4rist\u00f6 ei ole hetkeen kuullut kopisevia marssiaskeleita tai -lauluja, mutta Saapumiser\u00e4t saavat varmasti tenorien \u00e4\u00e4nij\u00e4nteet notkeiksi. Palvelukseen astuu Saapumiser\u00e4 12\/25. Tyylilt\u00e4\u00e4n italian pilsner. Koko Saapumiser\u00e4 &hellip; <\/p>\n<p class=\"link-more\"><a href=\"https:\/\/www.panimotuju.fi\/en\/product\/saapumisera-1-26-49\/\" class=\"more-link\">Read more<span class=\"screen-reader-text\"> &#8221;Saapumiser\u00e4 1\/26 4,9%&#8221;<\/span><\/a><\/p>","protected":false},"featured_media":19754,"template":"","meta":[],"product_brand":[],"product_cat":[50],"product_tag":[],"class_list":{"0":"post-18902","1":"product","2":"type-product","3":"status-publish","4":"has-post-thumbnail","6":"product_cat-tujun_tuotteet","8":"first","9":"instock","10":"taxable","11":"shipping-taxable","12":"purchasable","13":"product-type-simple"},"jetpack_sharing_enabled":true,"_links":{"self":[{"href":"https:\/\/www.panimotuju.fi\/en\/wp-json\/wp\/v2\/product\/18902","targetHints":{"allow":["GET"]}}],"collection":[{"href":"https:\/\/www.panimotuju.fi\/en\/wp-json\/wp\/v2\/product"}],"about":[{"href":"https:\/\/www.panimotuju.fi\/en\/wp-json\/wp\/v2\/types\/product"}],"wp:featuredmedia":[{"embeddable":true,"href":"https:\/\/www.panimotuju.fi\/en\/wp-json\/wp\/v2\/media\/19754"}],"wp:attachment":[{"href":"https:\/\/www.panimotuju.fi\/en\/wp-json\/wp\/v2\/media?parent=18902"}],"wp:term":[{"taxonomy":"product_brand","embeddable":true,"href":"https:\/\/www.panimotuju.fi\/en\/wp-json\/wp\/v2\/product_brand?post=18902"},{"taxonomy":"product_cat","embeddable":true,"href":"https:\/\/www.panimotuju.fi\/en\/wp-json\/wp\/v2\/product_cat?post=18902"},{"taxonomy":"product_tag","embeddable":true,"href":"https:\/\/www.panimotuju.fi\/en\/wp-json\/wp\/v2\/product_tag?post=18902"}],"curies":[{"name":"wp","href":"https:\/\/api.w.org\/{rel}","templated":true}]}}