{"id":19033,"date":"2025-10-21T15:02:41","date_gmt":"2025-10-21T12:02:41","guid":{"rendered":"https:\/\/www.panimotuju.fi\/?post_type=product&#038;p=19033"},"modified":"2026-01-07T13:41:10","modified_gmt":"2026-01-07T11:41:10","slug":"tuju-x-akkurat-swe-tax-free-willy-70","status":"publish","type":"product","link":"https:\/\/www.panimotuju.fi\/en\/product\/tuju-x-akkurat-swe-tax-free-willy-70\/","title":{"rendered":"Tuju x Akkurat (SWE) &#8211; Tax-Free Willy 7,0%"},"content":{"rendered":"<p><strong>Tuju x Akkurat (SWE) | Tax-Free Willy | 7,0% | West Coast IPA | Simcoe, Simcoe Quantum, Citra, Centennial<\/strong><\/p>\n<p><span style=\"font-weight: 400;\">Onko se edes Helsinki\u2013Tukholma-risteily, jos jossain ei vilahtele paria willy\u00e4? T\u00e4m\u00e4 rohkea rajoja ylitt\u00e4v\u00e4 yhteisty\u00f6 Tukholman klassikon, Akkuratin kanssa tuo saman leikkis\u00e4n energian suoraan lasiisi. Temppuvalikoimassa on Simcoe-, Simcoe Quantum-, Citra- ja Centennial-humat, joten Willy loikkaa vallien yli kirpeill\u00e4 sitruksilla, trooppisilla hedelmill\u00e4 ja m\u00e4ntyisill\u00e4 vivahteilla, viimeisteltyn\u00e4 raikkaalla, puhtaalla katkeruudella, joka saa sinut varaamaan jo uutta risteily\u00e4.<\/span><\/p>\n<p><span style=\"font-weight: 400;\">Olitpa sitten seilaamassa It\u00e4merell\u00e4 tai haaveilemassa siit\u00e4 maissa, Willy on aina vapaa, vaikka verot mahdollisesti pit\u00e4\u00e4kin makssa. T\u00e4m\u00e4 West Coast IPA on kunnianosoitus rajat ylitt\u00e4v\u00e4lle hauskanpidolle ja olutseikkailuille.<\/span><\/p>\n<p><strong>6,40\u20ac \/ 0,44L (14,55\u20ac\/L)\u00a0<\/strong><\/p>\n<p>&nbsp;<\/p>","protected":false},"excerpt":{"rendered":"<p>Tuju x Akkurat (SWE) | Tax-Free Willy | 7,0% | West Coast IPA | Simcoe, Simcoe Quantum, Citra, Centennial Onko se edes Helsinki\u2013Tukholma-risteily, jos jossain ei vilahtele paria willy\u00e4? T\u00e4m\u00e4 rohkea rajoja ylitt\u00e4v\u00e4 yhteisty\u00f6 Tukholman klassikon, Akkuratin kanssa tuo saman leikkis\u00e4n energian suoraan lasiisi. Temppuvalikoimassa on Simcoe-, Simcoe Quantum-, Citra- ja Centennial-humat, joten Willy loikkaa &hellip; <\/p>\n<p class=\"link-more\"><a href=\"https:\/\/www.panimotuju.fi\/en\/product\/tuju-x-akkurat-swe-tax-free-willy-70\/\" class=\"more-link\">Read more<span class=\"screen-reader-text\"> &#8221;Tuju x Akkurat (SWE) &#8211; Tax-Free Willy 7,0%&#8221;<\/span><\/a><\/p>","protected":false},"featured_media":19034,"template":"","meta":[],"product_brand":[],"product_cat":[50],"product_tag":[],"class_list":{"0":"post-19033","1":"product","2":"type-product","3":"status-publish","4":"has-post-thumbnail","6":"product_cat-tujun_tuotteet","8":"first","9":"outofstock","10":"taxable","11":"shipping-taxable","12":"purchasable","13":"product-type-simple"},"jetpack_sharing_enabled":true,"_links":{"self":[{"href":"https:\/\/www.panimotuju.fi\/en\/wp-json\/wp\/v2\/product\/19033","targetHints":{"allow":["GET"]}}],"collection":[{"href":"https:\/\/www.panimotuju.fi\/en\/wp-json\/wp\/v2\/product"}],"about":[{"href":"https:\/\/www.panimotuju.fi\/en\/wp-json\/wp\/v2\/types\/product"}],"wp:featuredmedia":[{"embeddable":true,"href":"https:\/\/www.panimotuju.fi\/en\/wp-json\/wp\/v2\/media\/19034"}],"wp:attachment":[{"href":"https:\/\/www.panimotuju.fi\/en\/wp-json\/wp\/v2\/media?parent=19033"}],"wp:term":[{"taxonomy":"product_brand","embeddable":true,"href":"https:\/\/www.panimotuju.fi\/en\/wp-json\/wp\/v2\/product_brand?post=19033"},{"taxonomy":"product_cat","embeddable":true,"href":"https:\/\/www.panimotuju.fi\/en\/wp-json\/wp\/v2\/product_cat?post=19033"},{"taxonomy":"product_tag","embeddable":true,"href":"https:\/\/www.panimotuju.fi\/en\/wp-json\/wp\/v2\/product_tag?post=19033"}],"curies":[{"name":"wp","href":"https:\/\/api.w.org\/{rel}","templated":true}]}}