{"id":19171,"date":"2025-11-04T11:49:38","date_gmt":"2025-11-04T09:49:38","guid":{"rendered":"https:\/\/www.panimotuju.fi\/?post_type=product&#038;p=19171"},"modified":"2026-04-30T16:00:34","modified_gmt":"2026-04-30T13:00:34","slug":"apex-brewing-co-swe-zephyr-ipa-2025-65","status":"publish","type":"product","link":"https:\/\/www.panimotuju.fi\/en\/product\/apex-brewing-co-swe-zephyr-ipa-2025-65\/","title":{"rendered":"Apex Brewing Co. (SWE) &#8211; Zephyr IPA 2025 6,5%"},"content":{"rendered":"<p><strong>Apex Brewing Company<\/strong> on todellinen micro-panimo Ruotsin \u00d6rebrosta. Kahden miehen panimo tuottaa olutta maltillisella kapasiteetilla keskittyen syviin makumaailmoihin ja rohkeaan humalakikkailuun. T\u00e4m\u00e4n panimon portfolio koostuukin mit\u00e4 mehukkaimmista IPA-oluista ja sen eri variaatioista.<\/p>\n<p><strong>Zephyr IPA 2025 6,5% | IPA<\/strong>: Nelson Sauvinilla ja Citralla humaloitu hazy IPA.<\/p>\n<p><strong>7,30\u20ac \/0,44L (16,59\u20ac\/L)<\/strong><\/p>","protected":false},"excerpt":{"rendered":"<p>Apex Brewing Company on todellinen micro-panimo Ruotsin \u00d6rebrosta. Kahden miehen panimo tuottaa olutta maltillisella kapasiteetilla keskittyen syviin makumaailmoihin ja rohkeaan humalakikkailuun. T\u00e4m\u00e4n panimon portfolio koostuukin mit\u00e4 mehukkaimmista IPA-oluista ja sen eri variaatioista. Zephyr IPA 2025 6,5% | IPA: Nelson Sauvinilla ja Citralla humaloitu hazy IPA. 7,30\u20ac \/0,44L (16,59\u20ac\/L)<\/p>","protected":false},"featured_media":19240,"template":"","meta":[],"product_brand":[],"product_cat":[62],"product_tag":[],"class_list":{"0":"post-19171","1":"product","2":"type-product","3":"status-publish","4":"has-post-thumbnail","6":"product_cat-vieras","8":"first","9":"instock","10":"taxable","11":"shipping-taxable","12":"purchasable","13":"product-type-simple"},"jetpack_sharing_enabled":true,"_links":{"self":[{"href":"https:\/\/www.panimotuju.fi\/en\/wp-json\/wp\/v2\/product\/19171","targetHints":{"allow":["GET"]}}],"collection":[{"href":"https:\/\/www.panimotuju.fi\/en\/wp-json\/wp\/v2\/product"}],"about":[{"href":"https:\/\/www.panimotuju.fi\/en\/wp-json\/wp\/v2\/types\/product"}],"wp:featuredmedia":[{"embeddable":true,"href":"https:\/\/www.panimotuju.fi\/en\/wp-json\/wp\/v2\/media\/19240"}],"wp:attachment":[{"href":"https:\/\/www.panimotuju.fi\/en\/wp-json\/wp\/v2\/media?parent=19171"}],"wp:term":[{"taxonomy":"product_brand","embeddable":true,"href":"https:\/\/www.panimotuju.fi\/en\/wp-json\/wp\/v2\/product_brand?post=19171"},{"taxonomy":"product_cat","embeddable":true,"href":"https:\/\/www.panimotuju.fi\/en\/wp-json\/wp\/v2\/product_cat?post=19171"},{"taxonomy":"product_tag","embeddable":true,"href":"https:\/\/www.panimotuju.fi\/en\/wp-json\/wp\/v2\/product_tag?post=19171"}],"curies":[{"name":"wp","href":"https:\/\/api.w.org\/{rel}","templated":true}]}}