{"id":19225,"date":"2025-11-10T13:24:31","date_gmt":"2025-11-10T11:24:31","guid":{"rendered":"https:\/\/www.panimotuju.fi\/?post_type=product&#038;p=19225"},"modified":"2026-04-23T16:04:52","modified_gmt":"2026-04-23T13:04:52","slug":"observatoriet-dk-tableau-45","status":"publish","type":"product","link":"https:\/\/www.panimotuju.fi\/en\/product\/observatoriet-dk-tableau-45\/","title":{"rendered":"Observatoriet (DK) &#8211; Tableau 4,5%"},"content":{"rendered":"<p><strong>Uutta Tuju Karelian Buysilta!<\/strong><\/p>\n<p><strong>Observatoriet<\/strong> sijaitsee Tanskan Skanderborgissa. Panimo tunnetaan villihiivalla k\u00e4ytetyist\u00e4 hapanoluistaan ja monivivahteisista \u201cwild ale\u201d -tyyleist\u00e4\u00e4n. Panimo yhdist\u00e4\u00e4 tieteellisen tarkkuuden ja taiteellisen k\u00e4sity\u00f6n, hy\u00f6dynt\u00e4en pitk\u00e4aikaista kypsytyst\u00e4 tammitynnyreiss\u00e4. Tuloksena on el\u00e4vi\u00e4, moniulotteisia oluita, joissa perinteet ja moderni oluenteko kohtaavat rohkeasti.<\/p>\n<p><strong>Tableau 4,5% | Table Wild Ale: <\/strong>Griseten tyyliin valmistettu ja Geuzen ominaispiirteit\u00e4 omaava, mutta panimon oman villihiivakannan ansiosta silti uniikki wild ale. Vaalea pilsnermallas, vehn\u00e4 ja villihiivat tuovat esiin eksoottisia makuja. Kuivahumaloitu H\u00fcll Melonilla ja Citralla. Helpon juotavuuden omaava!<\/p>\n<p><strong>9,50\u20ac \/ 0,375L (25,33\u20ac\/L)<\/strong><\/p>\n<p>&nbsp;<\/p>","protected":false},"excerpt":{"rendered":"<p>Uutta Tuju Karelian Buysilta! Observatoriet sijaitsee Tanskan Skanderborgissa. Panimo tunnetaan villihiivalla k\u00e4ytetyist\u00e4 hapanoluistaan ja monivivahteisista \u201cwild ale\u201d -tyyleist\u00e4\u00e4n. Panimo yhdist\u00e4\u00e4 tieteellisen tarkkuuden ja taiteellisen k\u00e4sity\u00f6n, hy\u00f6dynt\u00e4en pitk\u00e4aikaista kypsytyst\u00e4 tammitynnyreiss\u00e4. Tuloksena on el\u00e4vi\u00e4, moniulotteisia oluita, joissa perinteet ja moderni oluenteko kohtaavat rohkeasti. Tableau 4,5% | Table Wild Ale: Griseten tyyliin valmistettu ja Geuzen ominaispiirteit\u00e4 omaava, mutta &hellip; <\/p>\n<p class=\"link-more\"><a href=\"https:\/\/www.panimotuju.fi\/en\/product\/observatoriet-dk-tableau-45\/\" class=\"more-link\">Read more<span class=\"screen-reader-text\"> &#8221;Observatoriet (DK) &#8211; Tableau 4,5%&#8221;<\/span><\/a><\/p>","protected":false},"featured_media":19235,"template":"","meta":[],"product_brand":[],"product_cat":[62],"product_tag":[],"class_list":{"0":"post-19225","1":"product","2":"type-product","3":"status-publish","4":"has-post-thumbnail","6":"product_cat-vieras","8":"first","9":"instock","10":"taxable","11":"shipping-taxable","12":"purchasable","13":"product-type-simple"},"jetpack_sharing_enabled":true,"_links":{"self":[{"href":"https:\/\/www.panimotuju.fi\/en\/wp-json\/wp\/v2\/product\/19225","targetHints":{"allow":["GET"]}}],"collection":[{"href":"https:\/\/www.panimotuju.fi\/en\/wp-json\/wp\/v2\/product"}],"about":[{"href":"https:\/\/www.panimotuju.fi\/en\/wp-json\/wp\/v2\/types\/product"}],"wp:featuredmedia":[{"embeddable":true,"href":"https:\/\/www.panimotuju.fi\/en\/wp-json\/wp\/v2\/media\/19235"}],"wp:attachment":[{"href":"https:\/\/www.panimotuju.fi\/en\/wp-json\/wp\/v2\/media?parent=19225"}],"wp:term":[{"taxonomy":"product_brand","embeddable":true,"href":"https:\/\/www.panimotuju.fi\/en\/wp-json\/wp\/v2\/product_brand?post=19225"},{"taxonomy":"product_cat","embeddable":true,"href":"https:\/\/www.panimotuju.fi\/en\/wp-json\/wp\/v2\/product_cat?post=19225"},{"taxonomy":"product_tag","embeddable":true,"href":"https:\/\/www.panimotuju.fi\/en\/wp-json\/wp\/v2\/product_tag?post=19225"}],"curies":[{"name":"wp","href":"https:\/\/api.w.org\/{rel}","templated":true}]}}