{"id":19229,"date":"2025-11-10T13:50:55","date_gmt":"2025-11-10T11:50:55","guid":{"rendered":"https:\/\/www.panimotuju.fi\/?post_type=product&#038;p=19229"},"modified":"2026-04-24T13:51:31","modified_gmt":"2026-04-24T10:51:31","slug":"observatoriet-dk-rakel-65","status":"publish","type":"product","link":"https:\/\/www.panimotuju.fi\/en\/product\/observatoriet-dk-rakel-65\/","title":{"rendered":"Observatoriet (DK) &#8211; Rakel 6,5%"},"content":{"rendered":"<p><strong>Uutta Tuju Karelian Buysilta!<\/strong><\/p>\n<p><strong>Observatoriet<\/strong> sijaitsee Tanskan Skanderborgissa. Panimo tunnetaan villihiivalla k\u00e4ytetyist\u00e4 hapanoluistaan ja monivivahteisista \u201cwild ale\u201d -tyyleist\u00e4\u00e4n. Panimo yhdist\u00e4\u00e4 tieteellisen tarkkuuden ja taiteellisen k\u00e4sity\u00f6n, hy\u00f6dynt\u00e4en pitk\u00e4aikaista kypsytyst\u00e4 tammitynnyreiss\u00e4. Tuloksena on el\u00e4vi\u00e4, moniulotteisia oluita, joissa perinteet ja moderni oluenteko kohtaavat rohkeasti.<\/p>\n<p><strong>Rakel 6,5% | Wild Ale: <\/strong>Suomyrtill\u00e4 maustettu wild ale. Kypsytetty tammitynnyreiss\u00e4 9kk.<\/p>\n<p><strong>11,70\u20ac \/ 0,375L (31,20\u20ac\/L)<\/strong><\/p>\n<p>&nbsp;<\/p>","protected":false},"excerpt":{"rendered":"<p>Uutta Tuju Karelian Buysilta! Observatoriet sijaitsee Tanskan Skanderborgissa. Panimo tunnetaan villihiivalla k\u00e4ytetyist\u00e4 hapanoluistaan ja monivivahteisista \u201cwild ale\u201d -tyyleist\u00e4\u00e4n. Panimo yhdist\u00e4\u00e4 tieteellisen tarkkuuden ja taiteellisen k\u00e4sity\u00f6n, hy\u00f6dynt\u00e4en pitk\u00e4aikaista kypsytyst\u00e4 tammitynnyreiss\u00e4. Tuloksena on el\u00e4vi\u00e4, moniulotteisia oluita, joissa perinteet ja moderni oluenteko kohtaavat rohkeasti. Rakel 6,5% | Wild Ale: Suomyrtill\u00e4 maustettu wild ale. Kypsytetty tammitynnyreiss\u00e4 9kk. 11,70\u20ac \/ &hellip; <\/p>\n<p class=\"link-more\"><a href=\"https:\/\/www.panimotuju.fi\/en\/product\/observatoriet-dk-rakel-65\/\" class=\"more-link\">Read more<span class=\"screen-reader-text\"> &#8221;Observatoriet (DK) &#8211; Rakel 6,5%&#8221;<\/span><\/a><\/p>","protected":false},"featured_media":19332,"template":"","meta":[],"product_brand":[],"product_cat":[62],"product_tag":[],"class_list":{"0":"post-19229","1":"product","2":"type-product","3":"status-publish","4":"has-post-thumbnail","6":"product_cat-vieras","8":"first","9":"instock","10":"taxable","11":"shipping-taxable","12":"purchasable","13":"product-type-simple"},"jetpack_sharing_enabled":true,"_links":{"self":[{"href":"https:\/\/www.panimotuju.fi\/en\/wp-json\/wp\/v2\/product\/19229","targetHints":{"allow":["GET"]}}],"collection":[{"href":"https:\/\/www.panimotuju.fi\/en\/wp-json\/wp\/v2\/product"}],"about":[{"href":"https:\/\/www.panimotuju.fi\/en\/wp-json\/wp\/v2\/types\/product"}],"wp:featuredmedia":[{"embeddable":true,"href":"https:\/\/www.panimotuju.fi\/en\/wp-json\/wp\/v2\/media\/19332"}],"wp:attachment":[{"href":"https:\/\/www.panimotuju.fi\/en\/wp-json\/wp\/v2\/media?parent=19229"}],"wp:term":[{"taxonomy":"product_brand","embeddable":true,"href":"https:\/\/www.panimotuju.fi\/en\/wp-json\/wp\/v2\/product_brand?post=19229"},{"taxonomy":"product_cat","embeddable":true,"href":"https:\/\/www.panimotuju.fi\/en\/wp-json\/wp\/v2\/product_cat?post=19229"},{"taxonomy":"product_tag","embeddable":true,"href":"https:\/\/www.panimotuju.fi\/en\/wp-json\/wp\/v2\/product_tag?post=19229"}],"curies":[{"name":"wp","href":"https:\/\/api.w.org\/{rel}","templated":true}]}}